{"id":1708,"date":"2017-11-08T15:03:48","date_gmt":"2017-11-08T14:03:48","guid":{"rendered":"http:\/\/www.challenge-agriculture.fr\/?page_id=1708"},"modified":"2021-04-25T08:20:05","modified_gmt":"2021-04-25T06:20:05","slug":"irrinov-arvalis-method","status":"publish","type":"page","link":"https:\/\/www.challenge-agriculture.fr\/en\/tensiometry\/irrinov-arvalis-method\/","title":{"rendered":"IRRINOV \u00ae Arvalis method"},"content":{"rendered":"\t\t<div data-elementor-type=\"wp-page\" data-elementor-id=\"1708\" class=\"elementor elementor-1708 elementor-125\" data-elementor-post-type=\"page\">\n\t\t\t\t\t\t<section class=\"elementor-section elementor-top-section elementor-element elementor-element-59352d77 elementor-section-boxed elementor-section-height-default elementor-section-height-default\" data-id=\"59352d77\" data-element_type=\"section\">\n\t\t\t\t\t\t<div class=\"elementor-container elementor-column-gap-default\">\n\t\t\t\t\t<div class=\"elementor-column elementor-col-100 elementor-top-column elementor-element elementor-element-3d59d32d\" data-id=\"3d59d32d\" data-element_type=\"column\">\n\t\t\t<div class=\"elementor-widget-wrap elementor-element-populated\">\n\t\t\t\t\t\t<div class=\"elementor-element elementor-element-e11b0f5 elementor-widget elementor-widget-text-editor\" data-id=\"e11b0f5\" data-element_type=\"widget\" data-widget_type=\"text-editor.default\">\n\t\t\t\t<div class=\"elementor-widget-container\">\n\t\t\t\t\t\t\t\t\t<p><a href=\"http:\/\/www.irrinov.arvalisinstitutduvegetal.fr\/irrinov.asp\" target=\"_blank\" rel=\"noopener noreferrer\">ARVALIS (Institut du V\u00e9getal)<\/a> anciennement ITCF, avec qui nous avons collabor\u00e9, entre autres\u00a0 personnes, avec <strong>Alain Bouthier<\/strong> et <strong>Jean-Marc Deumier<\/strong>, publie sur son site la <a href=\"http:\/\/www.irrinov.arvalisinstitutduvegetal.fr\/irrinov.asp\" target=\"_blank\" rel=\"noopener noreferrer\">m\u00e9thode IRRINOV<\/a> sous forme de guides utilisateur par culture et par r\u00e9gion, qui d\u00e9crivent comment utiliser les outils pour <strong>piloter son irrigation<\/strong>, selon les stades, les sols et les cultures. Sur le principe d&#8217;un tour d&#8217;eau adapt\u00e9 au contexte, modifi\u00e9 par un jeu de <strong>seuils tensiom\u00e9triques<\/strong>.<\/p><div class=\"grid col-460 fit\"><a href=\"http:\/\/www.irrinov.arvalisinstitutduvegetal.fr\/irrinov.asp\" target=\"_blank\" rel=\"noopener noreferrer\"><img decoding=\"async\" class=\"alignnone wp-image-487 size-full\" src=\"\/wp-content\/uploads\/2016\/02\/Irrinov.png\" alt=\"IRRINOV \u00ae\" width=\"200\" height=\"58\" \/><\/a><\/div><div class=\"grid col-460\"><a href=\"http:\/\/www.irrinov.arvalisinstitutduvegetal.fr\/irrinov.asp\" target=\"_blank\" rel=\"noopener noreferrer\"><img decoding=\"async\" class=\"alignnone wp-image-488 size-full\" src=\"\/wp-content\/uploads\/2016\/02\/Arvalis.png\" alt=\"Arvalis\" width=\"200\" height=\"99\" \/><\/a><\/div>\t\t\t\t\t\t\t\t<\/div>\n\t\t\t\t<\/div>\n\t\t\t\t\t<\/div>\n\t\t<\/div>\n\t\t\t\t\t<\/div>\n\t\t<\/section>\n\t\t\t\t<\/div>\n\t\t","protected":false},"excerpt":{"rendered":"<p>ARVALIS (Institut du V\u00e9getal) anciennement ITCF, avec qui nous avons collabor\u00e9, entre autres&nbsp; personnes, avec Alain Bouthier et Jean-Marc Deumier, publie sur son site la m\u00e9thode IRRINOV sous forme de guides utilisateur par culture et par r\u00e9gion, qui d\u00e9crivent comment utiliser les outils pour piloter son irrigation, selon les stades, les sols et les cultures. [&hellip;]<\/p>\n","protected":false},"author":3,"featured_media":0,"parent":80,"menu_order":19,"comment_status":"closed","ping_status":"closed","template":"","meta":{"_acf_changed":false,"ocean_post_layout":"","ocean_both_sidebars_style":"","ocean_both_sidebars_content_width":0,"ocean_both_sidebars_sidebars_width":0,"ocean_sidebar":"0","ocean_second_sidebar":"0","ocean_disable_margins":"enable","ocean_add_body_class":"","ocean_shortcode_before_top_bar":"","ocean_shortcode_after_top_bar":"","ocean_shortcode_before_header":"","ocean_shortcode_after_header":"","ocean_has_shortcode":"","ocean_shortcode_after_title":"","ocean_shortcode_before_footer_widgets":"","ocean_shortcode_after_footer_widgets":"","ocean_shortcode_before_footer_bottom":"","ocean_shortcode_after_footer_bottom":"","ocean_display_top_bar":"default","ocean_display_header":"default","ocean_header_style":"","ocean_center_header_left_menu":"0","ocean_custom_header_template":"0","ocean_custom_logo":0,"ocean_custom_retina_logo":0,"ocean_custom_logo_max_width":0,"ocean_custom_logo_tablet_max_width":0,"ocean_custom_logo_mobile_max_width":0,"ocean_custom_logo_max_height":0,"ocean_custom_logo_tablet_max_height":0,"ocean_custom_logo_mobile_max_height":0,"ocean_header_custom_menu":"0","ocean_menu_typo_font_family":"0","ocean_menu_typo_font_subset":"","ocean_menu_typo_font_size":0,"ocean_menu_typo_font_size_tablet":0,"ocean_menu_typo_font_size_mobile":0,"ocean_menu_typo_font_size_unit":"px","ocean_menu_typo_font_weight":"","ocean_menu_typo_font_weight_tablet":"","ocean_menu_typo_font_weight_mobile":"","ocean_menu_typo_transform":"","ocean_menu_typo_transform_tablet":"","ocean_menu_typo_transform_mobile":"","ocean_menu_typo_line_height":0,"ocean_menu_typo_line_height_tablet":0,"ocean_menu_typo_line_height_mobile":0,"ocean_menu_typo_line_height_unit":"","ocean_menu_typo_spacing":0,"ocean_menu_typo_spacing_tablet":0,"ocean_menu_typo_spacing_mobile":0,"ocean_menu_typo_spacing_unit":"","ocean_menu_link_color":"","ocean_menu_link_color_hover":"","ocean_menu_link_color_active":"","ocean_menu_link_background":"","ocean_menu_link_hover_background":"","ocean_menu_link_active_background":"","ocean_menu_social_links_bg":"","ocean_menu_social_hover_links_bg":"","ocean_menu_social_links_color":"","ocean_menu_social_hover_links_color":"","ocean_disable_title":"default","ocean_disable_heading":"default","ocean_post_title":"","ocean_post_subheading":"","ocean_post_title_style":"","ocean_post_title_background_color":"","ocean_post_title_background":0,"ocean_post_title_bg_image_position":"","ocean_post_title_bg_image_attachment":"","ocean_post_title_bg_image_repeat":"","ocean_post_title_bg_image_size":"","ocean_post_title_height":0,"ocean_post_title_bg_overlay":0.5,"ocean_post_title_bg_overlay_color":"","ocean_disable_breadcrumbs":"default","ocean_breadcrumbs_color":"","ocean_breadcrumbs_separator_color":"","ocean_breadcrumbs_links_color":"","ocean_breadcrumbs_links_hover_color":"","ocean_display_footer_widgets":"default","ocean_display_footer_bottom":"default","ocean_custom_footer_template":"0","footnotes":""},"class_list":["post-1708","page","type-page","status-publish","hentry","entry","owp-thumbs-layout-horizontal","owp-btn-big","owp-tabs-layout-horizontal","has-no-thumbnails","has-product-nav"],"acf":[],"yoast_head":"<!-- This site is optimized with the Yoast SEO plugin v25.2 - https:\/\/yoast.com\/wordpress\/plugins\/seo\/ -->\n<title>Tensiometry : Arvalis and Irrinov method &#x2d; Challenge agriculture<\/title>\n<meta name=\"description\" content=\"Tensiometry : Arvalis and Irrinov method. Service distributed by Challenge agriculture, made in France.\" \/>\n<meta name=\"robots\" content=\"index, follow, max-snippet:-1, max-image-preview:large, max-video-preview:-1\" \/>\n<link rel=\"canonical\" href=\"https:\/\/www.challenge-agriculture.fr\/en\/tensiometry\/irrinov-arvalis-method\/\" \/>\n<meta property=\"og:locale\" content=\"fr_FR\" \/>\n<meta property=\"og:type\" content=\"article\" \/>\n<meta property=\"og:title\" content=\"Tensiometry : Arvalis and Irrinov method &#x2d; Challenge agriculture\" \/>\n<meta property=\"og:description\" content=\"Tensiometry : Arvalis and Irrinov method. Service distributed by Challenge agriculture, made in France.\" \/>\n<meta property=\"og:url\" content=\"https:\/\/www.challenge-agriculture.fr\/en\/tensiometry\/irrinov-arvalis-method\/\" \/>\n<meta property=\"og:site_name\" content=\"Challenge Agriculture\" \/>\n<meta property=\"article:modified_time\" content=\"2021-04-25T06:20:05+00:00\" \/>\n<meta property=\"og:image\" content=\"https:\/\/www.challenge-agriculture.fr\/wp-content\/uploads\/2016\/02\/Irrinov.png\" \/>\n<meta name=\"twitter:card\" content=\"summary_large_image\" \/>\n<script type=\"application\/ld+json\" class=\"yoast-schema-graph\">{\"@context\":\"https:\/\/schema.org\",\"@graph\":[{\"@type\":\"WebPage\",\"@id\":\"https:\/\/www.challenge-agriculture.fr\/en\/tensiometry\/irrinov-arvalis-method\/\",\"url\":\"https:\/\/www.challenge-agriculture.fr\/en\/tensiometry\/irrinov-arvalis-method\/\",\"name\":\"Tensiometry : Arvalis and Irrinov method &#x2d; Challenge agriculture\",\"isPartOf\":{\"@id\":\"https:\/\/www.challenge-agriculture.fr\/#website\"},\"datePublished\":\"2017-11-08T14:03:48+00:00\",\"dateModified\":\"2021-04-25T06:20:05+00:00\",\"description\":\"Tensiometry : Arvalis and Irrinov method. Service distributed by Challenge agriculture, made in France.\",\"breadcrumb\":{\"@id\":\"https:\/\/www.challenge-agriculture.fr\/en\/tensiometry\/irrinov-arvalis-method\/#breadcrumb\"},\"inLanguage\":\"en-US\",\"potentialAction\":[{\"@type\":\"ReadAction\",\"target\":[\"https:\/\/www.challenge-agriculture.fr\/en\/tensiometry\/irrinov-arvalis-method\/\"]}]},{\"@type\":\"BreadcrumbList\",\"@id\":\"https:\/\/www.challenge-agriculture.fr\/en\/tensiometry\/irrinov-arvalis-method\/#breadcrumb\",\"itemListElement\":[{\"@type\":\"ListItem\",\"position\":1,\"name\":\"Home\",\"item\":\"https:\/\/www.challenge-agriculture.fr\/en\/\"},{\"@type\":\"ListItem\",\"position\":2,\"name\":\"Tensiometry\",\"item\":\"https:\/\/www.challenge-agriculture.fr\/en\/tensiometry\/\"},{\"@type\":\"ListItem\",\"position\":3,\"name\":\"IRRINOV \u00ae Arvalis method\"}]},{\"@type\":\"WebSite\",\"@id\":\"https:\/\/www.challenge-agriculture.fr\/#website\",\"url\":\"https:\/\/www.challenge-agriculture.fr\/\",\"name\":\"Challenge Agriculture\",\"description\":\"\",\"publisher\":{\"@id\":\"https:\/\/www.challenge-agriculture.fr\/#organization\"},\"potentialAction\":[{\"@type\":\"SearchAction\",\"target\":{\"@type\":\"EntryPoint\",\"urlTemplate\":\"https:\/\/www.challenge-agriculture.fr\/?s={search_term_string}\"},\"query-input\":{\"@type\":\"PropertyValueSpecification\",\"valueRequired\":true,\"valueName\":\"search_term_string\"}}],\"inLanguage\":\"en-US\"},{\"@type\":\"Organization\",\"@id\":\"https:\/\/www.challenge-agriculture.fr\/#organization\",\"name\":\"Challenge Agriculture\",\"url\":\"https:\/\/www.challenge-agriculture.fr\/\",\"logo\":{\"@type\":\"ImageObject\",\"inLanguage\":\"en-US\",\"@id\":\"https:\/\/www.challenge-agriculture.fr\/#\/schema\/logo\/image\/\",\"url\":\"https:\/\/www.challenge-agriculture.fr\/wp-content\/uploads\/2020\/02\/logo-doc.png\",\"contentUrl\":\"https:\/\/www.challenge-agriculture.fr\/wp-content\/uploads\/2020\/02\/logo-doc.png\",\"width\":1497,\"height\":355,\"caption\":\"Challenge Agriculture\"},\"image\":{\"@id\":\"https:\/\/www.challenge-agriculture.fr\/#\/schema\/logo\/image\/\"}}]}<\/script>\n<!-- \/ Yoast SEO plugin. -->","yoast_head_json":{"title":"Tensiometry : Arvalis and Irrinov method &#x2d; Challenge agriculture","description":"Tensiometry : Arvalis and Irrinov method. Service distributed by Challenge agriculture, made in France.","robots":{"index":"index","follow":"follow","max-snippet":"max-snippet:-1","max-image-preview":"max-image-preview:large","max-video-preview":"max-video-preview:-1"},"canonical":"https:\/\/www.challenge-agriculture.fr\/en\/tensiometry\/irrinov-arvalis-method\/","og_locale":"fr_FR","og_type":"article","og_title":"Tensiometry : Arvalis and Irrinov method &#x2d; Challenge agriculture","og_description":"Tensiometry : Arvalis and Irrinov method. Service distributed by Challenge agriculture, made in France.","og_url":"https:\/\/www.challenge-agriculture.fr\/en\/tensiometry\/irrinov-arvalis-method\/","og_site_name":"Challenge Agriculture","article_modified_time":"2021-04-25T06:20:05+00:00","og_image":[{"url":"https:\/\/www.challenge-agriculture.fr\/wp-content\/uploads\/2016\/02\/Irrinov.png","type":"","width":"","height":""}],"twitter_card":"summary_large_image","schema":{"@context":"https:\/\/schema.org","@graph":[{"@type":"WebPage","@id":"https:\/\/www.challenge-agriculture.fr\/en\/tensiometry\/irrinov-arvalis-method\/","url":"https:\/\/www.challenge-agriculture.fr\/en\/tensiometry\/irrinov-arvalis-method\/","name":"Tensiometry : Arvalis and Irrinov method &#x2d; Challenge agriculture","isPartOf":{"@id":"https:\/\/www.challenge-agriculture.fr\/#website"},"datePublished":"2017-11-08T14:03:48+00:00","dateModified":"2021-04-25T06:20:05+00:00","description":"Tensiometry : Arvalis and Irrinov method. Service distributed by Challenge agriculture, made in France.","breadcrumb":{"@id":"https:\/\/www.challenge-agriculture.fr\/en\/tensiometry\/irrinov-arvalis-method\/#breadcrumb"},"inLanguage":"en-US","potentialAction":[{"@type":"ReadAction","target":["https:\/\/www.challenge-agriculture.fr\/en\/tensiometry\/irrinov-arvalis-method\/"]}]},{"@type":"BreadcrumbList","@id":"https:\/\/www.challenge-agriculture.fr\/en\/tensiometry\/irrinov-arvalis-method\/#breadcrumb","itemListElement":[{"@type":"ListItem","position":1,"name":"Home","item":"https:\/\/www.challenge-agriculture.fr\/en\/"},{"@type":"ListItem","position":2,"name":"Tensiometry","item":"https:\/\/www.challenge-agriculture.fr\/en\/tensiometry\/"},{"@type":"ListItem","position":3,"name":"IRRINOV \u00ae Arvalis method"}]},{"@type":"WebSite","@id":"https:\/\/www.challenge-agriculture.fr\/#website","url":"https:\/\/www.challenge-agriculture.fr\/","name":"Challenge Agriculture","description":"","publisher":{"@id":"https:\/\/www.challenge-agriculture.fr\/#organization"},"potentialAction":[{"@type":"SearchAction","target":{"@type":"EntryPoint","urlTemplate":"https:\/\/www.challenge-agriculture.fr\/?s={search_term_string}"},"query-input":{"@type":"PropertyValueSpecification","valueRequired":true,"valueName":"search_term_string"}}],"inLanguage":"en-US"},{"@type":"Organization","@id":"https:\/\/www.challenge-agriculture.fr\/#organization","name":"Challenge Agriculture","url":"https:\/\/www.challenge-agriculture.fr\/","logo":{"@type":"ImageObject","inLanguage":"en-US","@id":"https:\/\/www.challenge-agriculture.fr\/#\/schema\/logo\/image\/","url":"https:\/\/www.challenge-agriculture.fr\/wp-content\/uploads\/2020\/02\/logo-doc.png","contentUrl":"https:\/\/www.challenge-agriculture.fr\/wp-content\/uploads\/2020\/02\/logo-doc.png","width":1497,"height":355,"caption":"Challenge Agriculture"},"image":{"@id":"https:\/\/www.challenge-agriculture.fr\/#\/schema\/logo\/image\/"}}]}},"_links":{"self":[{"href":"https:\/\/www.challenge-agriculture.fr\/en\/wp-json\/wp\/v2\/pages\/1708","targetHints":{"allow":["GET"]}}],"collection":[{"href":"https:\/\/www.challenge-agriculture.fr\/en\/wp-json\/wp\/v2\/pages"}],"about":[{"href":"https:\/\/www.challenge-agriculture.fr\/en\/wp-json\/wp\/v2\/types\/page"}],"author":[{"embeddable":true,"href":"https:\/\/www.challenge-agriculture.fr\/en\/wp-json\/wp\/v2\/users\/3"}],"replies":[{"embeddable":true,"href":"https:\/\/www.challenge-agriculture.fr\/en\/wp-json\/wp\/v2\/comments?post=1708"}],"version-history":[{"count":6,"href":"https:\/\/www.challenge-agriculture.fr\/en\/wp-json\/wp\/v2\/pages\/1708\/revisions"}],"predecessor-version":[{"id":28759,"href":"https:\/\/www.challenge-agriculture.fr\/en\/wp-json\/wp\/v2\/pages\/1708\/revisions\/28759"}],"up":[{"embeddable":true,"href":"https:\/\/www.challenge-agriculture.fr\/en\/wp-json\/wp\/v2\/pages\/80"}],"wp:attachment":[{"href":"https:\/\/www.challenge-agriculture.fr\/en\/wp-json\/wp\/v2\/media?parent=1708"}],"curies":[{"name":"wp","href":"https:\/\/api.w.org\/{rel}","templated":true}]}}