{"id":1759,"date":"2017-11-10T15:05:47","date_gmt":"2017-11-10T14:05:47","guid":{"rendered":"http:\/\/www.challenge-agriculture.fr\/?page_id=1759"},"modified":"2021-06-01T23:21:50","modified_gmt":"2021-06-01T21:21:50","slug":"melon-exemple","status":"publish","type":"page","link":"https:\/\/www.challenge-agriculture.fr\/en\/equipment\/prices-and-costs\/melon-exemple\/","title":{"rendered":"Pilotage de l&#8217;irrigation : l&#8217;exemple du melon"},"content":{"rendered":"\t\t<div data-elementor-type=\"wp-page\" data-elementor-id=\"1759\" class=\"elementor elementor-1759 elementor-123\" data-elementor-post-type=\"page\">\n\t\t\t\t\t\t<section class=\"elementor-section elementor-top-section elementor-element elementor-element-2846fb70 elementor-section-boxed elementor-section-height-default elementor-section-height-default\" data-id=\"2846fb70\" data-element_type=\"section\">\n\t\t\t\t\t\t<div class=\"elementor-container elementor-column-gap-default\">\n\t\t\t\t\t<div class=\"elementor-column elementor-col-100 elementor-top-column elementor-element elementor-element-5b975efc\" data-id=\"5b975efc\" data-element_type=\"column\">\n\t\t\t<div class=\"elementor-widget-wrap elementor-element-populated\">\n\t\t\t\t\t\t<div class=\"elementor-element elementor-element-383dfb elementor-widget elementor-widget-text-editor\" data-id=\"383dfb\" data-element_type=\"widget\" data-widget_type=\"text-editor.default\">\n\t\t\t\t<div class=\"elementor-widget-container\">\n\t\t\t\t\t\t\t\t\t<h2>Le Pilotage de l&#8217;irrigation est le parent pauvre de la culture du melon<\/h2><p>Article de presse complet : <a href=\"\/wp-content\/uploads\/2016\/02\/Melon.pdf\">Hors s\u00e9rie de &#8220;Culture L\u00e9gumi\u00e8res&#8221; &#8211; Novembre 2006 <\/a><\/p><p>La solution de<strong> <a href=\"https:\/\/www.challenge-agriculture.fr\/materiel\/sondes-watermark\/\">sondes tensiom\u00e9triques Watermark<\/a><\/strong> avec acquisition par <strong>Monitor<\/strong> permet un <strong>Pilotage parfait de l&#8217;irrigation<\/strong>, notamment goutte \u00e0 goutte. Il permet d&#8217;obtenir des r\u00e9sultats spectaculaires.<\/p><h2>Exemple chez Jean-Fran\u00e7ois Dabilly<\/h2><p>45 ha de melon en <strong><a href=\"http:\/\/www.melon-hautpoitou.fr\/fr\/label-igp\/\">IGP Haut Poitou<\/a><\/strong> :<\/p><p><img decoding=\"async\" class=\"size-full wp-image-369\" src=\"\/wp-content\/uploads\/2016\/02\/IGP.png\" alt=\"IGP\" align=\"left\" \/><\/p><ul><li>7 ha sous chenille<\/li><li>15 ha en 500 trous<\/li><li>21 ha plein champ<\/li><\/ul><h2>\u00c9tat des lieux<\/h2><p>Produire un hectare de melon co\u00fbte cher, de l&#8217;ordre de 10 000 \u20ac\/ha.<br \/>35% concerne la main d&#8217;\u0153uvre, 65% l&#8217;installation de la culture.<br \/>Malgr\u00e9 cette avance en culture importante, le Pilotage de l&#8217;irrigation est souvent laiss\u00e9 pour compte.<\/p><p>&#8220;Sous chenille, on ne ma\u00eetrise pas correctement&#8221;, reconna\u00eet JF Dabilly.<br \/>Avant de <strong>Piloter l&#8217;irrigation<\/strong>, le rendement obtenu depuis 10 ans tournait autour de 17-18 T\/ha (irrigu\u00e9 en goutte-\u00e0-goutte sans pilotage).<\/p><p>Culture nomade par d\u00e9finition, puisqu&#8217;un melon ne peut revenir au m\u00eame endroit avant 5 ans.<br \/>Les parcelles sont lou\u00e9es aux voisins autour de 2 stations de pompage d\u00e9bitant 40 m3\/H.<br \/>M. Dabilly investit dans le r\u00e9seau primaire en diam\u00e8tre 90 enterr\u00e9 et installe une borne en bout de parcelles, ce qui est appr\u00e9ci\u00e9 par le propri\u00e9taire. Les chenilles sont \u00e9quip\u00e9es de gaine goutte \u00e0 goutte jetable (d\u00e9bit 12 m3\/ha\/heure, longueur maxi 150 m, remplissage de 10 mn).<\/p><p>Souvent, l&#8217;eau n&#8217;est disponible pour le melon que 2 jours par semaine, \u00e0 cause de la concurrence du ma\u00efs.<br \/>Les vannes de secteur \u00e9taient actionn\u00e9es manuellement avec des temps d&#8217;ouverture continue de 5 heures, cas malheureusement classique.<br \/>Ce syst\u00e8me de production ignore le fractionnement et le Pilotage, essentiels en goutte-\u00e0-goutte.<\/p><h2>Mise en place<\/h2><p><img decoding=\"async\" class=\"size-full wp-image-374\" src=\"\/wp-content\/uploads\/2016\/02\/cultureMelon.jpg\" alt=\"cultureMelon\" align=\"right\" \/><strong>Challenge Agriculture<\/strong> a \u00e9quip\u00e9 les producteurs de la r\u00e9gion depuis plus de 10 ans en <strong>sondes Watermark<\/strong> \u00e0 lecture manuelle.<br \/>Ils ont utilis\u00e9 la <strong>tensiom\u00e9trie<\/strong> comme garde-fou, sans plus.<br \/>Depuis 2 ans avec Monitor, nous avons entrepris un <strong>Pilotage tensiom\u00e9trique<\/strong> du Goutte \u00e0 Goutte sur melon, en r\u00e9gion Poitou-Charentes.<br \/>M.Dabilly a \u00e9t\u00e9 suivi en 2006 par sa technicienne <strong>Isabelle Devant<\/strong> &#8211; Syndicat des producteurs de Fruits et L\u00e9gumes de Val de Vienne.<\/p><p><strong>Le mat\u00e9riel install\u00e9 : 1 Monitor Watermark<\/strong><br \/><strong>+ 6 sondes Watermark<\/strong> (cl\u00e9 en main pour 830 \u20ac HT) sur 7 ha de chenille.<br \/>Le bo\u00eetier rel\u00e8ve les donn\u00e9es des sondes toutes les 4 heures.<br \/>JF Dabilly le rel\u00e8ve sur son ordinateur 1 fois par semaine, et re\u00e7oit un conseil hebdomadaire de sa technicienne.<br \/><u>R\u00e9sultat<\/u> : on passe du rendement en irrigu\u00e9 non pilot\u00e9 de 17-18 T\/ha obtenu depuis 10 ans \u00e0 22 T\/ha en pilot\u00e9 Monitor 2006&#8230;<br \/>Et la qualit\u00e9 au rendez-vous.<br \/>Le gain : 4 T\/ha<\/p><h2>Rentabilit\u00e9<\/h2><p>Monitor <strong>co\u00fbte 400 kg\/an de melon<\/strong> et, dans ce cas, <strong>rapporte 28 Tonnes\/an<\/strong> (sur 7 ha de chenille).<br \/>Sans compter le volume d&#8217;eau \u00e9conomis\u00e9 : le pilotage Monitor a permis de descendre \u00e0 un volume d&#8217;eau de l&#8217;ordre de 500 m3\/ha en 2005 et en 2006 sur IGP Haut-Poitou (2 ann\u00e9es particuli\u00e8rement s\u00e8ches).<\/p>\t\t\t\t\t\t\t\t<\/div>\n\t\t\t\t<\/div>\n\t\t\t\t\t<\/div>\n\t\t<\/div>\n\t\t\t\t\t<\/div>\n\t\t<\/section>\n\t\t\t\t<\/div>\n\t\t","protected":false},"excerpt":{"rendered":"<p>Le Pilotage de l&#8217;irrigation est le parent pauvre de la culture du melon Article de presse complet : Hors s\u00e9rie de &#8220;Culture L\u00e9gumi\u00e8res&#8221; &#8211; Novembre 2006 La solution de sondes tensiom\u00e9triques Watermark avec acquisition par Monitor permet un Pilotage parfait de l&#8217;irrigation, notamment goutte \u00e0 goutte. Il permet d&#8217;obtenir des r\u00e9sultats spectaculaires. Exemple chez Jean-Fran\u00e7ois [&hellip;]<\/p>\n","protected":false},"author":3,"featured_media":0,"parent":1734,"menu_order":0,"comment_status":"closed","ping_status":"closed","template":"","meta":{"_acf_changed":false,"ocean_post_layout":"","ocean_both_sidebars_style":"","ocean_both_sidebars_content_width":0,"ocean_both_sidebars_sidebars_width":0,"ocean_sidebar":"0","ocean_second_sidebar":"0","ocean_disable_margins":"enable","ocean_add_body_class":"","ocean_shortcode_before_top_bar":"","ocean_shortcode_after_top_bar":"","ocean_shortcode_before_header":"","ocean_shortcode_after_header":"","ocean_has_shortcode":"","ocean_shortcode_after_title":"","ocean_shortcode_before_footer_widgets":"","ocean_shortcode_after_footer_widgets":"","ocean_shortcode_before_footer_bottom":"","ocean_shortcode_after_footer_bottom":"","ocean_display_top_bar":"default","ocean_display_header":"default","ocean_header_style":"","ocean_center_header_left_menu":"0","ocean_custom_header_template":"0","ocean_custom_logo":0,"ocean_custom_retina_logo":0,"ocean_custom_logo_max_width":0,"ocean_custom_logo_tablet_max_width":0,"ocean_custom_logo_mobile_max_width":0,"ocean_custom_logo_max_height":0,"ocean_custom_logo_tablet_max_height":0,"ocean_custom_logo_mobile_max_height":0,"ocean_header_custom_menu":"0","ocean_menu_typo_font_family":"0","ocean_menu_typo_font_subset":"","ocean_menu_typo_font_size":0,"ocean_menu_typo_font_size_tablet":0,"ocean_menu_typo_font_size_mobile":0,"ocean_menu_typo_font_size_unit":"px","ocean_menu_typo_font_weight":"","ocean_menu_typo_font_weight_tablet":"","ocean_menu_typo_font_weight_mobile":"","ocean_menu_typo_transform":"","ocean_menu_typo_transform_tablet":"","ocean_menu_typo_transform_mobile":"","ocean_menu_typo_line_height":0,"ocean_menu_typo_line_height_tablet":0,"ocean_menu_typo_line_height_mobile":0,"ocean_menu_typo_line_height_unit":"","ocean_menu_typo_spacing":0,"ocean_menu_typo_spacing_tablet":0,"ocean_menu_typo_spacing_mobile":0,"ocean_menu_typo_spacing_unit":"","ocean_menu_link_color":"","ocean_menu_link_color_hover":"","ocean_menu_link_color_active":"","ocean_menu_link_background":"","ocean_menu_link_hover_background":"","ocean_menu_link_active_background":"","ocean_menu_social_links_bg":"","ocean_menu_social_hover_links_bg":"","ocean_menu_social_links_color":"","ocean_menu_social_hover_links_color":"","ocean_disable_title":"default","ocean_disable_heading":"default","ocean_post_title":"","ocean_post_subheading":"","ocean_post_title_style":"","ocean_post_title_background_color":"","ocean_post_title_background":0,"ocean_post_title_bg_image_position":"","ocean_post_title_bg_image_attachment":"","ocean_post_title_bg_image_repeat":"","ocean_post_title_bg_image_size":"","ocean_post_title_height":0,"ocean_post_title_bg_overlay":0.5,"ocean_post_title_bg_overlay_color":"","ocean_disable_breadcrumbs":"default","ocean_breadcrumbs_color":"","ocean_breadcrumbs_separator_color":"","ocean_breadcrumbs_links_color":"","ocean_breadcrumbs_links_hover_color":"","ocean_display_footer_widgets":"default","ocean_display_footer_bottom":"default","ocean_custom_footer_template":"0","footnotes":""},"class_list":["post-1759","page","type-page","status-publish","hentry","entry","owp-thumbs-layout-horizontal","owp-btn-big","owp-tabs-layout-horizontal","has-no-thumbnails","has-product-nav"],"acf":[],"yoast_head":"<!-- This site is optimized with the Yoast SEO plugin v25.2 - https:\/\/yoast.com\/wordpress\/plugins\/seo\/ -->\n<title>Casestudy : melon growing - Challenge agriculture<\/title>\n<meta name=\"description\" content=\"Article de presse complet : Hors s\u00e9rie de &quot;Culture L\u00e9gumi\u00e8res&quot; \u2013 Novembre 2006 La solution de sondes tensiom\u00e9triques Watermark avec acquisition par Monitor...\" \/>\n<meta name=\"robots\" content=\"index, follow, max-snippet:-1, max-image-preview:large, max-video-preview:-1\" \/>\n<link rel=\"canonical\" href=\"https:\/\/www.challenge-agriculture.fr\/en\/equipment\/prices-and-costs\/melon-exemple\/\" \/>\n<meta property=\"og:locale\" content=\"fr_FR\" \/>\n<meta property=\"og:type\" content=\"article\" \/>\n<meta property=\"og:title\" content=\"Casestudy : melon growing - Challenge agriculture\" \/>\n<meta property=\"og:description\" content=\"Article de presse complet : Hors s\u00e9rie de &quot;Culture L\u00e9gumi\u00e8res&quot; \u2013 Novembre 2006 La solution de sondes tensiom\u00e9triques Watermark avec acquisition par Monitor...\" \/>\n<meta property=\"og:url\" content=\"https:\/\/www.challenge-agriculture.fr\/en\/equipment\/prices-and-costs\/melon-exemple\/\" \/>\n<meta property=\"og:site_name\" content=\"Challenge Agriculture\" \/>\n<meta property=\"article:modified_time\" content=\"2021-06-01T21:21:50+00:00\" \/>\n<meta property=\"og:image\" content=\"https:\/\/www.challenge-agriculture.fr\/wp-content\/uploads\/2016\/02\/IGP.png\" \/>\n<meta name=\"twitter:card\" content=\"summary_large_image\" \/>\n<meta name=\"twitter:label1\" content=\"Est. reading time\" \/>\n\t<meta name=\"twitter:data1\" content=\"3 minutes\" \/>\n<script type=\"application\/ld+json\" class=\"yoast-schema-graph\">{\"@context\":\"https:\/\/schema.org\",\"@graph\":[{\"@type\":\"WebPage\",\"@id\":\"https:\/\/www.challenge-agriculture.fr\/en\/equipment\/prices-and-costs\/melon-exemple\/\",\"url\":\"https:\/\/www.challenge-agriculture.fr\/en\/equipment\/prices-and-costs\/melon-exemple\/\",\"name\":\"Casestudy : melon growing - Challenge agriculture\",\"isPartOf\":{\"@id\":\"https:\/\/www.challenge-agriculture.fr\/#website\"},\"datePublished\":\"2017-11-10T14:05:47+00:00\",\"dateModified\":\"2021-06-01T21:21:50+00:00\",\"description\":\"Article de presse complet : Hors s\u00e9rie de \\\"Culture L\u00e9gumi\u00e8res\\\" \u2013 Novembre 2006 La solution de sondes tensiom\u00e9triques Watermark avec acquisition par Monitor...\",\"breadcrumb\":{\"@id\":\"https:\/\/www.challenge-agriculture.fr\/en\/equipment\/prices-and-costs\/melon-exemple\/#breadcrumb\"},\"inLanguage\":\"en-US\",\"potentialAction\":[{\"@type\":\"ReadAction\",\"target\":[\"https:\/\/www.challenge-agriculture.fr\/en\/equipment\/prices-and-costs\/melon-exemple\/\"]}]},{\"@type\":\"BreadcrumbList\",\"@id\":\"https:\/\/www.challenge-agriculture.fr\/en\/equipment\/prices-and-costs\/melon-exemple\/#breadcrumb\",\"itemListElement\":[{\"@type\":\"ListItem\",\"position\":1,\"name\":\"Home\",\"item\":\"https:\/\/www.challenge-agriculture.fr\/en\/\"},{\"@type\":\"ListItem\",\"position\":2,\"name\":\"Equipment\",\"item\":\"https:\/\/www.challenge-agriculture.fr\/en\/equipment\/\"},{\"@type\":\"ListItem\",\"position\":3,\"name\":\"Prices and costs\",\"item\":\"https:\/\/www.challenge-agriculture.fr\/en\/equipment\/prices-and-costs\/\"},{\"@type\":\"ListItem\",\"position\":4,\"name\":\"Pilotage de l&#8217;irrigation : l&#8217;exemple du melon\"}]},{\"@type\":\"WebSite\",\"@id\":\"https:\/\/www.challenge-agriculture.fr\/#website\",\"url\":\"https:\/\/www.challenge-agriculture.fr\/\",\"name\":\"Challenge Agriculture\",\"description\":\"\",\"publisher\":{\"@id\":\"https:\/\/www.challenge-agriculture.fr\/#organization\"},\"potentialAction\":[{\"@type\":\"SearchAction\",\"target\":{\"@type\":\"EntryPoint\",\"urlTemplate\":\"https:\/\/www.challenge-agriculture.fr\/?s={search_term_string}\"},\"query-input\":{\"@type\":\"PropertyValueSpecification\",\"valueRequired\":true,\"valueName\":\"search_term_string\"}}],\"inLanguage\":\"en-US\"},{\"@type\":\"Organization\",\"@id\":\"https:\/\/www.challenge-agriculture.fr\/#organization\",\"name\":\"Challenge Agriculture\",\"url\":\"https:\/\/www.challenge-agriculture.fr\/\",\"logo\":{\"@type\":\"ImageObject\",\"inLanguage\":\"en-US\",\"@id\":\"https:\/\/www.challenge-agriculture.fr\/#\/schema\/logo\/image\/\",\"url\":\"https:\/\/www.challenge-agriculture.fr\/wp-content\/uploads\/2020\/02\/logo-doc.png\",\"contentUrl\":\"https:\/\/www.challenge-agriculture.fr\/wp-content\/uploads\/2020\/02\/logo-doc.png\",\"width\":1497,\"height\":355,\"caption\":\"Challenge Agriculture\"},\"image\":{\"@id\":\"https:\/\/www.challenge-agriculture.fr\/#\/schema\/logo\/image\/\"}}]}<\/script>\n<!-- \/ Yoast SEO plugin. -->","yoast_head_json":{"title":"Casestudy : melon growing - Challenge agriculture","description":"Article de presse complet : Hors s\u00e9rie de \"Culture L\u00e9gumi\u00e8res\" \u2013 Novembre 2006 La solution de sondes tensiom\u00e9triques Watermark avec acquisition par Monitor...","robots":{"index":"index","follow":"follow","max-snippet":"max-snippet:-1","max-image-preview":"max-image-preview:large","max-video-preview":"max-video-preview:-1"},"canonical":"https:\/\/www.challenge-agriculture.fr\/en\/equipment\/prices-and-costs\/melon-exemple\/","og_locale":"fr_FR","og_type":"article","og_title":"Casestudy : melon growing - Challenge agriculture","og_description":"Article de presse complet : Hors s\u00e9rie de \"Culture L\u00e9gumi\u00e8res\" \u2013 Novembre 2006 La solution de sondes tensiom\u00e9triques Watermark avec acquisition par Monitor...","og_url":"https:\/\/www.challenge-agriculture.fr\/en\/equipment\/prices-and-costs\/melon-exemple\/","og_site_name":"Challenge Agriculture","article_modified_time":"2021-06-01T21:21:50+00:00","og_image":[{"url":"https:\/\/www.challenge-agriculture.fr\/wp-content\/uploads\/2016\/02\/IGP.png","type":"","width":"","height":""}],"twitter_card":"summary_large_image","twitter_misc":{"Est. reading time":"3 minutes"},"schema":{"@context":"https:\/\/schema.org","@graph":[{"@type":"WebPage","@id":"https:\/\/www.challenge-agriculture.fr\/en\/equipment\/prices-and-costs\/melon-exemple\/","url":"https:\/\/www.challenge-agriculture.fr\/en\/equipment\/prices-and-costs\/melon-exemple\/","name":"Casestudy : melon growing - Challenge agriculture","isPartOf":{"@id":"https:\/\/www.challenge-agriculture.fr\/#website"},"datePublished":"2017-11-10T14:05:47+00:00","dateModified":"2021-06-01T21:21:50+00:00","description":"Article de presse complet : Hors s\u00e9rie de \"Culture L\u00e9gumi\u00e8res\" \u2013 Novembre 2006 La solution de sondes tensiom\u00e9triques Watermark avec acquisition par Monitor...","breadcrumb":{"@id":"https:\/\/www.challenge-agriculture.fr\/en\/equipment\/prices-and-costs\/melon-exemple\/#breadcrumb"},"inLanguage":"en-US","potentialAction":[{"@type":"ReadAction","target":["https:\/\/www.challenge-agriculture.fr\/en\/equipment\/prices-and-costs\/melon-exemple\/"]}]},{"@type":"BreadcrumbList","@id":"https:\/\/www.challenge-agriculture.fr\/en\/equipment\/prices-and-costs\/melon-exemple\/#breadcrumb","itemListElement":[{"@type":"ListItem","position":1,"name":"Home","item":"https:\/\/www.challenge-agriculture.fr\/en\/"},{"@type":"ListItem","position":2,"name":"Equipment","item":"https:\/\/www.challenge-agriculture.fr\/en\/equipment\/"},{"@type":"ListItem","position":3,"name":"Prices and costs","item":"https:\/\/www.challenge-agriculture.fr\/en\/equipment\/prices-and-costs\/"},{"@type":"ListItem","position":4,"name":"Pilotage de l&#8217;irrigation : l&#8217;exemple du melon"}]},{"@type":"WebSite","@id":"https:\/\/www.challenge-agriculture.fr\/#website","url":"https:\/\/www.challenge-agriculture.fr\/","name":"Challenge Agriculture","description":"","publisher":{"@id":"https:\/\/www.challenge-agriculture.fr\/#organization"},"potentialAction":[{"@type":"SearchAction","target":{"@type":"EntryPoint","urlTemplate":"https:\/\/www.challenge-agriculture.fr\/?s={search_term_string}"},"query-input":{"@type":"PropertyValueSpecification","valueRequired":true,"valueName":"search_term_string"}}],"inLanguage":"en-US"},{"@type":"Organization","@id":"https:\/\/www.challenge-agriculture.fr\/#organization","name":"Challenge Agriculture","url":"https:\/\/www.challenge-agriculture.fr\/","logo":{"@type":"ImageObject","inLanguage":"en-US","@id":"https:\/\/www.challenge-agriculture.fr\/#\/schema\/logo\/image\/","url":"https:\/\/www.challenge-agriculture.fr\/wp-content\/uploads\/2020\/02\/logo-doc.png","contentUrl":"https:\/\/www.challenge-agriculture.fr\/wp-content\/uploads\/2020\/02\/logo-doc.png","width":1497,"height":355,"caption":"Challenge Agriculture"},"image":{"@id":"https:\/\/www.challenge-agriculture.fr\/#\/schema\/logo\/image\/"}}]}},"_links":{"self":[{"href":"https:\/\/www.challenge-agriculture.fr\/en\/wp-json\/wp\/v2\/pages\/1759","targetHints":{"allow":["GET"]}}],"collection":[{"href":"https:\/\/www.challenge-agriculture.fr\/en\/wp-json\/wp\/v2\/pages"}],"about":[{"href":"https:\/\/www.challenge-agriculture.fr\/en\/wp-json\/wp\/v2\/types\/page"}],"author":[{"embeddable":true,"href":"https:\/\/www.challenge-agriculture.fr\/en\/wp-json\/wp\/v2\/users\/3"}],"replies":[{"embeddable":true,"href":"https:\/\/www.challenge-agriculture.fr\/en\/wp-json\/wp\/v2\/comments?post=1759"}],"version-history":[{"count":4,"href":"https:\/\/www.challenge-agriculture.fr\/en\/wp-json\/wp\/v2\/pages\/1759\/revisions"}],"predecessor-version":[{"id":29094,"href":"https:\/\/www.challenge-agriculture.fr\/en\/wp-json\/wp\/v2\/pages\/1759\/revisions\/29094"}],"up":[{"embeddable":true,"href":"https:\/\/www.challenge-agriculture.fr\/en\/wp-json\/wp\/v2\/pages\/1734"}],"wp:attachment":[{"href":"https:\/\/www.challenge-agriculture.fr\/en\/wp-json\/wp\/v2\/media?parent=1759"}],"curies":[{"name":"wp","href":"https:\/\/api.w.org\/{rel}","templated":true}]}}