{"id":1047,"date":"2019-09-29T14:36:01","date_gmt":"2017-03-20T15:33:03","guid":{"rendered":"http:\/\/www.challenge-agriculture.fr\/en\/product\/pluviometre-a-auget-basculant-en\/"},"modified":"2021-04-20T22:26:36","modified_gmt":"2021-04-20T20:26:36","slug":"tipping-bucket-rain-gauge","status":"publish","type":"product","link":"https:\/\/www.challenge-agriculture.fr\/en\/product\/tensiometry\/monitor-en\/accessories-for-watermark-sensors\/tipping-bucket-rain-gauge\/","title":{"rendered":"Tipping bucket rain gauge"},"content":{"rendered":"<p class=\"descr\">The AeroCone Rain Collector\u00a0is a tipping bucket rain gauge designed to meet the guidelines of the World Meteorological Organization. With the Davis rain gauge, rain enters the collector cone, passes through a debris-filtering screen, and collects in one chamber of the tipping bucket. The bucket tips when it has collected an amount of water equal to the increment in which the collector measures (0.254 mm). As the bucket tips, it causes a switch closure and brings the second tipping bucket chamber into position. The rain water drains out through the screened drains in the base of the Davis AeroCone rain collector.<\/p>\n<p class=\"descr\">The body and base of the Davis AeroCone rain collector are constructed with tough, UV resistant plastic. The tipping bucket pivots on bearings that minimize friction and wear. Stainless steel adjustment screws under each chamber of the tipping bucket allow you to fine-tune the calibration. Mounting holes are predrilled in the base and a built-in leveling trough aids in installation. A bird spike kit is included.<\/p>\n<h2>SPECIFICATIONS<\/h2>\n<p class=\"specs\">Sensor type : tipping bucket with magnetic reed switch (contact closure)<br \/>\nAccuracy : \u00b1 4%<br \/>\nAttached cable length: 6 m<br \/>\nHousing material: UV-stabilized ABS plastic<br \/>\nDimensions of rain collector : 16.5 x 24 cm<br \/>\nCollection area : 200 cm\u00b2<br \/>\nWeight : 1 kg<\/p>\n<p>Mounted on a stainless steel plate + handle for easier opening.<\/p>\n<p>Equiped with a connector to Monitor<\/p>\n","protected":false},"excerpt":{"rendered":"<p>Tipping bucket rain gauge, with anti-bird spikes , cable and connector.<\/p>\n","protected":false},"featured_media":9822,"template":"","meta":{"_acf_changed":false,"ocean_post_layout":"","ocean_both_sidebars_style":"","ocean_both_sidebars_content_width":0,"ocean_both_sidebars_sidebars_width":0,"ocean_sidebar":"0","ocean_second_sidebar":"0","ocean_disable_margins":"enable","ocean_add_body_class":"","ocean_shortcode_before_top_bar":"","ocean_shortcode_after_top_bar":"","ocean_shortcode_before_header":"","ocean_shortcode_after_header":"","ocean_has_shortcode":"","ocean_shortcode_after_title":"","ocean_shortcode_before_footer_widgets":"","ocean_shortcode_after_footer_widgets":"","ocean_shortcode_before_footer_bottom":"","ocean_shortcode_after_footer_bottom":"","ocean_display_top_bar":"default","ocean_display_header":"default","ocean_header_style":"","ocean_center_header_left_menu":"0","ocean_custom_header_template":"0","ocean_custom_logo":0,"ocean_custom_retina_logo":0,"ocean_custom_logo_max_width":0,"ocean_custom_logo_tablet_max_width":0,"ocean_custom_logo_mobile_max_width":0,"ocean_custom_logo_max_height":0,"ocean_custom_logo_tablet_max_height":0,"ocean_custom_logo_mobile_max_height":0,"ocean_header_custom_menu":"0","ocean_menu_typo_font_family":"0","ocean_menu_typo_font_subset":"","ocean_menu_typo_font_size":0,"ocean_menu_typo_font_size_tablet":0,"ocean_menu_typo_font_size_mobile":0,"ocean_menu_typo_font_size_unit":"px","ocean_menu_typo_font_weight":"","ocean_menu_typo_font_weight_tablet":"","ocean_menu_typo_font_weight_mobile":"","ocean_menu_typo_transform":"","ocean_menu_typo_transform_tablet":"","ocean_menu_typo_transform_mobile":"","ocean_menu_typo_line_height":0,"ocean_menu_typo_line_height_tablet":0,"ocean_menu_typo_line_height_mobile":0,"ocean_menu_typo_line_height_unit":"","ocean_menu_typo_spacing":0,"ocean_menu_typo_spacing_tablet":0,"ocean_menu_typo_spacing_mobile":0,"ocean_menu_typo_spacing_unit":"","ocean_menu_link_color":"","ocean_menu_link_color_hover":"","ocean_menu_link_color_active":"","ocean_menu_link_background":"","ocean_menu_link_hover_background":"","ocean_menu_link_active_background":"","ocean_menu_social_links_bg":"","ocean_menu_social_hover_links_bg":"","ocean_menu_social_links_color":"","ocean_menu_social_hover_links_color":"","ocean_disable_title":"default","ocean_disable_heading":"default","ocean_post_title":"","ocean_post_subheading":"","ocean_post_title_style":"","ocean_post_title_background_color":"","ocean_post_title_background":0,"ocean_post_title_bg_image_position":"","ocean_post_title_bg_image_attachment":"","ocean_post_title_bg_image_repeat":"","ocean_post_title_bg_image_size":"","ocean_post_title_height":0,"ocean_post_title_bg_overlay":0.5,"ocean_post_title_bg_overlay_color":"","ocean_disable_breadcrumbs":"default","ocean_breadcrumbs_color":"","ocean_breadcrumbs_separator_color":"","ocean_breadcrumbs_links_color":"","ocean_breadcrumbs_links_hover_color":"","ocean_display_footer_widgets":"default","ocean_display_footer_bottom":"default","ocean_custom_footer_template":"0"},"product_brand":[],"product_cat":[91,698,1112],"product_tag":[],"class_list":{"0":"post-1047","1":"product","2":"type-product","3":"status-publish","4":"has-post-thumbnail","6":"product_cat-tensiometry","7":"product_cat-monitor-en","8":"product_cat-accessories-for-watermark-sensors","10":"entry","11":"has-media","13":"first","14":"instock","15":"taxable","16":"shipping-taxable","17":"purchasable","18":"product-type-simple","19":"has-product-nav","20":"col","21":"span_1_of_4","22":"owp-content-left","23":"item-entry","24":"owp-thumbs-layout-horizontal","25":"owp-btn-big","26":"owp-tabs-layout-horizontal"},"acf":[],"yoast_head":"<!-- This site is optimized with the Yoast SEO plugin v25.2 - https:\/\/yoast.com\/wordpress\/plugins\/seo\/ -->\n<title>Pluviom\u00e8tre \u00e0 auget basculant | Pluviom\u00e8tres agricoles<\/title>\n<meta name=\"robots\" content=\"index, follow, max-snippet:-1, max-image-preview:large, max-video-preview:-1\" \/>\n<link rel=\"canonical\" href=\"https:\/\/www.challenge-agriculture.fr\/en\/product\/tensiometry\/monitor-en\/accessories-for-watermark-sensors\/tipping-bucket-rain-gauge\/\" \/>\n<meta property=\"og:locale\" content=\"fr_FR\" \/>\n<meta property=\"og:type\" content=\"article\" \/>\n<meta property=\"og:title\" content=\"Pluviom\u00e8tre \u00e0 auget basculant | Pluviom\u00e8tres agricoles\" \/>\n<meta property=\"og:description\" content=\"Tipping bucket rain gauge, with anti-bird spikes , cable and connector.\" \/>\n<meta property=\"og:url\" content=\"https:\/\/www.challenge-agriculture.fr\/en\/product\/tensiometry\/monitor-en\/accessories-for-watermark-sensors\/tipping-bucket-rain-gauge\/\" \/>\n<meta property=\"og:site_name\" content=\"Challenge Agriculture\" \/>\n<meta property=\"article:modified_time\" content=\"2021-04-20T20:26:36+00:00\" \/>\n<meta property=\"og:image\" content=\"https:\/\/www.challenge-agriculture.fr\/wp-content\/uploads\/2016\/12\/pluviometre-double-auget-basculant.jpg\" \/>\n\t<meta property=\"og:image:width\" content=\"714\" \/>\n\t<meta property=\"og:image:height\" content=\"800\" \/>\n\t<meta property=\"og:image:type\" content=\"image\/jpeg\" \/>\n<meta name=\"twitter:card\" content=\"summary_large_image\" \/>\n<meta name=\"twitter:label1\" content=\"Est. reading time\" \/>\n\t<meta name=\"twitter:data1\" content=\"1 minute\" \/>\n<script type=\"application\/ld+json\" class=\"yoast-schema-graph\">{\"@context\":\"https:\/\/schema.org\",\"@graph\":[{\"@type\":\"WebPage\",\"@id\":\"https:\/\/www.challenge-agriculture.fr\/en\/product\/tensiometry\/monitor-en\/accessories-for-watermark-sensors\/tipping-bucket-rain-gauge\/\",\"url\":\"https:\/\/www.challenge-agriculture.fr\/en\/product\/tensiometry\/monitor-en\/accessories-for-watermark-sensors\/tipping-bucket-rain-gauge\/\",\"name\":\"Pluviom\u00e8tre \u00e0 auget basculant | Pluviom\u00e8tres agricoles\",\"isPartOf\":{\"@id\":\"https:\/\/www.challenge-agriculture.fr\/#website\"},\"primaryImageOfPage\":{\"@id\":\"https:\/\/www.challenge-agriculture.fr\/en\/product\/tensiometry\/monitor-en\/accessories-for-watermark-sensors\/tipping-bucket-rain-gauge\/#primaryimage\"},\"image\":{\"@id\":\"https:\/\/www.challenge-agriculture.fr\/en\/product\/tensiometry\/monitor-en\/accessories-for-watermark-sensors\/tipping-bucket-rain-gauge\/#primaryimage\"},\"thumbnailUrl\":\"https:\/\/www.challenge-agriculture.fr\/wp-content\/uploads\/2016\/12\/pluviometre-double-auget-basculant.jpg\",\"datePublished\":\"2017-03-20T15:33:03+00:00\",\"dateModified\":\"2021-04-20T20:26:36+00:00\",\"breadcrumb\":{\"@id\":\"https:\/\/www.challenge-agriculture.fr\/en\/product\/tensiometry\/monitor-en\/accessories-for-watermark-sensors\/tipping-bucket-rain-gauge\/#breadcrumb\"},\"inLanguage\":\"en-US\",\"potentialAction\":[{\"@type\":\"ReadAction\",\"target\":[\"https:\/\/www.challenge-agriculture.fr\/en\/product\/tensiometry\/monitor-en\/accessories-for-watermark-sensors\/tipping-bucket-rain-gauge\/\"]}]},{\"@type\":\"ImageObject\",\"inLanguage\":\"en-US\",\"@id\":\"https:\/\/www.challenge-agriculture.fr\/en\/product\/tensiometry\/monitor-en\/accessories-for-watermark-sensors\/tipping-bucket-rain-gauge\/#primaryimage\",\"url\":\"https:\/\/www.challenge-agriculture.fr\/wp-content\/uploads\/2016\/12\/pluviometre-double-auget-basculant.jpg\",\"contentUrl\":\"https:\/\/www.challenge-agriculture.fr\/wp-content\/uploads\/2016\/12\/pluviometre-double-auget-basculant.jpg\",\"width\":714,\"height\":800,\"caption\":\"pluviometre double auget basculant\"},{\"@type\":\"BreadcrumbList\",\"@id\":\"https:\/\/www.challenge-agriculture.fr\/en\/product\/tensiometry\/monitor-en\/accessories-for-watermark-sensors\/tipping-bucket-rain-gauge\/#breadcrumb\",\"itemListElement\":[{\"@type\":\"ListItem\",\"position\":1,\"name\":\"Home\",\"item\":\"https:\/\/www.challenge-agriculture.fr\/en\/\"},{\"@type\":\"ListItem\",\"position\":2,\"name\":\"Boutique\",\"item\":\"https:\/\/www.challenge-agriculture.fr\/la-boutique\/\"},{\"@type\":\"ListItem\",\"position\":3,\"name\":\"Tipping bucket rain gauge\"}]},{\"@type\":\"WebSite\",\"@id\":\"https:\/\/www.challenge-agriculture.fr\/#website\",\"url\":\"https:\/\/www.challenge-agriculture.fr\/\",\"name\":\"Challenge Agriculture\",\"description\":\"\",\"publisher\":{\"@id\":\"https:\/\/www.challenge-agriculture.fr\/#organization\"},\"potentialAction\":[{\"@type\":\"SearchAction\",\"target\":{\"@type\":\"EntryPoint\",\"urlTemplate\":\"https:\/\/www.challenge-agriculture.fr\/?s={search_term_string}\"},\"query-input\":{\"@type\":\"PropertyValueSpecification\",\"valueRequired\":true,\"valueName\":\"search_term_string\"}}],\"inLanguage\":\"en-US\"},{\"@type\":\"Organization\",\"@id\":\"https:\/\/www.challenge-agriculture.fr\/#organization\",\"name\":\"Challenge Agriculture\",\"url\":\"https:\/\/www.challenge-agriculture.fr\/\",\"logo\":{\"@type\":\"ImageObject\",\"inLanguage\":\"en-US\",\"@id\":\"https:\/\/www.challenge-agriculture.fr\/#\/schema\/logo\/image\/\",\"url\":\"https:\/\/www.challenge-agriculture.fr\/wp-content\/uploads\/2020\/02\/logo-doc.png\",\"contentUrl\":\"https:\/\/www.challenge-agriculture.fr\/wp-content\/uploads\/2020\/02\/logo-doc.png\",\"width\":1497,\"height\":355,\"caption\":\"Challenge Agriculture\"},\"image\":{\"@id\":\"https:\/\/www.challenge-agriculture.fr\/#\/schema\/logo\/image\/\"}}]}<\/script>\n<!-- \/ Yoast SEO plugin. -->","yoast_head_json":{"title":"Pluviom\u00e8tre \u00e0 auget basculant | Pluviom\u00e8tres agricoles","robots":{"index":"index","follow":"follow","max-snippet":"max-snippet:-1","max-image-preview":"max-image-preview:large","max-video-preview":"max-video-preview:-1"},"canonical":"https:\/\/www.challenge-agriculture.fr\/en\/product\/tensiometry\/monitor-en\/accessories-for-watermark-sensors\/tipping-bucket-rain-gauge\/","og_locale":"fr_FR","og_type":"article","og_title":"Pluviom\u00e8tre \u00e0 auget basculant | Pluviom\u00e8tres agricoles","og_description":"Tipping bucket rain gauge, with anti-bird spikes , cable and connector.","og_url":"https:\/\/www.challenge-agriculture.fr\/en\/product\/tensiometry\/monitor-en\/accessories-for-watermark-sensors\/tipping-bucket-rain-gauge\/","og_site_name":"Challenge Agriculture","article_modified_time":"2021-04-20T20:26:36+00:00","og_image":[{"width":714,"height":800,"url":"https:\/\/www.challenge-agriculture.fr\/wp-content\/uploads\/2016\/12\/pluviometre-double-auget-basculant.jpg","type":"image\/jpeg"}],"twitter_card":"summary_large_image","twitter_misc":{"Est. reading time":"1 minute"},"schema":{"@context":"https:\/\/schema.org","@graph":[{"@type":"WebPage","@id":"https:\/\/www.challenge-agriculture.fr\/en\/product\/tensiometry\/monitor-en\/accessories-for-watermark-sensors\/tipping-bucket-rain-gauge\/","url":"https:\/\/www.challenge-agriculture.fr\/en\/product\/tensiometry\/monitor-en\/accessories-for-watermark-sensors\/tipping-bucket-rain-gauge\/","name":"Pluviom\u00e8tre \u00e0 auget basculant | Pluviom\u00e8tres agricoles","isPartOf":{"@id":"https:\/\/www.challenge-agriculture.fr\/#website"},"primaryImageOfPage":{"@id":"https:\/\/www.challenge-agriculture.fr\/en\/product\/tensiometry\/monitor-en\/accessories-for-watermark-sensors\/tipping-bucket-rain-gauge\/#primaryimage"},"image":{"@id":"https:\/\/www.challenge-agriculture.fr\/en\/product\/tensiometry\/monitor-en\/accessories-for-watermark-sensors\/tipping-bucket-rain-gauge\/#primaryimage"},"thumbnailUrl":"https:\/\/www.challenge-agriculture.fr\/wp-content\/uploads\/2016\/12\/pluviometre-double-auget-basculant.jpg","datePublished":"2017-03-20T15:33:03+00:00","dateModified":"2021-04-20T20:26:36+00:00","breadcrumb":{"@id":"https:\/\/www.challenge-agriculture.fr\/en\/product\/tensiometry\/monitor-en\/accessories-for-watermark-sensors\/tipping-bucket-rain-gauge\/#breadcrumb"},"inLanguage":"en-US","potentialAction":[{"@type":"ReadAction","target":["https:\/\/www.challenge-agriculture.fr\/en\/product\/tensiometry\/monitor-en\/accessories-for-watermark-sensors\/tipping-bucket-rain-gauge\/"]}]},{"@type":"ImageObject","inLanguage":"en-US","@id":"https:\/\/www.challenge-agriculture.fr\/en\/product\/tensiometry\/monitor-en\/accessories-for-watermark-sensors\/tipping-bucket-rain-gauge\/#primaryimage","url":"https:\/\/www.challenge-agriculture.fr\/wp-content\/uploads\/2016\/12\/pluviometre-double-auget-basculant.jpg","contentUrl":"https:\/\/www.challenge-agriculture.fr\/wp-content\/uploads\/2016\/12\/pluviometre-double-auget-basculant.jpg","width":714,"height":800,"caption":"pluviometre double auget basculant"},{"@type":"BreadcrumbList","@id":"https:\/\/www.challenge-agriculture.fr\/en\/product\/tensiometry\/monitor-en\/accessories-for-watermark-sensors\/tipping-bucket-rain-gauge\/#breadcrumb","itemListElement":[{"@type":"ListItem","position":1,"name":"Home","item":"https:\/\/www.challenge-agriculture.fr\/en\/"},{"@type":"ListItem","position":2,"name":"Boutique","item":"https:\/\/www.challenge-agriculture.fr\/la-boutique\/"},{"@type":"ListItem","position":3,"name":"Tipping bucket rain gauge"}]},{"@type":"WebSite","@id":"https:\/\/www.challenge-agriculture.fr\/#website","url":"https:\/\/www.challenge-agriculture.fr\/","name":"Challenge Agriculture","description":"","publisher":{"@id":"https:\/\/www.challenge-agriculture.fr\/#organization"},"potentialAction":[{"@type":"SearchAction","target":{"@type":"EntryPoint","urlTemplate":"https:\/\/www.challenge-agriculture.fr\/?s={search_term_string}"},"query-input":{"@type":"PropertyValueSpecification","valueRequired":true,"valueName":"search_term_string"}}],"inLanguage":"en-US"},{"@type":"Organization","@id":"https:\/\/www.challenge-agriculture.fr\/#organization","name":"Challenge Agriculture","url":"https:\/\/www.challenge-agriculture.fr\/","logo":{"@type":"ImageObject","inLanguage":"en-US","@id":"https:\/\/www.challenge-agriculture.fr\/#\/schema\/logo\/image\/","url":"https:\/\/www.challenge-agriculture.fr\/wp-content\/uploads\/2020\/02\/logo-doc.png","contentUrl":"https:\/\/www.challenge-agriculture.fr\/wp-content\/uploads\/2020\/02\/logo-doc.png","width":1497,"height":355,"caption":"Challenge Agriculture"},"image":{"@id":"https:\/\/www.challenge-agriculture.fr\/#\/schema\/logo\/image\/"}}]}},"_links":{"self":[{"href":"https:\/\/www.challenge-agriculture.fr\/en\/wp-json\/wp\/v2\/product\/1047","targetHints":{"allow":["GET"]}}],"collection":[{"href":"https:\/\/www.challenge-agriculture.fr\/en\/wp-json\/wp\/v2\/product"}],"about":[{"href":"https:\/\/www.challenge-agriculture.fr\/en\/wp-json\/wp\/v2\/types\/product"}],"version-history":[{"count":1,"href":"https:\/\/www.challenge-agriculture.fr\/en\/wp-json\/wp\/v2\/product\/1047\/revisions"}],"predecessor-version":[{"id":27941,"href":"https:\/\/www.challenge-agriculture.fr\/en\/wp-json\/wp\/v2\/product\/1047\/revisions\/27941"}],"wp:featuredmedia":[{"embeddable":true,"href":"https:\/\/www.challenge-agriculture.fr\/en\/wp-json\/wp\/v2\/media\/9822"}],"wp:attachment":[{"href":"https:\/\/www.challenge-agriculture.fr\/en\/wp-json\/wp\/v2\/media?parent=1047"}],"wp:term":[{"taxonomy":"product_brand","embeddable":true,"href":"https:\/\/www.challenge-agriculture.fr\/en\/wp-json\/wp\/v2\/product_brand?post=1047"},{"taxonomy":"product_cat","embeddable":true,"href":"https:\/\/www.challenge-agriculture.fr\/en\/wp-json\/wp\/v2\/product_cat?post=1047"},{"taxonomy":"product_tag","embeddable":true,"href":"https:\/\/www.challenge-agriculture.fr\/en\/wp-json\/wp\/v2\/product_tag?post=1047"}],"curies":[{"name":"wp","href":"https:\/\/api.w.org\/{rel}","templated":true}]}}