{"id":14134,"date":"2019-12-23T10:47:36","date_gmt":"2019-12-23T09:47:36","guid":{"rendered":"https:\/\/www.challenge-agriculture.fr\/?post_type=product&#038;p=14134"},"modified":"2025-06-16T15:16:31","modified_gmt":"2025-06-16T13:16:31","slug":"admin-solution-monitor-r2-dx-smart-transmission-ouverture-des-electro-vannes-copie","status":"publish","type":"product","link":"https:\/\/www.challenge-agriculture.fr\/en\/produit\/non-classe\/admin-solution-monitor-r2-dx-smart-transmission-ouverture-des-electro-vannes-copie\/","title":{"rendered":"Solution Monitor R2-DX-Smart (transmission, ouverture des \u00e9lectrovannes)"},"content":{"rendered":"<p>&nbsp;<\/p>\n<table class=\"spectbl\">\n<tbody>\n<tr>\n<td><strong>Monitor<\/strong><\/td>\n<th><\/th>\n<th><\/th>\n<th>R2-DX Smart<\/th>\n<\/tr>\n<tr>\n<td>Fabriqu\u00e9 100 % en France<\/td>\n<td><\/td>\n<td><\/td>\n<td>enti\u00e8rement con\u00e7u et r\u00e9alis\u00e9 par nos soins<\/td>\n<\/tr>\n<tr>\n<td>T\u00e9l\u00e9m\u00e9trie GSM rustique, fiable, ind\u00e9modable<\/td>\n<td><\/td>\n<td><\/td>\n<td>100 % de couverture en campagne et en ville<\/td>\n<\/tr>\n<tr>\n<td>Fonction<\/td>\n<td><\/td>\n<td><\/td>\n<td>acquisition, enregistrement, transmission, contr\u00f4le d&#8217;irrigation automatique<\/td>\n<\/tr>\n<tr>\n<td>Prix HT<\/td>\n<td><\/td>\n<td><\/td>\n<td><strong>1320 \u20ac<\/strong><\/td>\n<\/tr>\n<tr>\n<td>Mesures capteurs\u00a0\u00a0<em>(Watermark, temp\u00e9rature\u2026)<\/em><\/td>\n<td><\/td>\n<td><\/td>\n<td>16 en standard\u00a0 \/ 32 entr\u00e9es max<\/td>\n<\/tr>\n<tr>\n<td>Pluviom\u00e8tre \/ compteur d&#8217;eau<\/td>\n<td><\/td>\n<td><\/td>\n<td><strong>2<\/strong> max<\/td>\n<\/tr>\n<tr>\n<td>Connecteur rapide<\/td>\n<td><\/td>\n<td><\/td>\n<td>oui<\/td>\n<\/tr>\n<tr>\n<td>Afficheur LCD\u00a0\u00a0<em>(mesures + stat + \u00e9tat)<\/em><\/td>\n<td><\/td>\n<td><\/td>\n<td>oui<\/td>\n<\/tr>\n<tr>\n<td>Enregistrement automatique<\/td>\n<td><\/td>\n<td><\/td>\n<td>oui<\/td>\n<\/tr>\n<tr>\n<td>Sauvegarde sur microSD<\/td>\n<td><\/td>\n<td><\/td>\n<td>oui<\/td>\n<\/tr>\n<tr>\n<td>Interface USB\u00a0\u00a0<em>(configuration \/ acc\u00e8s )<\/em><\/td>\n<td><\/td>\n<td><\/td>\n<td>oui<\/td>\n<\/tr>\n<tr>\n<td>Consommation r\u00e9duite<\/td>\n<td><\/td>\n<td><\/td>\n<td>oui<\/td>\n<\/tr>\n<tr>\n<td>Source \/ Tension<\/td>\n<td><\/td>\n<td><\/td>\n<td>Batterie 12 V- 5 Ah<\/td>\n<\/tr>\n<tr>\n<td>Tension coupure<\/td>\n<td><\/td>\n<td><\/td>\n<td>11 V<\/td>\n<\/tr>\n<tr>\n<td>Autonomie, a<em>pr\u00e8s 24h de recharge<\/em><\/td>\n<td><\/td>\n<td><\/td>\n<td>9 mois (fonction du nombre de vannes contr\u00f4l\u00e9es)<\/td>\n<\/tr>\n<tr>\n<td>Autonomie sur panneau solaire<\/td>\n<td><\/td>\n<td><\/td>\n<td>recommand\u00e9 pour les Smart : 72 mois avant maintenance<\/td>\n<\/tr>\n<tr>\n<td>Exp\u00e9rience<\/td>\n<td><\/td>\n<td><\/td>\n<td>\u00a0&gt; 50 install\u00e9s \u00e0 fin 2018<\/td>\n<\/tr>\n<tr>\n<td>Transmissions GSM<\/td>\n<td><\/td>\n<td><\/td>\n<td>oui<\/td>\n<\/tr>\n<tr>\n<td>Programmable \u00e0 distance par sms<\/td>\n<td><\/td>\n<td><\/td>\n<td>oui<\/td>\n<\/tr>\n<tr>\n<td>Site Web d\u00e9di\u00e9\u00a0\u00a0<em>(historique, grapheur, r\u00e9glages\u2026)<\/em><\/td>\n<td><\/td>\n<td><\/td>\n<td>oui<\/td>\n<\/tr>\n<tr>\n<td>Envoi des donn\u00e9es sur site<\/td>\n<td><\/td>\n<td><\/td>\n<td>automatique<\/td>\n<\/tr>\n<tr>\n<td>Graphique automatique en ligne.\u00a0Seuils de d\u00e9clenchement d&#8217;irrigation<\/td>\n<td><\/td>\n<td><\/td>\n<td>oui<\/td>\n<\/tr>\n<tr>\n<td>\u00c9chographie du bulbe\u00a0 Goutte-\u00e0-goutte<\/td>\n<td><\/td>\n<td><\/td>\n<td>outil adapt\u00e9 \u00e0 l&#8217;\u00e9chographie<\/td>\n<\/tr>\n<tr>\n<td>Service technique \/ bo\u00eete de dialogue en ligne<\/td>\n<td><\/td>\n<td><\/td>\n<td>conseil hebdomadaire<\/td>\n<\/tr>\n<tr>\n<td>Programmateur d\u2019irrigation<\/td>\n<td><\/td>\n<td><\/td>\n<td>oui, s\u00e9quentiel 8 sorties<\/td>\n<\/tr>\n<tr>\n<td>Interrupteurs 24 V AC\u00a0\u00a0<em>vannes \/ pompe\u00a0<\/em><\/td>\n<td><\/td>\n<td><\/td>\n<td><strong>4<\/strong> sorties<\/td>\n<\/tr>\n<tr>\n<td>Contr\u00f4le vanne Latch sol\u00e9no\u00efde<\/td>\n<td><\/td>\n<td><\/td>\n<td><strong>8<\/strong> sorties, en s\u00e9quentiel<\/td>\n<\/tr>\n<tr>\n<td>Contr\u00f4le automatique irrigation<\/td>\n<td><\/td>\n<td><\/td>\n<td>oui, sur r\u00e9seau sous pression<\/td>\n<\/tr>\n<tr>\n<td>Rapport d\u2019irrigation<\/td>\n<td><\/td>\n<td><\/td>\n<td>oui, en ligne<\/td>\n<\/tr>\n<tr>\n<td>Planning irrigation hebdomadaire<\/td>\n<td><\/td>\n<td><\/td>\n<td>oui<\/td>\n<\/tr>\n<\/tbody>\n<\/table>\n","protected":false},"excerpt":{"rendered":"<p>Le Monitor R2-DX<em>\u00ae<\/em>-smart assure l&#8217;acquisition, le stockage et la transmission sur internet des mesures tensiom\u00e9triques de sondes Watermark\u24c7, temp\u00e9rature sol, temp\u00e9rature air, pluviom\u00e8tre et compteur d&#8217;eau. De plus, il est organis\u00e9 en programmateur d&#8217;irrigation qui g\u00e8re 8 \u00e9lectrovannes. Le Monitor R2-DX<em>\u00ae<\/em>-smart permet ainsi l&#8217;irrigation intelligente<\/p>\n<p>Un programmateur fait tout, mais ne sait rien, alors que les sondes savent tout, mais ne font rien. La \u2018\u2019smart irrigation\u2019\u2019 est le couplage des deux. Une d\u00e9cision est prise en temps r\u00e9el, \u00e0 chaque irrigation pr\u00e9-programm\u00e9e, en comparant les diff\u00e9rentes m\u00e9dianes aux seuils de d\u00e9clenchement fix\u00e9s. Au final, ne s&#8217;ex\u00e9cutent que les irrigations utiles.<\/p>\n<p>Le Monitor\u00a0R2-DX<em>\u00ae<\/em>-smart est l&#8217;arme absolue en goutte-\u00e0-goutte, sur r\u00e9seau sous pression. Il ouvre \u00e9galement la voie \u00e0 un nouveau type d&#8217;exp\u00e9rimentation en temps r\u00e9el.<\/p>\n","protected":false},"featured_media":1329,"template":"","meta":{"_acf_changed":false,"ocean_post_layout":"","ocean_both_sidebars_style":"","ocean_both_sidebars_content_width":0,"ocean_both_sidebars_sidebars_width":0,"ocean_sidebar":"0","ocean_second_sidebar":"0","ocean_disable_margins":"enable","ocean_add_body_class":"","ocean_shortcode_before_top_bar":"","ocean_shortcode_after_top_bar":"","ocean_shortcode_before_header":"","ocean_shortcode_after_header":"","ocean_has_shortcode":"","ocean_shortcode_after_title":"","ocean_shortcode_before_footer_widgets":"","ocean_shortcode_after_footer_widgets":"","ocean_shortcode_before_footer_bottom":"","ocean_shortcode_after_footer_bottom":"","ocean_display_top_bar":"default","ocean_display_header":"default","ocean_header_style":"","ocean_center_header_left_menu":"0","ocean_custom_header_template":"0","ocean_custom_logo":0,"ocean_custom_retina_logo":0,"ocean_custom_logo_max_width":0,"ocean_custom_logo_tablet_max_width":0,"ocean_custom_logo_mobile_max_width":0,"ocean_custom_logo_max_height":0,"ocean_custom_logo_tablet_max_height":0,"ocean_custom_logo_mobile_max_height":0,"ocean_header_custom_menu":"0","ocean_menu_typo_font_family":"0","ocean_menu_typo_font_subset":"","ocean_menu_typo_font_size":0,"ocean_menu_typo_font_size_tablet":0,"ocean_menu_typo_font_size_mobile":0,"ocean_menu_typo_font_size_unit":"px","ocean_menu_typo_font_weight":"","ocean_menu_typo_font_weight_tablet":"","ocean_menu_typo_font_weight_mobile":"","ocean_menu_typo_transform":"","ocean_menu_typo_transform_tablet":"","ocean_menu_typo_transform_mobile":"","ocean_menu_typo_line_height":0,"ocean_menu_typo_line_height_tablet":0,"ocean_menu_typo_line_height_mobile":0,"ocean_menu_typo_line_height_unit":"","ocean_menu_typo_spacing":0,"ocean_menu_typo_spacing_tablet":0,"ocean_menu_typo_spacing_mobile":0,"ocean_menu_typo_spacing_unit":"","ocean_menu_link_color":"","ocean_menu_link_color_hover":"","ocean_menu_link_color_active":"","ocean_menu_link_background":"","ocean_menu_link_hover_background":"","ocean_menu_link_active_background":"","ocean_menu_social_links_bg":"","ocean_menu_social_hover_links_bg":"","ocean_menu_social_links_color":"","ocean_menu_social_hover_links_color":"","ocean_disable_title":"default","ocean_disable_heading":"default","ocean_post_title":"","ocean_post_subheading":"","ocean_post_title_style":"","ocean_post_title_background_color":"","ocean_post_title_background":0,"ocean_post_title_bg_image_position":"","ocean_post_title_bg_image_attachment":"","ocean_post_title_bg_image_repeat":"","ocean_post_title_bg_image_size":"","ocean_post_title_height":0,"ocean_post_title_bg_overlay":0.5,"ocean_post_title_bg_overlay_color":"","ocean_disable_breadcrumbs":"default","ocean_breadcrumbs_color":"","ocean_breadcrumbs_separator_color":"","ocean_breadcrumbs_links_color":"","ocean_breadcrumbs_links_hover_color":"","ocean_display_footer_widgets":"default","ocean_display_footer_bottom":"default","ocean_custom_footer_template":"0"},"product_brand":[],"product_cat":[1034],"product_tag":[],"class_list":{"0":"post-14134","1":"product","2":"type-product","3":"status-publish","4":"has-post-thumbnail","6":"product_cat-non-classe","7":"product_shipping_class-gratuit","9":"entry","10":"has-media","12":"first","13":"outofstock","14":"taxable","15":"shipping-taxable","16":"purchasable","17":"product-type-yith_bundle","18":"has-product-nav","19":"col","20":"span_1_of_4","21":"owp-content-left","22":"item-entry","23":"owp-thumbs-layout-horizontal","24":"owp-btn-big","25":"owp-tabs-layout-horizontal","26":"has-no-thumbnails"},"acf":[],"yoast_head":"<!-- This site is optimized with the Yoast SEO plugin v25.2 - https:\/\/yoast.com\/wordpress\/plugins\/seo\/ -->\n<title>Solution Monitor R2-DX-Smart - Challenge agriculture<\/title>\n<meta name=\"description\" content=\"Toutes les caract\u00e9ristiques techniques de la solution Monitor R2-DX-Smart, produit distribu\u00e9 par Challenge agriculture.\" \/>\n<meta name=\"robots\" content=\"noindex, nofollow\" \/>\n<meta property=\"og:locale\" content=\"fr_FR\" \/>\n<meta property=\"og:type\" content=\"article\" \/>\n<meta property=\"og:title\" content=\"Solution Monitor R2-DX-Smart - Challenge agriculture\" \/>\n<meta property=\"og:description\" content=\"Toutes les caract\u00e9ristiques techniques de la solution Monitor R2-DX-Smart, produit distribu\u00e9 par Challenge agriculture.\" \/>\n<meta property=\"og:url\" content=\"https:\/\/www.challenge-agriculture.fr\/produit\/non-classe\/admin-solution-monitor-r2-dx-smart-transmission-ouverture-des-electro-vannes-copie\/\" \/>\n<meta property=\"og:site_name\" content=\"Challenge Agriculture\" \/>\n<meta property=\"article:modified_time\" content=\"2025-06-16T13:16:31+00:00\" \/>\n<meta property=\"og:image\" content=\"https:\/\/www.challenge-agriculture.fr\/wp-content\/uploads\/2016\/12\/R2-DXSMART.png\" \/>\n\t<meta property=\"og:image:width\" content=\"600\" \/>\n\t<meta property=\"og:image:height\" content=\"600\" \/>\n\t<meta property=\"og:image:type\" content=\"image\/png\" \/>\n<meta name=\"twitter:card\" content=\"summary_large_image\" \/>\n<meta name=\"twitter:label1\" content=\"Est. reading time\" \/>\n\t<meta name=\"twitter:data1\" content=\"2 minutes\" \/>\n<script type=\"application\/ld+json\" class=\"yoast-schema-graph\">{\"@context\":\"https:\/\/schema.org\",\"@graph\":[{\"@type\":\"WebPage\",\"@id\":\"https:\/\/www.challenge-agriculture.fr\/produit\/non-classe\/admin-solution-monitor-r2-dx-smart-transmission-ouverture-des-electro-vannes-copie\/\",\"url\":\"https:\/\/www.challenge-agriculture.fr\/produit\/non-classe\/admin-solution-monitor-r2-dx-smart-transmission-ouverture-des-electro-vannes-copie\/\",\"name\":\"Solution Monitor R2-DX-Smart - Challenge agriculture\",\"isPartOf\":{\"@id\":\"https:\/\/www.challenge-agriculture.fr\/#website\"},\"primaryImageOfPage\":{\"@id\":\"https:\/\/www.challenge-agriculture.fr\/produit\/non-classe\/admin-solution-monitor-r2-dx-smart-transmission-ouverture-des-electro-vannes-copie\/#primaryimage\"},\"image\":{\"@id\":\"https:\/\/www.challenge-agriculture.fr\/produit\/non-classe\/admin-solution-monitor-r2-dx-smart-transmission-ouverture-des-electro-vannes-copie\/#primaryimage\"},\"thumbnailUrl\":\"https:\/\/www.challenge-agriculture.fr\/wp-content\/uploads\/2016\/12\/R2-DXSMART.png\",\"datePublished\":\"2019-12-23T09:47:36+00:00\",\"dateModified\":\"2025-06-16T13:16:31+00:00\",\"description\":\"Toutes les caract\u00e9ristiques techniques de la solution Monitor R2-DX-Smart, produit distribu\u00e9 par Challenge agriculture.\",\"breadcrumb\":{\"@id\":\"https:\/\/www.challenge-agriculture.fr\/produit\/non-classe\/admin-solution-monitor-r2-dx-smart-transmission-ouverture-des-electro-vannes-copie\/#breadcrumb\"},\"inLanguage\":\"en-US\",\"potentialAction\":[{\"@type\":\"ReadAction\",\"target\":[\"https:\/\/www.challenge-agriculture.fr\/produit\/non-classe\/admin-solution-monitor-r2-dx-smart-transmission-ouverture-des-electro-vannes-copie\/\"]}]},{\"@type\":\"ImageObject\",\"inLanguage\":\"en-US\",\"@id\":\"https:\/\/www.challenge-agriculture.fr\/produit\/non-classe\/admin-solution-monitor-r2-dx-smart-transmission-ouverture-des-electro-vannes-copie\/#primaryimage\",\"url\":\"https:\/\/www.challenge-agriculture.fr\/wp-content\/uploads\/2016\/12\/R2-DXSMART.png\",\"contentUrl\":\"https:\/\/www.challenge-agriculture.fr\/wp-content\/uploads\/2016\/12\/R2-DXSMART.png\",\"width\":600,\"height\":600,\"caption\":\"monitor r2 dx smart\"},{\"@type\":\"BreadcrumbList\",\"@id\":\"https:\/\/www.challenge-agriculture.fr\/produit\/non-classe\/admin-solution-monitor-r2-dx-smart-transmission-ouverture-des-electro-vannes-copie\/#breadcrumb\",\"itemListElement\":[{\"@type\":\"ListItem\",\"position\":1,\"name\":\"Home\",\"item\":\"https:\/\/www.challenge-agriculture.fr\/en\/\"},{\"@type\":\"ListItem\",\"position\":2,\"name\":\"Boutique\",\"item\":\"https:\/\/www.challenge-agriculture.fr\/la-boutique\/\"},{\"@type\":\"ListItem\",\"position\":3,\"name\":\"Solution Monitor R2-DX-Smart (transmission, ouverture des \u00e9lectrovannes)\"}]},{\"@type\":\"WebSite\",\"@id\":\"https:\/\/www.challenge-agriculture.fr\/#website\",\"url\":\"https:\/\/www.challenge-agriculture.fr\/\",\"name\":\"Challenge Agriculture\",\"description\":\"\",\"publisher\":{\"@id\":\"https:\/\/www.challenge-agriculture.fr\/#organization\"},\"potentialAction\":[{\"@type\":\"SearchAction\",\"target\":{\"@type\":\"EntryPoint\",\"urlTemplate\":\"https:\/\/www.challenge-agriculture.fr\/?s={search_term_string}\"},\"query-input\":{\"@type\":\"PropertyValueSpecification\",\"valueRequired\":true,\"valueName\":\"search_term_string\"}}],\"inLanguage\":\"en-US\"},{\"@type\":\"Organization\",\"@id\":\"https:\/\/www.challenge-agriculture.fr\/#organization\",\"name\":\"Challenge Agriculture\",\"url\":\"https:\/\/www.challenge-agriculture.fr\/\",\"logo\":{\"@type\":\"ImageObject\",\"inLanguage\":\"en-US\",\"@id\":\"https:\/\/www.challenge-agriculture.fr\/#\/schema\/logo\/image\/\",\"url\":\"https:\/\/www.challenge-agriculture.fr\/wp-content\/uploads\/2020\/02\/logo-doc.png\",\"contentUrl\":\"https:\/\/www.challenge-agriculture.fr\/wp-content\/uploads\/2020\/02\/logo-doc.png\",\"width\":1497,\"height\":355,\"caption\":\"Challenge Agriculture\"},\"image\":{\"@id\":\"https:\/\/www.challenge-agriculture.fr\/#\/schema\/logo\/image\/\"}}]}<\/script>\n<!-- \/ Yoast SEO plugin. -->","yoast_head_json":{"title":"Solution Monitor R2-DX-Smart - Challenge agriculture","description":"Toutes les caract\u00e9ristiques techniques de la solution Monitor R2-DX-Smart, produit distribu\u00e9 par Challenge agriculture.","robots":{"index":"noindex","follow":"nofollow"},"og_locale":"fr_FR","og_type":"article","og_title":"Solution Monitor R2-DX-Smart - Challenge agriculture","og_description":"Toutes les caract\u00e9ristiques techniques de la solution Monitor R2-DX-Smart, produit distribu\u00e9 par Challenge agriculture.","og_url":"https:\/\/www.challenge-agriculture.fr\/produit\/non-classe\/admin-solution-monitor-r2-dx-smart-transmission-ouverture-des-electro-vannes-copie\/","og_site_name":"Challenge Agriculture","article_modified_time":"2025-06-16T13:16:31+00:00","og_image":[{"width":600,"height":600,"url":"https:\/\/www.challenge-agriculture.fr\/wp-content\/uploads\/2016\/12\/R2-DXSMART.png","type":"image\/png"}],"twitter_card":"summary_large_image","twitter_misc":{"Est. reading time":"2 minutes"},"schema":{"@context":"https:\/\/schema.org","@graph":[{"@type":"WebPage","@id":"https:\/\/www.challenge-agriculture.fr\/produit\/non-classe\/admin-solution-monitor-r2-dx-smart-transmission-ouverture-des-electro-vannes-copie\/","url":"https:\/\/www.challenge-agriculture.fr\/produit\/non-classe\/admin-solution-monitor-r2-dx-smart-transmission-ouverture-des-electro-vannes-copie\/","name":"Solution Monitor R2-DX-Smart - Challenge agriculture","isPartOf":{"@id":"https:\/\/www.challenge-agriculture.fr\/#website"},"primaryImageOfPage":{"@id":"https:\/\/www.challenge-agriculture.fr\/produit\/non-classe\/admin-solution-monitor-r2-dx-smart-transmission-ouverture-des-electro-vannes-copie\/#primaryimage"},"image":{"@id":"https:\/\/www.challenge-agriculture.fr\/produit\/non-classe\/admin-solution-monitor-r2-dx-smart-transmission-ouverture-des-electro-vannes-copie\/#primaryimage"},"thumbnailUrl":"https:\/\/www.challenge-agriculture.fr\/wp-content\/uploads\/2016\/12\/R2-DXSMART.png","datePublished":"2019-12-23T09:47:36+00:00","dateModified":"2025-06-16T13:16:31+00:00","description":"Toutes les caract\u00e9ristiques techniques de la solution Monitor R2-DX-Smart, produit distribu\u00e9 par Challenge agriculture.","breadcrumb":{"@id":"https:\/\/www.challenge-agriculture.fr\/produit\/non-classe\/admin-solution-monitor-r2-dx-smart-transmission-ouverture-des-electro-vannes-copie\/#breadcrumb"},"inLanguage":"en-US","potentialAction":[{"@type":"ReadAction","target":["https:\/\/www.challenge-agriculture.fr\/produit\/non-classe\/admin-solution-monitor-r2-dx-smart-transmission-ouverture-des-electro-vannes-copie\/"]}]},{"@type":"ImageObject","inLanguage":"en-US","@id":"https:\/\/www.challenge-agriculture.fr\/produit\/non-classe\/admin-solution-monitor-r2-dx-smart-transmission-ouverture-des-electro-vannes-copie\/#primaryimage","url":"https:\/\/www.challenge-agriculture.fr\/wp-content\/uploads\/2016\/12\/R2-DXSMART.png","contentUrl":"https:\/\/www.challenge-agriculture.fr\/wp-content\/uploads\/2016\/12\/R2-DXSMART.png","width":600,"height":600,"caption":"monitor r2 dx smart"},{"@type":"BreadcrumbList","@id":"https:\/\/www.challenge-agriculture.fr\/produit\/non-classe\/admin-solution-monitor-r2-dx-smart-transmission-ouverture-des-electro-vannes-copie\/#breadcrumb","itemListElement":[{"@type":"ListItem","position":1,"name":"Home","item":"https:\/\/www.challenge-agriculture.fr\/en\/"},{"@type":"ListItem","position":2,"name":"Boutique","item":"https:\/\/www.challenge-agriculture.fr\/la-boutique\/"},{"@type":"ListItem","position":3,"name":"Solution Monitor R2-DX-Smart (transmission, ouverture des \u00e9lectrovannes)"}]},{"@type":"WebSite","@id":"https:\/\/www.challenge-agriculture.fr\/#website","url":"https:\/\/www.challenge-agriculture.fr\/","name":"Challenge Agriculture","description":"","publisher":{"@id":"https:\/\/www.challenge-agriculture.fr\/#organization"},"potentialAction":[{"@type":"SearchAction","target":{"@type":"EntryPoint","urlTemplate":"https:\/\/www.challenge-agriculture.fr\/?s={search_term_string}"},"query-input":{"@type":"PropertyValueSpecification","valueRequired":true,"valueName":"search_term_string"}}],"inLanguage":"en-US"},{"@type":"Organization","@id":"https:\/\/www.challenge-agriculture.fr\/#organization","name":"Challenge Agriculture","url":"https:\/\/www.challenge-agriculture.fr\/","logo":{"@type":"ImageObject","inLanguage":"en-US","@id":"https:\/\/www.challenge-agriculture.fr\/#\/schema\/logo\/image\/","url":"https:\/\/www.challenge-agriculture.fr\/wp-content\/uploads\/2020\/02\/logo-doc.png","contentUrl":"https:\/\/www.challenge-agriculture.fr\/wp-content\/uploads\/2020\/02\/logo-doc.png","width":1497,"height":355,"caption":"Challenge Agriculture"},"image":{"@id":"https:\/\/www.challenge-agriculture.fr\/#\/schema\/logo\/image\/"}}]}},"_links":{"self":[{"href":"https:\/\/www.challenge-agriculture.fr\/en\/wp-json\/wp\/v2\/product\/14134","targetHints":{"allow":["GET"]}}],"collection":[{"href":"https:\/\/www.challenge-agriculture.fr\/en\/wp-json\/wp\/v2\/product"}],"about":[{"href":"https:\/\/www.challenge-agriculture.fr\/en\/wp-json\/wp\/v2\/types\/product"}],"version-history":[{"count":4,"href":"https:\/\/www.challenge-agriculture.fr\/en\/wp-json\/wp\/v2\/product\/14134\/revisions"}],"predecessor-version":[{"id":32553,"href":"https:\/\/www.challenge-agriculture.fr\/en\/wp-json\/wp\/v2\/product\/14134\/revisions\/32553"}],"wp:featuredmedia":[{"embeddable":true,"href":"https:\/\/www.challenge-agriculture.fr\/en\/wp-json\/wp\/v2\/media\/1329"}],"wp:attachment":[{"href":"https:\/\/www.challenge-agriculture.fr\/en\/wp-json\/wp\/v2\/media?parent=14134"}],"wp:term":[{"taxonomy":"product_brand","embeddable":true,"href":"https:\/\/www.challenge-agriculture.fr\/en\/wp-json\/wp\/v2\/product_brand?post=14134"},{"taxonomy":"product_cat","embeddable":true,"href":"https:\/\/www.challenge-agriculture.fr\/en\/wp-json\/wp\/v2\/product_cat?post=14134"},{"taxonomy":"product_tag","embeddable":true,"href":"https:\/\/www.challenge-agriculture.fr\/en\/wp-json\/wp\/v2\/product_tag?post=14134"}],"curies":[{"name":"wp","href":"https:\/\/api.w.org\/{rel}","templated":true}]}}