{"id":32261,"date":"2025-02-25T12:01:18","date_gmt":"2025-02-25T11:01:18","guid":{"rendered":"https:\/\/www.challenge-agriculture.fr\/?post_type=product&#038;p=32261"},"modified":"2026-02-02T10:23:10","modified_gmt":"2026-02-02T09:23:10","slug":"boite-de-100-bandelettes-nitrate-quantofix","status":"publish","type":"product","link":"https:\/\/www.challenge-agriculture.fr\/en\/product\/nitrate-measurement\/nitrate-strips\/boite-de-100-bandelettes-nitrate-quantofix\/","title":{"rendered":"Bo\u00eete de 100 Bandelettes nitrate pour COLORIMETRIE &#8211; QUANTOFIX"},"content":{"rendered":"<h1>1 Boite de 100 bandelettes Nitrate \/ Nitrite &#8211; QUANTOFIX<\/h1>\n<p>Utilisation des bandelettes nitrates \/ nitrite :<\/p>\n<ul>\n<li>Pour lecture visuelle par colorim\u00e9trie<\/li>\n<li>Solution de remplacement provisoire pour lecture semi-automatique via notre appareil de mesure <a href=\"https:\/\/www.challenge-agriculture.fr\/en\/product\/nitrate-measurement\/nitrachek-en\/nitrachek-404-en\/\">Nitrachek<\/a><\/li>\n<\/ul>\n<p>Correspondance des r\u00e9sultats Nitrachek : pour un r\u00e9sultat affich\u00e9 inf\u00e9rieur \u00e0 20ppm, appliquer un coefficient multiplicateur de 3.7 ; pour un r\u00e9sultat affich\u00e9 sup\u00e9rieur \u00e0 20ppm, appliquer x3, vous obtiendrez un r\u00e9sultat en mg\/L.<\/p>\n<p>&nbsp;<\/p>\n<p><strong>FICHE TECHNIQUE &#8211; <\/strong><strong>Languettes test semi quantitatives QUANTOFIX Nitrate\/Nitrite<\/strong><\/p>\n<p>Bandelettes test semi quantitatives pour l&#8217;analyse des nitrates et nitrites dans le sol ou des plantes.<\/p>\n<p><strong>Plateforme: <\/strong>Languettes test semi-quantitatives<\/p>\n<p><strong>Param\u00e8tre: <\/strong>Nitrate, Nitrite<\/p>\n<p><strong>Marque: <\/strong>QUANTOFIX<\/p>\n<p><strong>Graduation:<\/strong> Nitrate &#8211; 0\u2006\u2022\u200610\u2006\u2022\u200625\u2006\u2022\u200650\u2006\u2022\u2006100\u2006\u2022\u2006250\u2006\u2022\u2006500\u202f mg\/L NO\u2083\u207b,<br \/>\nNitrite &#8211; 0\u2006\u2022\u20061\u2006\u2022\u20065\u2006\u2022\u200610\u2006\u2022\u200620\u2006\u2022\u200640\u2006\u2022\u200680\u202f mg\/L NO\u2082\u207b<\/p>\n<p><strong>Changement de couleur: <\/strong>Nitrate &#8211; blanc\u2006\u2192\u2006rouge-violet<\/p>\n<p>Nitrite &#8211; blanc\u2006\u2192\u2006rouge-violet<\/p>\n<p><strong>Evaluation sur r\u00e9flectom\u00e8tre:<\/strong> Nitrachek OK \u2013 (x3.7 &lt;20ppm \u2013 x3 &gt;20ppm)<\/p>\n<p><strong>Domaine de mesure instrumental:<\/strong> Nitrate &#8211; 10\u2013500 mg\/L NO\u2083\u207b, Nitrite &#8211; 0.5\u201380 mg\/L NO\u2082\u207b<\/p>\n<p><strong>M\u00e9thode:<\/strong> Nitrate &#8211; R\u00e9action de Griess modifi\u00e9e, Nitrite &#8211; R\u00e9action de Griess<\/p>\n<p><strong>R\u00e9actif suppl\u00e9mentaire:<\/strong> Non<\/p>\n<p><strong>Temp\u00e9rature de stockage:<\/strong> 4\u201330 \u00b0C<\/p>\n<p><strong>Stabilit\u00e9 (\u00e0 partir de la production):<\/strong> 2.5 An(s)<\/p>\n<p><strong>Contenu:<\/strong> 100 languettes test dans une bo\u00eete, instruction<\/p>\n<p><strong>Poids brut (emballage inclus):<\/strong>\u00a044.2 g<\/p>\n<p><strong>Dimensions de l&#8217;emballage:<\/strong> 40 x 40 x 120 mm<\/p>\n<p><strong>Substances dangereuses:<\/strong> Non<\/p>\n<p>&nbsp;<\/p>\n<h5>En savoir plus\u2026<\/h5>\n<p>Les nitrates des sols proviennent de la fixation de l\u2019azote atmosph\u00e9rique par certaines esp\u00e8ces v\u00e9g\u00e9tales (l\u00e9gumineuses), et sont donc toujours pr\u00e9sents, m\u00eame en l\u2019absence de fertilisation azot\u00e9e, mais celle-ci en constitue la source majeure.<\/p>\n<p>Les nitrates des eaux souterraines proviennent du lessivage par l\u2019eau de pluie des nitrates produits naturellement dans le sol superficiel, ou apport\u00e9s sous forme d&#8217;engrais.<\/p>\n<p>La concentration naturelle en nitrates dans les eaux souterraines est inf\u00e9rieure \u00e0 10 mg\/L. Les nitrates des eaux superficielles ont deux origines principales : l\u2019apport par les nappes souterraines, en rapport avec les activit\u00e9s agricoles et les rejets d&#8217;eaux us\u00e9es urbaines, qui contiennent aussi de l&#8217;ammonium.<\/p>\n<p>Certaines activit\u00e9s industrielles (par exemple dans l&#8217;agroalimentaire) peuvent rejeter des eaux us\u00e9es charg\u00e9es en nitrates.<\/p>\n<p>Le lessivage par la pluie des sols agricoles, particuli\u00e8rement en hiver ou \u00e0 la suite d&#8217;orages importants peu de temps apr\u00e8s l\u2019\u00e9pandage d&#8217;engrais, peut \u00e9galement constituer une source significative de nitrates pour les eaux superficielles.<\/p>\n<p>Dans de nombreux cours d&#8217;eau fran\u00e7ais, une forte saisonnalit\u00e9 des teneurs en nitrates est observ\u00e9e avec des concentrations \u00e9lev\u00e9es en hiver et basses en \u00e9t\u00e9.<\/p>\n","protected":false},"excerpt":{"rendered":"<p>&nbsp;<\/p>\n<h3><strong>1 Boite de 100 bandelettes Nitrate \/ Nitrite QUANTOFIX<\/strong><\/h3>\n<h6>Bandelettes test semi quantitatives id\u00e9ales pour l&#8217;analyse rapide et facile des nitrates et nitrites.<\/h6>\n<p>Marge d&#8217;erreur de 20% : La correspondance des r\u00e9sultats se situe entre la lecture visuelle par colorim\u00e9trie et la lecture via Nitrachek + bandelettes Merk<\/p>\n<ul>\n<li>Pour lecture visuelle par colorim\u00e9trie<\/li>\n<li>Pour lecture semi automatique via notre notre appareil de mesure <a href=\"https:\/\/www.challenge-agriculture.fr\/en\/product\/nitrate-measurement\/nitrachek-en\/nitrachek-404-en\/\">Nitrachek<\/a> : pour un r\u00e9sultat affich\u00e9 inf\u00e9rieur \u00e0 20ppm, appliquer un coefficient multiplicateur de 3.7 ; pour un r\u00e9sultat affich\u00e9 sup\u00e9rieur \u00e0 20ppm, appliquer x3, vous obtiendrez un r\u00e9sultat en mg\/L.<\/li>\n<\/ul>\n","protected":false},"featured_media":32324,"template":"","meta":{"_acf_changed":false,"ocean_post_layout":"","ocean_both_sidebars_style":"","ocean_both_sidebars_content_width":0,"ocean_both_sidebars_sidebars_width":0,"ocean_sidebar":"","ocean_second_sidebar":"","ocean_disable_margins":"enable","ocean_add_body_class":"","ocean_shortcode_before_top_bar":"","ocean_shortcode_after_top_bar":"","ocean_shortcode_before_header":"","ocean_shortcode_after_header":"","ocean_has_shortcode":"","ocean_shortcode_after_title":"","ocean_shortcode_before_footer_widgets":"","ocean_shortcode_after_footer_widgets":"","ocean_shortcode_before_footer_bottom":"","ocean_shortcode_after_footer_bottom":"","ocean_display_top_bar":"default","ocean_display_header":"default","ocean_header_style":"","ocean_center_header_left_menu":"","ocean_custom_header_template":"","ocean_custom_logo":0,"ocean_custom_retina_logo":0,"ocean_custom_logo_max_width":0,"ocean_custom_logo_tablet_max_width":0,"ocean_custom_logo_mobile_max_width":0,"ocean_custom_logo_max_height":0,"ocean_custom_logo_tablet_max_height":0,"ocean_custom_logo_mobile_max_height":0,"ocean_header_custom_menu":"","ocean_menu_typo_font_family":"","ocean_menu_typo_font_subset":"","ocean_menu_typo_font_size":0,"ocean_menu_typo_font_size_tablet":0,"ocean_menu_typo_font_size_mobile":0,"ocean_menu_typo_font_size_unit":"px","ocean_menu_typo_font_weight":"","ocean_menu_typo_font_weight_tablet":"","ocean_menu_typo_font_weight_mobile":"","ocean_menu_typo_transform":"","ocean_menu_typo_transform_tablet":"","ocean_menu_typo_transform_mobile":"","ocean_menu_typo_line_height":0,"ocean_menu_typo_line_height_tablet":0,"ocean_menu_typo_line_height_mobile":0,"ocean_menu_typo_line_height_unit":"","ocean_menu_typo_spacing":0,"ocean_menu_typo_spacing_tablet":0,"ocean_menu_typo_spacing_mobile":0,"ocean_menu_typo_spacing_unit":"","ocean_menu_link_color":"","ocean_menu_link_color_hover":"","ocean_menu_link_color_active":"","ocean_menu_link_background":"","ocean_menu_link_hover_background":"","ocean_menu_link_active_background":"","ocean_menu_social_links_bg":"","ocean_menu_social_hover_links_bg":"","ocean_menu_social_links_color":"","ocean_menu_social_hover_links_color":"","ocean_disable_title":"default","ocean_disable_heading":"default","ocean_post_title":"","ocean_post_subheading":"","ocean_post_title_style":"","ocean_post_title_background_color":"","ocean_post_title_background":0,"ocean_post_title_bg_image_position":"","ocean_post_title_bg_image_attachment":"","ocean_post_title_bg_image_repeat":"","ocean_post_title_bg_image_size":"","ocean_post_title_height":0,"ocean_post_title_bg_overlay":0.5,"ocean_post_title_bg_overlay_color":"","ocean_disable_breadcrumbs":"default","ocean_breadcrumbs_color":"","ocean_breadcrumbs_separator_color":"","ocean_breadcrumbs_links_color":"","ocean_breadcrumbs_links_hover_color":"","ocean_display_footer_widgets":"default","ocean_display_footer_bottom":"default","ocean_custom_footer_template":""},"product_brand":[],"product_cat":[150,196,623],"product_tag":[126,117,119],"class_list":{"0":"post-32261","1":"product","2":"type-product","3":"status-publish","4":"has-post-thumbnail","6":"product_cat-nitrate-measurement","7":"product_cat-nitrate-strips","8":"product_cat-disposable-accessories-for-measurment-on-plant","9":"product_tag-bandelettes-en","10":"product_tag-nitrachek-en","11":"product_tag-tube-en","13":"entry","14":"has-media","16":"first","17":"instock","18":"sale","19":"taxable","20":"shipping-taxable","21":"purchasable","22":"product-type-simple","23":"has-product-nav","24":"col","25":"span_1_of_4","26":"owp-content-left","27":"item-entry","28":"owp-thumbs-layout-horizontal","29":"owp-btn-big","30":"owp-tabs-layout-horizontal"},"acf":[],"yoast_head":"<!-- This site is optimized with the Yoast SEO plugin v25.2 - https:\/\/yoast.com\/wordpress\/plugins\/seo\/ -->\n<title>Bo\u00eete de 100 Bandelettes nitrate pour COLORIMETRIE - QUANTOFIX 100 Bandelettes nitrate - Challenge Agriculture<\/title>\n<meta name=\"description\" content=\"1 Boite de 100 bandelettes Nitrate \/ Nitrite QUANTOFIX, pour lecture visuelle par colorim\u00e9trie, ou via notre appareil de mesure Nitrachek\" \/>\n<meta name=\"robots\" content=\"index, follow, max-snippet:-1, max-image-preview:large, max-video-preview:-1\" \/>\n<link rel=\"canonical\" href=\"https:\/\/www.challenge-agriculture.fr\/en\/product\/nitrate-measurement\/nitrate-strips\/boite-de-100-bandelettes-nitrate-quantofix\/\" \/>\n<meta property=\"og:locale\" content=\"fr_FR\" \/>\n<meta property=\"og:type\" content=\"article\" \/>\n<meta property=\"og:title\" content=\"Bo\u00eete de 100 Bandelettes nitrate pour COLORIMETRIE - QUANTOFIX 100 Bandelettes nitrate - Challenge Agriculture\" \/>\n<meta property=\"og:description\" content=\"1 Boite de 100 bandelettes Nitrate \/ Nitrite QUANTOFIX, pour lecture visuelle par colorim\u00e9trie, ou via notre appareil de mesure Nitrachek\" \/>\n<meta property=\"og:url\" content=\"https:\/\/www.challenge-agriculture.fr\/en\/product\/nitrate-measurement\/nitrate-strips\/boite-de-100-bandelettes-nitrate-quantofix\/\" \/>\n<meta property=\"og:site_name\" content=\"Challenge Agriculture\" \/>\n<meta property=\"article:modified_time\" content=\"2026-02-02T09:23:10+00:00\" \/>\n<meta property=\"og:image\" content=\"https:\/\/www.challenge-agriculture.fr\/wp-content\/uploads\/2025\/02\/1839957_91313_QUANTOFIX_Nitrate_Nitrite_with_teststrip_600x600@2x.png\" \/>\n\t<meta property=\"og:image:width\" content=\"1015\" \/>\n\t<meta property=\"og:image:height\" content=\"1200\" \/>\n\t<meta property=\"og:image:type\" content=\"image\/png\" \/>\n<meta name=\"twitter:card\" content=\"summary_large_image\" \/>\n<meta name=\"twitter:label1\" content=\"Est. reading time\" \/>\n\t<meta name=\"twitter:data1\" content=\"3 minutes\" \/>\n<script type=\"application\/ld+json\" class=\"yoast-schema-graph\">{\"@context\":\"https:\/\/schema.org\",\"@graph\":[{\"@type\":\"WebPage\",\"@id\":\"https:\/\/www.challenge-agriculture.fr\/en\/product\/nitrate-measurement\/nitrate-strips\/boite-de-100-bandelettes-nitrate-quantofix\/\",\"url\":\"https:\/\/www.challenge-agriculture.fr\/en\/product\/nitrate-measurement\/nitrate-strips\/boite-de-100-bandelettes-nitrate-quantofix\/\",\"name\":\"Bo\u00eete de 100 Bandelettes nitrate pour COLORIMETRIE - QUANTOFIX 100 Bandelettes nitrate - Challenge Agriculture\",\"isPartOf\":{\"@id\":\"https:\/\/www.challenge-agriculture.fr\/#website\"},\"primaryImageOfPage\":{\"@id\":\"https:\/\/www.challenge-agriculture.fr\/en\/product\/nitrate-measurement\/nitrate-strips\/boite-de-100-bandelettes-nitrate-quantofix\/#primaryimage\"},\"image\":{\"@id\":\"https:\/\/www.challenge-agriculture.fr\/en\/product\/nitrate-measurement\/nitrate-strips\/boite-de-100-bandelettes-nitrate-quantofix\/#primaryimage\"},\"thumbnailUrl\":\"https:\/\/www.challenge-agriculture.fr\/wp-content\/uploads\/2025\/02\/1839957_91313_QUANTOFIX_Nitrate_Nitrite_with_teststrip_600x600@2x.png\",\"datePublished\":\"2025-02-25T11:01:18+00:00\",\"dateModified\":\"2026-02-02T09:23:10+00:00\",\"description\":\"1 Boite de 100 bandelettes Nitrate \/ Nitrite QUANTOFIX, pour lecture visuelle par colorim\u00e9trie, ou via notre appareil de mesure Nitrachek\",\"breadcrumb\":{\"@id\":\"https:\/\/www.challenge-agriculture.fr\/en\/product\/nitrate-measurement\/nitrate-strips\/boite-de-100-bandelettes-nitrate-quantofix\/#breadcrumb\"},\"inLanguage\":\"en-US\",\"potentialAction\":[{\"@type\":\"ReadAction\",\"target\":[\"https:\/\/www.challenge-agriculture.fr\/en\/product\/nitrate-measurement\/nitrate-strips\/boite-de-100-bandelettes-nitrate-quantofix\/\"]}]},{\"@type\":\"ImageObject\",\"inLanguage\":\"en-US\",\"@id\":\"https:\/\/www.challenge-agriculture.fr\/en\/product\/nitrate-measurement\/nitrate-strips\/boite-de-100-bandelettes-nitrate-quantofix\/#primaryimage\",\"url\":\"https:\/\/www.challenge-agriculture.fr\/wp-content\/uploads\/2025\/02\/1839957_91313_QUANTOFIX_Nitrate_Nitrite_with_teststrip_600x600@2x.png\",\"contentUrl\":\"https:\/\/www.challenge-agriculture.fr\/wp-content\/uploads\/2025\/02\/1839957_91313_QUANTOFIX_Nitrate_Nitrite_with_teststrip_600x600@2x.png\",\"width\":1015,\"height\":1200},{\"@type\":\"BreadcrumbList\",\"@id\":\"https:\/\/www.challenge-agriculture.fr\/en\/product\/nitrate-measurement\/nitrate-strips\/boite-de-100-bandelettes-nitrate-quantofix\/#breadcrumb\",\"itemListElement\":[{\"@type\":\"ListItem\",\"position\":1,\"name\":\"Home\",\"item\":\"https:\/\/www.challenge-agriculture.fr\/en\/\"},{\"@type\":\"ListItem\",\"position\":2,\"name\":\"Boutique\",\"item\":\"https:\/\/www.challenge-agriculture.fr\/la-boutique\/\"},{\"@type\":\"ListItem\",\"position\":3,\"name\":\"Bo\u00eete de 100 Bandelettes nitrate pour COLORIMETRIE &#8211; QUANTOFIX\"}]},{\"@type\":\"WebSite\",\"@id\":\"https:\/\/www.challenge-agriculture.fr\/#website\",\"url\":\"https:\/\/www.challenge-agriculture.fr\/\",\"name\":\"Challenge Agriculture\",\"description\":\"\",\"publisher\":{\"@id\":\"https:\/\/www.challenge-agriculture.fr\/#organization\"},\"potentialAction\":[{\"@type\":\"SearchAction\",\"target\":{\"@type\":\"EntryPoint\",\"urlTemplate\":\"https:\/\/www.challenge-agriculture.fr\/?s={search_term_string}\"},\"query-input\":{\"@type\":\"PropertyValueSpecification\",\"valueRequired\":true,\"valueName\":\"search_term_string\"}}],\"inLanguage\":\"en-US\"},{\"@type\":\"Organization\",\"@id\":\"https:\/\/www.challenge-agriculture.fr\/#organization\",\"name\":\"Challenge Agriculture\",\"url\":\"https:\/\/www.challenge-agriculture.fr\/\",\"logo\":{\"@type\":\"ImageObject\",\"inLanguage\":\"en-US\",\"@id\":\"https:\/\/www.challenge-agriculture.fr\/#\/schema\/logo\/image\/\",\"url\":\"https:\/\/www.challenge-agriculture.fr\/wp-content\/uploads\/2020\/02\/logo-doc.png\",\"contentUrl\":\"https:\/\/www.challenge-agriculture.fr\/wp-content\/uploads\/2020\/02\/logo-doc.png\",\"width\":1497,\"height\":355,\"caption\":\"Challenge Agriculture\"},\"image\":{\"@id\":\"https:\/\/www.challenge-agriculture.fr\/#\/schema\/logo\/image\/\"}}]}<\/script>\n<!-- \/ Yoast SEO plugin. -->","yoast_head_json":{"title":"Bo\u00eete de 100 Bandelettes nitrate pour COLORIMETRIE - QUANTOFIX 100 Bandelettes nitrate - Challenge Agriculture","description":"1 Boite de 100 bandelettes Nitrate \/ Nitrite QUANTOFIX, pour lecture visuelle par colorim\u00e9trie, ou via notre appareil de mesure Nitrachek","robots":{"index":"index","follow":"follow","max-snippet":"max-snippet:-1","max-image-preview":"max-image-preview:large","max-video-preview":"max-video-preview:-1"},"canonical":"https:\/\/www.challenge-agriculture.fr\/en\/product\/nitrate-measurement\/nitrate-strips\/boite-de-100-bandelettes-nitrate-quantofix\/","og_locale":"fr_FR","og_type":"article","og_title":"Bo\u00eete de 100 Bandelettes nitrate pour COLORIMETRIE - QUANTOFIX 100 Bandelettes nitrate - Challenge Agriculture","og_description":"1 Boite de 100 bandelettes Nitrate \/ Nitrite QUANTOFIX, pour lecture visuelle par colorim\u00e9trie, ou via notre appareil de mesure Nitrachek","og_url":"https:\/\/www.challenge-agriculture.fr\/en\/product\/nitrate-measurement\/nitrate-strips\/boite-de-100-bandelettes-nitrate-quantofix\/","og_site_name":"Challenge Agriculture","article_modified_time":"2026-02-02T09:23:10+00:00","og_image":[{"width":1015,"height":1200,"url":"https:\/\/www.challenge-agriculture.fr\/wp-content\/uploads\/2025\/02\/1839957_91313_QUANTOFIX_Nitrate_Nitrite_with_teststrip_600x600@2x.png","type":"image\/png"}],"twitter_card":"summary_large_image","twitter_misc":{"Est. reading time":"3 minutes"},"schema":{"@context":"https:\/\/schema.org","@graph":[{"@type":"WebPage","@id":"https:\/\/www.challenge-agriculture.fr\/en\/product\/nitrate-measurement\/nitrate-strips\/boite-de-100-bandelettes-nitrate-quantofix\/","url":"https:\/\/www.challenge-agriculture.fr\/en\/product\/nitrate-measurement\/nitrate-strips\/boite-de-100-bandelettes-nitrate-quantofix\/","name":"Bo\u00eete de 100 Bandelettes nitrate pour COLORIMETRIE - QUANTOFIX 100 Bandelettes nitrate - Challenge Agriculture","isPartOf":{"@id":"https:\/\/www.challenge-agriculture.fr\/#website"},"primaryImageOfPage":{"@id":"https:\/\/www.challenge-agriculture.fr\/en\/product\/nitrate-measurement\/nitrate-strips\/boite-de-100-bandelettes-nitrate-quantofix\/#primaryimage"},"image":{"@id":"https:\/\/www.challenge-agriculture.fr\/en\/product\/nitrate-measurement\/nitrate-strips\/boite-de-100-bandelettes-nitrate-quantofix\/#primaryimage"},"thumbnailUrl":"https:\/\/www.challenge-agriculture.fr\/wp-content\/uploads\/2025\/02\/1839957_91313_QUANTOFIX_Nitrate_Nitrite_with_teststrip_600x600@2x.png","datePublished":"2025-02-25T11:01:18+00:00","dateModified":"2026-02-02T09:23:10+00:00","description":"1 Boite de 100 bandelettes Nitrate \/ Nitrite QUANTOFIX, pour lecture visuelle par colorim\u00e9trie, ou via notre appareil de mesure Nitrachek","breadcrumb":{"@id":"https:\/\/www.challenge-agriculture.fr\/en\/product\/nitrate-measurement\/nitrate-strips\/boite-de-100-bandelettes-nitrate-quantofix\/#breadcrumb"},"inLanguage":"en-US","potentialAction":[{"@type":"ReadAction","target":["https:\/\/www.challenge-agriculture.fr\/en\/product\/nitrate-measurement\/nitrate-strips\/boite-de-100-bandelettes-nitrate-quantofix\/"]}]},{"@type":"ImageObject","inLanguage":"en-US","@id":"https:\/\/www.challenge-agriculture.fr\/en\/product\/nitrate-measurement\/nitrate-strips\/boite-de-100-bandelettes-nitrate-quantofix\/#primaryimage","url":"https:\/\/www.challenge-agriculture.fr\/wp-content\/uploads\/2025\/02\/1839957_91313_QUANTOFIX_Nitrate_Nitrite_with_teststrip_600x600@2x.png","contentUrl":"https:\/\/www.challenge-agriculture.fr\/wp-content\/uploads\/2025\/02\/1839957_91313_QUANTOFIX_Nitrate_Nitrite_with_teststrip_600x600@2x.png","width":1015,"height":1200},{"@type":"BreadcrumbList","@id":"https:\/\/www.challenge-agriculture.fr\/en\/product\/nitrate-measurement\/nitrate-strips\/boite-de-100-bandelettes-nitrate-quantofix\/#breadcrumb","itemListElement":[{"@type":"ListItem","position":1,"name":"Home","item":"https:\/\/www.challenge-agriculture.fr\/en\/"},{"@type":"ListItem","position":2,"name":"Boutique","item":"https:\/\/www.challenge-agriculture.fr\/la-boutique\/"},{"@type":"ListItem","position":3,"name":"Bo\u00eete de 100 Bandelettes nitrate pour COLORIMETRIE &#8211; QUANTOFIX"}]},{"@type":"WebSite","@id":"https:\/\/www.challenge-agriculture.fr\/#website","url":"https:\/\/www.challenge-agriculture.fr\/","name":"Challenge Agriculture","description":"","publisher":{"@id":"https:\/\/www.challenge-agriculture.fr\/#organization"},"potentialAction":[{"@type":"SearchAction","target":{"@type":"EntryPoint","urlTemplate":"https:\/\/www.challenge-agriculture.fr\/?s={search_term_string}"},"query-input":{"@type":"PropertyValueSpecification","valueRequired":true,"valueName":"search_term_string"}}],"inLanguage":"en-US"},{"@type":"Organization","@id":"https:\/\/www.challenge-agriculture.fr\/#organization","name":"Challenge Agriculture","url":"https:\/\/www.challenge-agriculture.fr\/","logo":{"@type":"ImageObject","inLanguage":"en-US","@id":"https:\/\/www.challenge-agriculture.fr\/#\/schema\/logo\/image\/","url":"https:\/\/www.challenge-agriculture.fr\/wp-content\/uploads\/2020\/02\/logo-doc.png","contentUrl":"https:\/\/www.challenge-agriculture.fr\/wp-content\/uploads\/2020\/02\/logo-doc.png","width":1497,"height":355,"caption":"Challenge Agriculture"},"image":{"@id":"https:\/\/www.challenge-agriculture.fr\/#\/schema\/logo\/image\/"}}]}},"_links":{"self":[{"href":"https:\/\/www.challenge-agriculture.fr\/en\/wp-json\/wp\/v2\/product\/32261","targetHints":{"allow":["GET"]}}],"collection":[{"href":"https:\/\/www.challenge-agriculture.fr\/en\/wp-json\/wp\/v2\/product"}],"about":[{"href":"https:\/\/www.challenge-agriculture.fr\/en\/wp-json\/wp\/v2\/types\/product"}],"version-history":[{"count":27,"href":"https:\/\/www.challenge-agriculture.fr\/en\/wp-json\/wp\/v2\/product\/32261\/revisions"}],"predecessor-version":[{"id":32961,"href":"https:\/\/www.challenge-agriculture.fr\/en\/wp-json\/wp\/v2\/product\/32261\/revisions\/32961"}],"wp:featuredmedia":[{"embeddable":true,"href":"https:\/\/www.challenge-agriculture.fr\/en\/wp-json\/wp\/v2\/media\/32324"}],"wp:attachment":[{"href":"https:\/\/www.challenge-agriculture.fr\/en\/wp-json\/wp\/v2\/media?parent=32261"}],"wp:term":[{"taxonomy":"product_brand","embeddable":true,"href":"https:\/\/www.challenge-agriculture.fr\/en\/wp-json\/wp\/v2\/product_brand?post=32261"},{"taxonomy":"product_cat","embeddable":true,"href":"https:\/\/www.challenge-agriculture.fr\/en\/wp-json\/wp\/v2\/product_cat?post=32261"},{"taxonomy":"product_tag","embeddable":true,"href":"https:\/\/www.challenge-agriculture.fr\/en\/wp-json\/wp\/v2\/product_tag?post=32261"}],"curies":[{"name":"wp","href":"https:\/\/api.w.org\/{rel}","templated":true}]}}