{"id":32638,"date":"2025-09-24T10:10:46","date_gmt":"2025-09-24T08:10:46","guid":{"rendered":"https:\/\/www.challenge-agriculture.fr\/?post_type=product&#038;p=32638"},"modified":"2025-12-03T14:58:49","modified_gmt":"2025-12-03T13:58:49","slug":"sondes-spigot-watermark-96cm-wire-pour-makers","status":"publish","type":"product","link":"https:\/\/www.challenge-agriculture.fr\/en\/produit\/tensiometrie\/monitor-et-sondes-watermark\/accessoires-pour-sondes-watermark\/sondes-spigot-watermark-96cm-wire-pour-makers\/","title":{"rendered":"Sondes SPIGOT WATERMARK\u00ae  96cm Wire pour makers"},"content":{"rendered":"\t\t<div data-elementor-type=\"product-post\" data-elementor-id=\"32638\" class=\"elementor elementor-32638\" data-elementor-post-type=\"product\">\n\t\t\t\t\t\t<section class=\"elementor-section elementor-top-section elementor-element elementor-element-4d8e4d71 elementor-section-boxed elementor-section-height-default elementor-section-height-default\" data-id=\"4d8e4d71\" data-element_type=\"section\">\n\t\t\t\t\t\t<div class=\"elementor-container elementor-column-gap-default\">\n\t\t\t\t\t<div class=\"elementor-column elementor-col-100 elementor-top-column elementor-element elementor-element-416a8885\" data-id=\"416a8885\" data-element_type=\"column\">\n\t\t\t<div class=\"elementor-widget-wrap elementor-element-populated\">\n\t\t\t\t\t\t<div class=\"elementor-element elementor-element-302ed999 elementor-widget elementor-widget-text-editor\" data-id=\"302ed999\" data-element_type=\"widget\" data-widget_type=\"text-editor.default\">\n\t\t\t\t<div class=\"elementor-widget-container\">\n\t\t\t\t\t\t\t\t\t<h2>Les sondes Watermark \u00ae SPIGOT\u00a0<\/h2><p>Les <strong>sondes Watermark<\/strong> (Irrometer Co) doivent assurer un contact parfait avec le sol. Un pr\u00e9-trou est r\u00e9alis\u00e9 sans perturber le milieu \u00e0 observer, gr\u00e2ce \u00e0 la tari\u00e8re spirale \u00e9tag\u00e9e 25\/22 mm correspondante. La mesure doit \u00eatre compens\u00e9e de la temp\u00e9rature du sol.<\/p><p><strong>Rappel<\/strong> : 6 \u00e0 16 sondes par parcelle, avec un minimum de 6 = 3 r\u00e9p\u00e9titions minimales x 2 profondeurs, permettent d&#8217;observer l&#8217;\u00e9volution dans le temps de ce milieu h\u00e9t\u00e9rog\u00e8ne qu&#8217;est un sol cultiv\u00e9 irrigu\u00e9. H\u00e9t\u00e9rog\u00e9n\u00e9it\u00e9 de structure propre aux sols cultiv\u00e9s, ainsi qu&#8217;h\u00e9t\u00e9rog\u00e9n\u00e9it\u00e9 de r\u00e9partition de l&#8217;eau, intrins\u00e8que aux diff\u00e9rents <strong>modes d&#8217;irrigation<\/strong> : submersion, irrigation \u00e0 la raie, aspersion pivot, enrouleur, sprinkler, micro-irrigation, goutte-\u00e0-goutte.<\/p><p>Les <strong>sondes Watermark \u00ae<\/strong> mesurent la tension de l&#8217;eau sur une gamme de 0 \u00e0 239 cb, permettant le <strong>pilotage d&#8217;irrigation<\/strong> sur quasi toutes situations de culture\/climat\/sol\/mat\u00e9riel d&#8217;irrigation.<\/p>\t\t\t\t\t\t\t\t<\/div>\n\t\t\t\t<\/div>\n\t\t\t\t\t<\/div>\n\t\t<\/div>\n\t\t\t\t\t<\/div>\n\t\t<\/section>\n\t\t\t\t<\/div>\n\t\t","protected":false},"excerpt":{"rendered":"<p><strong>SONDE SPIGOT 96 CM DE FIL &#8211; NON TUB\u00c9E<\/strong><\/p>\n<p>Sonde WATERMARK\u00ae version SPIGOT, format 96 cm, adapt\u00e9e aux projets makers, prototypage ou int\u00e9grations personnalis\u00e9es.<\/p>\n<p><strong>Utilisation :<\/strong><\/p>\n<ul>\n<li>Projets \u00e9lectroniques, robots agricoles, stations maison<\/li>\n<li>Int\u00e9gration dans syst\u00e8mes DIY de mesure du sol<\/li>\n<\/ul>\n<p>&nbsp;<\/p>\n<p><strong>Caract\u00e9ristiques \/ Conditionnement :<\/strong><\/p>\n<ul>\n<li>Longueur : 96 cm<\/li>\n<li>Version SPIGOT<\/li>\n<li>Connectique libre<\/li>\n<li>Conditionnement \u00e0 l\u2019unit\u00e9<\/li>\n<\/ul>\n","protected":false},"featured_media":16501,"template":"","meta":{"_acf_changed":false,"ocean_post_layout":"","ocean_both_sidebars_style":"","ocean_both_sidebars_content_width":0,"ocean_both_sidebars_sidebars_width":0,"ocean_sidebar":"0","ocean_second_sidebar":"0","ocean_disable_margins":"enable","ocean_add_body_class":"","ocean_shortcode_before_top_bar":"","ocean_shortcode_after_top_bar":"","ocean_shortcode_before_header":"","ocean_shortcode_after_header":"","ocean_has_shortcode":"","ocean_shortcode_after_title":"","ocean_shortcode_before_footer_widgets":"","ocean_shortcode_after_footer_widgets":"","ocean_shortcode_before_footer_bottom":"","ocean_shortcode_after_footer_bottom":"","ocean_display_top_bar":"default","ocean_display_header":"default","ocean_header_style":"","ocean_center_header_left_menu":"0","ocean_custom_header_template":"0","ocean_custom_logo":0,"ocean_custom_retina_logo":0,"ocean_custom_logo_max_width":0,"ocean_custom_logo_tablet_max_width":0,"ocean_custom_logo_mobile_max_width":0,"ocean_custom_logo_max_height":0,"ocean_custom_logo_tablet_max_height":0,"ocean_custom_logo_mobile_max_height":0,"ocean_header_custom_menu":"0","ocean_menu_typo_font_family":"0","ocean_menu_typo_font_subset":"","ocean_menu_typo_font_size":0,"ocean_menu_typo_font_size_tablet":0,"ocean_menu_typo_font_size_mobile":0,"ocean_menu_typo_font_size_unit":"px","ocean_menu_typo_font_weight":"","ocean_menu_typo_font_weight_tablet":"","ocean_menu_typo_font_weight_mobile":"","ocean_menu_typo_transform":"","ocean_menu_typo_transform_tablet":"","ocean_menu_typo_transform_mobile":"","ocean_menu_typo_line_height":0,"ocean_menu_typo_line_height_tablet":0,"ocean_menu_typo_line_height_mobile":0,"ocean_menu_typo_line_height_unit":"","ocean_menu_typo_spacing":0,"ocean_menu_typo_spacing_tablet":0,"ocean_menu_typo_spacing_mobile":0,"ocean_menu_typo_spacing_unit":"","ocean_menu_link_color":"","ocean_menu_link_color_hover":"","ocean_menu_link_color_active":"","ocean_menu_link_background":"","ocean_menu_link_hover_background":"","ocean_menu_link_active_background":"","ocean_menu_social_links_bg":"","ocean_menu_social_hover_links_bg":"","ocean_menu_social_links_color":"","ocean_menu_social_hover_links_color":"","ocean_disable_title":"default","ocean_disable_heading":"default","ocean_post_title":"","ocean_post_subheading":"","ocean_post_title_style":"","ocean_post_title_background_color":"","ocean_post_title_background":0,"ocean_post_title_bg_image_position":"","ocean_post_title_bg_image_attachment":"","ocean_post_title_bg_image_repeat":"","ocean_post_title_bg_image_size":"","ocean_post_title_height":0,"ocean_post_title_bg_overlay":0.5,"ocean_post_title_bg_overlay_color":"","ocean_disable_breadcrumbs":"default","ocean_breadcrumbs_color":"","ocean_breadcrumbs_separator_color":"","ocean_breadcrumbs_links_color":"","ocean_breadcrumbs_links_hover_color":"","ocean_display_footer_widgets":"default","ocean_display_footer_bottom":"default","ocean_custom_footer_template":"0"},"product_brand":[],"product_cat":[1172,696,1099],"product_tag":[],"class_list":{"0":"post-32638","1":"product","2":"type-product","3":"status-publish","4":"has-post-thumbnail","6":"product_cat-espace-makers","7":"product_cat-monitor-et-sondes-watermark","8":"product_cat-accessoires-pour-sondes-watermark","10":"entry","11":"has-media","13":"first","14":"instock","15":"taxable","16":"shipping-taxable","17":"purchasable","18":"product-type-simple","19":"has-product-nav","20":"col","21":"span_1_of_4","22":"owp-content-left","23":"item-entry","24":"owp-thumbs-layout-horizontal","25":"owp-btn-big","26":"owp-tabs-layout-horizontal","27":"has-no-thumbnails"},"acf":[],"yoast_head":"<!-- This site is optimized with the Yoast SEO plugin v25.2 - https:\/\/yoast.com\/wordpress\/plugins\/seo\/ -->\n<title>Sondes Watermark pour makers - Challenge agriculture<\/title>\n<meta name=\"description\" content=\"Toutes les caract\u00e9ristiques techniques des sondes Watermark pour makers, un produit distribu\u00e9 par Challenge agriculture.\" \/>\n<meta name=\"robots\" content=\"index, follow, max-snippet:-1, max-image-preview:large, max-video-preview:-1\" \/>\n<link rel=\"canonical\" href=\"https:\/\/www.challenge-agriculture.fr\/produit\/tensiometrie\/monitor-et-sondes-watermark\/accessoires-pour-sondes-watermark\/sondes-spigot-watermark-96cm-wire-pour-makers\/\" \/>\n<meta property=\"og:locale\" content=\"fr_FR\" \/>\n<meta property=\"og:type\" content=\"article\" \/>\n<meta property=\"og:title\" content=\"Sondes Watermark pour makers - Challenge agriculture\" \/>\n<meta property=\"og:description\" content=\"Toutes les caract\u00e9ristiques techniques des sondes Watermark pour makers, un produit distribu\u00e9 par Challenge agriculture.\" \/>\n<meta property=\"og:url\" content=\"https:\/\/www.challenge-agriculture.fr\/produit\/tensiometrie\/monitor-et-sondes-watermark\/accessoires-pour-sondes-watermark\/sondes-spigot-watermark-96cm-wire-pour-makers\/\" \/>\n<meta property=\"og:site_name\" content=\"Challenge Agriculture\" \/>\n<meta property=\"article:modified_time\" content=\"2025-12-03T13:58:49+00:00\" \/>\n<meta property=\"og:image\" content=\"https:\/\/www.challenge-agriculture.fr\/wp-content\/uploads\/2020\/01\/Sondes-WATERMARK-pour-makers.jpg\" \/>\n\t<meta property=\"og:image:width\" content=\"480\" \/>\n\t<meta property=\"og:image:height\" content=\"360\" \/>\n\t<meta property=\"og:image:type\" content=\"image\/jpeg\" \/>\n<meta name=\"twitter:card\" content=\"summary_large_image\" \/>\n<meta name=\"twitter:label1\" content=\"Est. reading time\" \/>\n\t<meta name=\"twitter:data1\" content=\"1 minute\" \/>\n<script type=\"application\/ld+json\" class=\"yoast-schema-graph\">{\"@context\":\"https:\/\/schema.org\",\"@graph\":[{\"@type\":\"WebPage\",\"@id\":\"https:\/\/www.challenge-agriculture.fr\/produit\/tensiometrie\/monitor-et-sondes-watermark\/accessoires-pour-sondes-watermark\/sondes-spigot-watermark-96cm-wire-pour-makers\/\",\"url\":\"https:\/\/www.challenge-agriculture.fr\/produit\/tensiometrie\/monitor-et-sondes-watermark\/accessoires-pour-sondes-watermark\/sondes-spigot-watermark-96cm-wire-pour-makers\/\",\"name\":\"Sondes Watermark pour makers - Challenge agriculture\",\"isPartOf\":{\"@id\":\"https:\/\/www.challenge-agriculture.fr\/#website\"},\"primaryImageOfPage\":{\"@id\":\"https:\/\/www.challenge-agriculture.fr\/produit\/tensiometrie\/monitor-et-sondes-watermark\/accessoires-pour-sondes-watermark\/sondes-spigot-watermark-96cm-wire-pour-makers\/#primaryimage\"},\"image\":{\"@id\":\"https:\/\/www.challenge-agriculture.fr\/produit\/tensiometrie\/monitor-et-sondes-watermark\/accessoires-pour-sondes-watermark\/sondes-spigot-watermark-96cm-wire-pour-makers\/#primaryimage\"},\"thumbnailUrl\":\"https:\/\/www.challenge-agriculture.fr\/wp-content\/uploads\/2020\/01\/Sondes-WATERMARK-pour-makers.jpg\",\"datePublished\":\"2025-09-24T08:10:46+00:00\",\"dateModified\":\"2025-12-03T13:58:49+00:00\",\"description\":\"Toutes les caract\u00e9ristiques techniques des sondes Watermark pour makers, un produit distribu\u00e9 par Challenge agriculture.\",\"breadcrumb\":{\"@id\":\"https:\/\/www.challenge-agriculture.fr\/produit\/tensiometrie\/monitor-et-sondes-watermark\/accessoires-pour-sondes-watermark\/sondes-spigot-watermark-96cm-wire-pour-makers\/#breadcrumb\"},\"inLanguage\":\"en-US\",\"potentialAction\":[{\"@type\":\"ReadAction\",\"target\":[\"https:\/\/www.challenge-agriculture.fr\/produit\/tensiometrie\/monitor-et-sondes-watermark\/accessoires-pour-sondes-watermark\/sondes-spigot-watermark-96cm-wire-pour-makers\/\"]}]},{\"@type\":\"ImageObject\",\"inLanguage\":\"en-US\",\"@id\":\"https:\/\/www.challenge-agriculture.fr\/produit\/tensiometrie\/monitor-et-sondes-watermark\/accessoires-pour-sondes-watermark\/sondes-spigot-watermark-96cm-wire-pour-makers\/#primaryimage\",\"url\":\"https:\/\/www.challenge-agriculture.fr\/wp-content\/uploads\/2020\/01\/Sondes-WATERMARK-pour-makers.jpg\",\"contentUrl\":\"https:\/\/www.challenge-agriculture.fr\/wp-content\/uploads\/2020\/01\/Sondes-WATERMARK-pour-makers.jpg\",\"width\":480,\"height\":360,\"caption\":\"sondes watermark pour makers\"},{\"@type\":\"BreadcrumbList\",\"@id\":\"https:\/\/www.challenge-agriculture.fr\/produit\/tensiometrie\/monitor-et-sondes-watermark\/accessoires-pour-sondes-watermark\/sondes-spigot-watermark-96cm-wire-pour-makers\/#breadcrumb\",\"itemListElement\":[{\"@type\":\"ListItem\",\"position\":1,\"name\":\"Home\",\"item\":\"https:\/\/www.challenge-agriculture.fr\/en\/\"},{\"@type\":\"ListItem\",\"position\":2,\"name\":\"Boutique\",\"item\":\"https:\/\/www.challenge-agriculture.fr\/la-boutique\/\"},{\"@type\":\"ListItem\",\"position\":3,\"name\":\"Sondes SPIGOT WATERMARK\u00ae 96cm Wire pour makers\"}]},{\"@type\":\"WebSite\",\"@id\":\"https:\/\/www.challenge-agriculture.fr\/#website\",\"url\":\"https:\/\/www.challenge-agriculture.fr\/\",\"name\":\"Challenge Agriculture\",\"description\":\"\",\"publisher\":{\"@id\":\"https:\/\/www.challenge-agriculture.fr\/#organization\"},\"potentialAction\":[{\"@type\":\"SearchAction\",\"target\":{\"@type\":\"EntryPoint\",\"urlTemplate\":\"https:\/\/www.challenge-agriculture.fr\/?s={search_term_string}\"},\"query-input\":{\"@type\":\"PropertyValueSpecification\",\"valueRequired\":true,\"valueName\":\"search_term_string\"}}],\"inLanguage\":\"en-US\"},{\"@type\":\"Organization\",\"@id\":\"https:\/\/www.challenge-agriculture.fr\/#organization\",\"name\":\"Challenge Agriculture\",\"url\":\"https:\/\/www.challenge-agriculture.fr\/\",\"logo\":{\"@type\":\"ImageObject\",\"inLanguage\":\"en-US\",\"@id\":\"https:\/\/www.challenge-agriculture.fr\/#\/schema\/logo\/image\/\",\"url\":\"https:\/\/www.challenge-agriculture.fr\/wp-content\/uploads\/2020\/02\/logo-doc.png\",\"contentUrl\":\"https:\/\/www.challenge-agriculture.fr\/wp-content\/uploads\/2020\/02\/logo-doc.png\",\"width\":1497,\"height\":355,\"caption\":\"Challenge Agriculture\"},\"image\":{\"@id\":\"https:\/\/www.challenge-agriculture.fr\/#\/schema\/logo\/image\/\"}}]}<\/script>\n<!-- \/ Yoast SEO plugin. -->","yoast_head_json":{"title":"Sondes Watermark pour makers - Challenge agriculture","description":"Toutes les caract\u00e9ristiques techniques des sondes Watermark pour makers, un produit distribu\u00e9 par Challenge agriculture.","robots":{"index":"index","follow":"follow","max-snippet":"max-snippet:-1","max-image-preview":"max-image-preview:large","max-video-preview":"max-video-preview:-1"},"canonical":"https:\/\/www.challenge-agriculture.fr\/produit\/tensiometrie\/monitor-et-sondes-watermark\/accessoires-pour-sondes-watermark\/sondes-spigot-watermark-96cm-wire-pour-makers\/","og_locale":"fr_FR","og_type":"article","og_title":"Sondes Watermark pour makers - Challenge agriculture","og_description":"Toutes les caract\u00e9ristiques techniques des sondes Watermark pour makers, un produit distribu\u00e9 par Challenge agriculture.","og_url":"https:\/\/www.challenge-agriculture.fr\/produit\/tensiometrie\/monitor-et-sondes-watermark\/accessoires-pour-sondes-watermark\/sondes-spigot-watermark-96cm-wire-pour-makers\/","og_site_name":"Challenge Agriculture","article_modified_time":"2025-12-03T13:58:49+00:00","og_image":[{"width":480,"height":360,"url":"https:\/\/www.challenge-agriculture.fr\/wp-content\/uploads\/2020\/01\/Sondes-WATERMARK-pour-makers.jpg","type":"image\/jpeg"}],"twitter_card":"summary_large_image","twitter_misc":{"Est. reading time":"1 minute"},"schema":{"@context":"https:\/\/schema.org","@graph":[{"@type":"WebPage","@id":"https:\/\/www.challenge-agriculture.fr\/produit\/tensiometrie\/monitor-et-sondes-watermark\/accessoires-pour-sondes-watermark\/sondes-spigot-watermark-96cm-wire-pour-makers\/","url":"https:\/\/www.challenge-agriculture.fr\/produit\/tensiometrie\/monitor-et-sondes-watermark\/accessoires-pour-sondes-watermark\/sondes-spigot-watermark-96cm-wire-pour-makers\/","name":"Sondes Watermark pour makers - Challenge agriculture","isPartOf":{"@id":"https:\/\/www.challenge-agriculture.fr\/#website"},"primaryImageOfPage":{"@id":"https:\/\/www.challenge-agriculture.fr\/produit\/tensiometrie\/monitor-et-sondes-watermark\/accessoires-pour-sondes-watermark\/sondes-spigot-watermark-96cm-wire-pour-makers\/#primaryimage"},"image":{"@id":"https:\/\/www.challenge-agriculture.fr\/produit\/tensiometrie\/monitor-et-sondes-watermark\/accessoires-pour-sondes-watermark\/sondes-spigot-watermark-96cm-wire-pour-makers\/#primaryimage"},"thumbnailUrl":"https:\/\/www.challenge-agriculture.fr\/wp-content\/uploads\/2020\/01\/Sondes-WATERMARK-pour-makers.jpg","datePublished":"2025-09-24T08:10:46+00:00","dateModified":"2025-12-03T13:58:49+00:00","description":"Toutes les caract\u00e9ristiques techniques des sondes Watermark pour makers, un produit distribu\u00e9 par Challenge agriculture.","breadcrumb":{"@id":"https:\/\/www.challenge-agriculture.fr\/produit\/tensiometrie\/monitor-et-sondes-watermark\/accessoires-pour-sondes-watermark\/sondes-spigot-watermark-96cm-wire-pour-makers\/#breadcrumb"},"inLanguage":"en-US","potentialAction":[{"@type":"ReadAction","target":["https:\/\/www.challenge-agriculture.fr\/produit\/tensiometrie\/monitor-et-sondes-watermark\/accessoires-pour-sondes-watermark\/sondes-spigot-watermark-96cm-wire-pour-makers\/"]}]},{"@type":"ImageObject","inLanguage":"en-US","@id":"https:\/\/www.challenge-agriculture.fr\/produit\/tensiometrie\/monitor-et-sondes-watermark\/accessoires-pour-sondes-watermark\/sondes-spigot-watermark-96cm-wire-pour-makers\/#primaryimage","url":"https:\/\/www.challenge-agriculture.fr\/wp-content\/uploads\/2020\/01\/Sondes-WATERMARK-pour-makers.jpg","contentUrl":"https:\/\/www.challenge-agriculture.fr\/wp-content\/uploads\/2020\/01\/Sondes-WATERMARK-pour-makers.jpg","width":480,"height":360,"caption":"sondes watermark pour makers"},{"@type":"BreadcrumbList","@id":"https:\/\/www.challenge-agriculture.fr\/produit\/tensiometrie\/monitor-et-sondes-watermark\/accessoires-pour-sondes-watermark\/sondes-spigot-watermark-96cm-wire-pour-makers\/#breadcrumb","itemListElement":[{"@type":"ListItem","position":1,"name":"Home","item":"https:\/\/www.challenge-agriculture.fr\/en\/"},{"@type":"ListItem","position":2,"name":"Boutique","item":"https:\/\/www.challenge-agriculture.fr\/la-boutique\/"},{"@type":"ListItem","position":3,"name":"Sondes SPIGOT WATERMARK\u00ae 96cm Wire pour makers"}]},{"@type":"WebSite","@id":"https:\/\/www.challenge-agriculture.fr\/#website","url":"https:\/\/www.challenge-agriculture.fr\/","name":"Challenge Agriculture","description":"","publisher":{"@id":"https:\/\/www.challenge-agriculture.fr\/#organization"},"potentialAction":[{"@type":"SearchAction","target":{"@type":"EntryPoint","urlTemplate":"https:\/\/www.challenge-agriculture.fr\/?s={search_term_string}"},"query-input":{"@type":"PropertyValueSpecification","valueRequired":true,"valueName":"search_term_string"}}],"inLanguage":"en-US"},{"@type":"Organization","@id":"https:\/\/www.challenge-agriculture.fr\/#organization","name":"Challenge Agriculture","url":"https:\/\/www.challenge-agriculture.fr\/","logo":{"@type":"ImageObject","inLanguage":"en-US","@id":"https:\/\/www.challenge-agriculture.fr\/#\/schema\/logo\/image\/","url":"https:\/\/www.challenge-agriculture.fr\/wp-content\/uploads\/2020\/02\/logo-doc.png","contentUrl":"https:\/\/www.challenge-agriculture.fr\/wp-content\/uploads\/2020\/02\/logo-doc.png","width":1497,"height":355,"caption":"Challenge Agriculture"},"image":{"@id":"https:\/\/www.challenge-agriculture.fr\/#\/schema\/logo\/image\/"}}]}},"_links":{"self":[{"href":"https:\/\/www.challenge-agriculture.fr\/en\/wp-json\/wp\/v2\/product\/32638","targetHints":{"allow":["GET"]}}],"collection":[{"href":"https:\/\/www.challenge-agriculture.fr\/en\/wp-json\/wp\/v2\/product"}],"about":[{"href":"https:\/\/www.challenge-agriculture.fr\/en\/wp-json\/wp\/v2\/types\/product"}],"version-history":[{"count":8,"href":"https:\/\/www.challenge-agriculture.fr\/en\/wp-json\/wp\/v2\/product\/32638\/revisions"}],"predecessor-version":[{"id":32742,"href":"https:\/\/www.challenge-agriculture.fr\/en\/wp-json\/wp\/v2\/product\/32638\/revisions\/32742"}],"wp:featuredmedia":[{"embeddable":true,"href":"https:\/\/www.challenge-agriculture.fr\/en\/wp-json\/wp\/v2\/media\/16501"}],"wp:attachment":[{"href":"https:\/\/www.challenge-agriculture.fr\/en\/wp-json\/wp\/v2\/media?parent=32638"}],"wp:term":[{"taxonomy":"product_brand","embeddable":true,"href":"https:\/\/www.challenge-agriculture.fr\/en\/wp-json\/wp\/v2\/product_brand?post=32638"},{"taxonomy":"product_cat","embeddable":true,"href":"https:\/\/www.challenge-agriculture.fr\/en\/wp-json\/wp\/v2\/product_cat?post=32638"},{"taxonomy":"product_tag","embeddable":true,"href":"https:\/\/www.challenge-agriculture.fr\/en\/wp-json\/wp\/v2\/product_tag?post=32638"}],"curies":[{"name":"wp","href":"https:\/\/api.w.org\/{rel}","templated":true}]}}