{"id":1640,"date":"2017-11-07T18:29:57","date_gmt":"2017-11-07T17:29:57","guid":{"rendered":"http:\/\/www.challenge-agriculture.fr\/?page_id=1640"},"modified":"2021-04-25T08:20:54","modified_gmt":"2021-04-25T06:20:54","slug":"tensiometro-irrometer","status":"publish","type":"page","link":"https:\/\/www.challenge-agriculture.fr\/es\/el-equipo\/tensiometro-irrometer\/","title":{"rendered":"Tensiometro IRROMETER \u00ae"},"content":{"rendered":"<p>Challenge Agriculture es el m\u00e1rketing compa\u00f1ero de IRROMETER y tamb\u00eden desarrolla productos desde 1986, con la autoridad de distribuci\u00f3n exclusiva para Francia, B\u00e9lgica, Pa\u00edses Bajos, Luxemburgo, Italia, y Suiza. Proporciona el soporte t\u00e9cnico, ventas y servicio de campo. Tambi\u00e9n, ofrece medidas de nitrato y servicios de consulta.<\/p>\n<p style=\"text-align: center;\"><a href=\"http:\/\/www.challenge-agriculture.fr\/wp-content\/uploads\/2017\/11\/9PriceList-18-WEB-CHALLENGE_pages1-2.pdf\"><img fetchpriority=\"high\" decoding=\"async\" class=\"size-medium wp-image-1653 aligncenter\" src=\"http:\/\/www.challenge-agriculture.fr\/wp-content\/uploads\/2017\/11\/price_list_irrometer-234x300.jpg\" alt=\"\" width=\"234\" height=\"300\" srcset=\"https:\/\/www.challenge-agriculture.fr\/wp-content\/uploads\/2017\/11\/price_list_irrometer-234x300.jpg 234w, https:\/\/www.challenge-agriculture.fr\/wp-content\/uploads\/2017\/11\/price_list_irrometer-300x384.jpg 300w, https:\/\/www.challenge-agriculture.fr\/wp-content\/uploads\/2017\/11\/price_list_irrometer-117x150.jpg 117w, https:\/\/www.challenge-agriculture.fr\/wp-content\/uploads\/2017\/11\/price_list_irrometer-100x128.jpg 100w, https:\/\/www.challenge-agriculture.fr\/wp-content\/uploads\/2017\/11\/price_list_irrometer-150x192.jpg 150w, https:\/\/www.challenge-agriculture.fr\/wp-content\/uploads\/2017\/11\/price_list_irrometer-200x256.jpg 200w, https:\/\/www.challenge-agriculture.fr\/wp-content\/uploads\/2017\/11\/price_list_irrometer.jpg 400w\" sizes=\"(max-width: 234px) 100vw, 234px\" \/><\/a><em>Fichier PDF, 2 pages, 346 Ko<\/em><\/p>\n","protected":false},"excerpt":{"rendered":"<p>Challenge Agriculture es el m\u00e1rketing compa\u00f1ero de IRROMETER y tamb\u00eden desarrolla productos desde 1986, con la autoridad de distribuci\u00f3n exclusiva para Francia, B\u00e9lgica, Pa\u00edses Bajos, Luxemburgo, Italia, y Suiza. Proporciona el soporte t\u00e9cnico, ventas y servicio de campo. Tambi\u00e9n, ofrece medidas de nitrato y servicios de consulta. Fichier PDF, 2 pages, 346 Ko<\/p>\n","protected":false},"author":3,"featured_media":0,"parent":92,"menu_order":9,"comment_status":"closed","ping_status":"closed","template":"","meta":{"_acf_changed":false,"ocean_post_layout":"","ocean_both_sidebars_style":"","ocean_both_sidebars_content_width":0,"ocean_both_sidebars_sidebars_width":0,"ocean_sidebar":"0","ocean_second_sidebar":"0","ocean_disable_margins":"enable","ocean_add_body_class":"","ocean_shortcode_before_top_bar":"","ocean_shortcode_after_top_bar":"","ocean_shortcode_before_header":"","ocean_shortcode_after_header":"","ocean_has_shortcode":"","ocean_shortcode_after_title":"","ocean_shortcode_before_footer_widgets":"","ocean_shortcode_after_footer_widgets":"","ocean_shortcode_before_footer_bottom":"","ocean_shortcode_after_footer_bottom":"","ocean_display_top_bar":"default","ocean_display_header":"default","ocean_header_style":"","ocean_center_header_left_menu":"0","ocean_custom_header_template":"0","ocean_custom_logo":0,"ocean_custom_retina_logo":0,"ocean_custom_logo_max_width":0,"ocean_custom_logo_tablet_max_width":0,"ocean_custom_logo_mobile_max_width":0,"ocean_custom_logo_max_height":0,"ocean_custom_logo_tablet_max_height":0,"ocean_custom_logo_mobile_max_height":0,"ocean_header_custom_menu":"0","ocean_menu_typo_font_family":"0","ocean_menu_typo_font_subset":"","ocean_menu_typo_font_size":0,"ocean_menu_typo_font_size_tablet":0,"ocean_menu_typo_font_size_mobile":0,"ocean_menu_typo_font_size_unit":"px","ocean_menu_typo_font_weight":"","ocean_menu_typo_font_weight_tablet":"","ocean_menu_typo_font_weight_mobile":"","ocean_menu_typo_transform":"","ocean_menu_typo_transform_tablet":"","ocean_menu_typo_transform_mobile":"","ocean_menu_typo_line_height":0,"ocean_menu_typo_line_height_tablet":0,"ocean_menu_typo_line_height_mobile":0,"ocean_menu_typo_line_height_unit":"","ocean_menu_typo_spacing":0,"ocean_menu_typo_spacing_tablet":0,"ocean_menu_typo_spacing_mobile":0,"ocean_menu_typo_spacing_unit":"","ocean_menu_link_color":"","ocean_menu_link_color_hover":"","ocean_menu_link_color_active":"","ocean_menu_link_background":"","ocean_menu_link_hover_background":"","ocean_menu_link_active_background":"","ocean_menu_social_links_bg":"","ocean_menu_social_hover_links_bg":"","ocean_menu_social_links_color":"","ocean_menu_social_hover_links_color":"","ocean_disable_title":"default","ocean_disable_heading":"default","ocean_post_title":"","ocean_post_subheading":"","ocean_post_title_style":"","ocean_post_title_background_color":"","ocean_post_title_background":0,"ocean_post_title_bg_image_position":"","ocean_post_title_bg_image_attachment":"","ocean_post_title_bg_image_repeat":"","ocean_post_title_bg_image_size":"","ocean_post_title_height":0,"ocean_post_title_bg_overlay":0.5,"ocean_post_title_bg_overlay_color":"","ocean_disable_breadcrumbs":"default","ocean_breadcrumbs_color":"","ocean_breadcrumbs_separator_color":"","ocean_breadcrumbs_links_color":"","ocean_breadcrumbs_links_hover_color":"","ocean_display_footer_widgets":"default","ocean_display_footer_bottom":"default","ocean_custom_footer_template":"0","footnotes":""},"class_list":["post-1640","page","type-page","status-publish","hentry","entry","owp-thumbs-layout-horizontal","owp-btn-big","owp-tabs-layout-horizontal","has-no-thumbnails","has-product-nav"],"acf":[],"yoast_head":"<!-- This site is optimized with the Yoast SEO plugin v25.2 - https:\/\/yoast.com\/wordpress\/plugins\/seo\/ -->\n<title>El equipo : el tensiometro Irrometer &#x2d; Challenge agriculture<\/title>\n<meta name=\"description\" content=\"El equipo : el tensiometro Irrometer. Un producto distribuido por Challenge agriculture, hecho en Francia.\" \/>\n<meta name=\"robots\" content=\"index, follow, max-snippet:-1, max-image-preview:large, max-video-preview:-1\" \/>\n<link rel=\"canonical\" href=\"https:\/\/www.challenge-agriculture.fr\/es\/el-equipo\/tensiometro-irrometer\/\" \/>\n<meta property=\"og:locale\" content=\"fr_FR\" \/>\n<meta property=\"og:type\" content=\"article\" \/>\n<meta property=\"og:title\" content=\"El equipo : el tensiometro Irrometer &#x2d; Challenge agriculture\" \/>\n<meta property=\"og:description\" content=\"El equipo : el tensiometro Irrometer. Un producto distribuido por Challenge agriculture, hecho en Francia.\" \/>\n<meta property=\"og:url\" content=\"https:\/\/www.challenge-agriculture.fr\/es\/el-equipo\/tensiometro-irrometer\/\" \/>\n<meta property=\"og:site_name\" content=\"Challenge Agriculture\" \/>\n<meta property=\"article:modified_time\" content=\"2021-04-25T06:20:54+00:00\" \/>\n<meta property=\"og:image\" content=\"http:\/\/www.challenge-agriculture.fr\/wp-content\/uploads\/2017\/11\/price_list_irrometer-234x300.jpg\" \/>\n<meta name=\"twitter:card\" content=\"summary_large_image\" \/>\n<script type=\"application\/ld+json\" class=\"yoast-schema-graph\">{\"@context\":\"https:\/\/schema.org\",\"@graph\":[{\"@type\":\"WebPage\",\"@id\":\"https:\/\/www.challenge-agriculture.fr\/es\/el-equipo\/tensiometro-irrometer\/\",\"url\":\"https:\/\/www.challenge-agriculture.fr\/es\/el-equipo\/tensiometro-irrometer\/\",\"name\":\"El equipo : el tensiometro Irrometer &#x2d; Challenge agriculture\",\"isPartOf\":{\"@id\":\"https:\/\/www.challenge-agriculture.fr\/#website\"},\"primaryImageOfPage\":{\"@id\":\"https:\/\/www.challenge-agriculture.fr\/es\/el-equipo\/tensiometro-irrometer\/#primaryimage\"},\"image\":{\"@id\":\"https:\/\/www.challenge-agriculture.fr\/es\/el-equipo\/tensiometro-irrometer\/#primaryimage\"},\"thumbnailUrl\":\"http:\/\/www.challenge-agriculture.fr\/wp-content\/uploads\/2017\/11\/price_list_irrometer-234x300.jpg\",\"datePublished\":\"2017-11-07T17:29:57+00:00\",\"dateModified\":\"2021-04-25T06:20:54+00:00\",\"description\":\"El equipo : el tensiometro Irrometer. Un producto distribuido por Challenge agriculture, hecho en Francia.\",\"breadcrumb\":{\"@id\":\"https:\/\/www.challenge-agriculture.fr\/es\/el-equipo\/tensiometro-irrometer\/#breadcrumb\"},\"inLanguage\":\"es\",\"potentialAction\":[{\"@type\":\"ReadAction\",\"target\":[\"https:\/\/www.challenge-agriculture.fr\/es\/el-equipo\/tensiometro-irrometer\/\"]}]},{\"@type\":\"ImageObject\",\"inLanguage\":\"es\",\"@id\":\"https:\/\/www.challenge-agriculture.fr\/es\/el-equipo\/tensiometro-irrometer\/#primaryimage\",\"url\":\"http:\/\/www.challenge-agriculture.fr\/wp-content\/uploads\/2017\/11\/price_list_irrometer-234x300.jpg\",\"contentUrl\":\"http:\/\/www.challenge-agriculture.fr\/wp-content\/uploads\/2017\/11\/price_list_irrometer-234x300.jpg\"},{\"@type\":\"BreadcrumbList\",\"@id\":\"https:\/\/www.challenge-agriculture.fr\/es\/el-equipo\/tensiometro-irrometer\/#breadcrumb\",\"itemListElement\":[{\"@type\":\"ListItem\",\"position\":1,\"name\":\"Home\",\"item\":\"https:\/\/www.challenge-agriculture.fr\/es\/\"},{\"@type\":\"ListItem\",\"position\":2,\"name\":\"El equipo\",\"item\":\"https:\/\/www.challenge-agriculture.fr\/es\/el-equipo\/\"},{\"@type\":\"ListItem\",\"position\":3,\"name\":\"Tensiometro IRROMETER \u00ae\"}]},{\"@type\":\"WebSite\",\"@id\":\"https:\/\/www.challenge-agriculture.fr\/#website\",\"url\":\"https:\/\/www.challenge-agriculture.fr\/\",\"name\":\"Challenge Agriculture\",\"description\":\"\",\"publisher\":{\"@id\":\"https:\/\/www.challenge-agriculture.fr\/#organization\"},\"potentialAction\":[{\"@type\":\"SearchAction\",\"target\":{\"@type\":\"EntryPoint\",\"urlTemplate\":\"https:\/\/www.challenge-agriculture.fr\/?s={search_term_string}\"},\"query-input\":{\"@type\":\"PropertyValueSpecification\",\"valueRequired\":true,\"valueName\":\"search_term_string\"}}],\"inLanguage\":\"es\"},{\"@type\":\"Organization\",\"@id\":\"https:\/\/www.challenge-agriculture.fr\/#organization\",\"name\":\"Challenge Agriculture\",\"url\":\"https:\/\/www.challenge-agriculture.fr\/\",\"logo\":{\"@type\":\"ImageObject\",\"inLanguage\":\"es\",\"@id\":\"https:\/\/www.challenge-agriculture.fr\/#\/schema\/logo\/image\/\",\"url\":\"https:\/\/www.challenge-agriculture.fr\/wp-content\/uploads\/2020\/02\/logo-doc.png\",\"contentUrl\":\"https:\/\/www.challenge-agriculture.fr\/wp-content\/uploads\/2020\/02\/logo-doc.png\",\"width\":1497,\"height\":355,\"caption\":\"Challenge Agriculture\"},\"image\":{\"@id\":\"https:\/\/www.challenge-agriculture.fr\/#\/schema\/logo\/image\/\"}}]}<\/script>\n<!-- \/ Yoast SEO plugin. -->","yoast_head_json":{"title":"El equipo : el tensiometro Irrometer &#x2d; Challenge agriculture","description":"El equipo : el tensiometro Irrometer. Un producto distribuido por Challenge agriculture, hecho en Francia.","robots":{"index":"index","follow":"follow","max-snippet":"max-snippet:-1","max-image-preview":"max-image-preview:large","max-video-preview":"max-video-preview:-1"},"canonical":"https:\/\/www.challenge-agriculture.fr\/es\/el-equipo\/tensiometro-irrometer\/","og_locale":"fr_FR","og_type":"article","og_title":"El equipo : el tensiometro Irrometer &#x2d; Challenge agriculture","og_description":"El equipo : el tensiometro Irrometer. Un producto distribuido por Challenge agriculture, hecho en Francia.","og_url":"https:\/\/www.challenge-agriculture.fr\/es\/el-equipo\/tensiometro-irrometer\/","og_site_name":"Challenge Agriculture","article_modified_time":"2021-04-25T06:20:54+00:00","og_image":[{"url":"http:\/\/www.challenge-agriculture.fr\/wp-content\/uploads\/2017\/11\/price_list_irrometer-234x300.jpg","type":"","width":"","height":""}],"twitter_card":"summary_large_image","schema":{"@context":"https:\/\/schema.org","@graph":[{"@type":"WebPage","@id":"https:\/\/www.challenge-agriculture.fr\/es\/el-equipo\/tensiometro-irrometer\/","url":"https:\/\/www.challenge-agriculture.fr\/es\/el-equipo\/tensiometro-irrometer\/","name":"El equipo : el tensiometro Irrometer &#x2d; Challenge agriculture","isPartOf":{"@id":"https:\/\/www.challenge-agriculture.fr\/#website"},"primaryImageOfPage":{"@id":"https:\/\/www.challenge-agriculture.fr\/es\/el-equipo\/tensiometro-irrometer\/#primaryimage"},"image":{"@id":"https:\/\/www.challenge-agriculture.fr\/es\/el-equipo\/tensiometro-irrometer\/#primaryimage"},"thumbnailUrl":"http:\/\/www.challenge-agriculture.fr\/wp-content\/uploads\/2017\/11\/price_list_irrometer-234x300.jpg","datePublished":"2017-11-07T17:29:57+00:00","dateModified":"2021-04-25T06:20:54+00:00","description":"El equipo : el tensiometro Irrometer. Un producto distribuido por Challenge agriculture, hecho en Francia.","breadcrumb":{"@id":"https:\/\/www.challenge-agriculture.fr\/es\/el-equipo\/tensiometro-irrometer\/#breadcrumb"},"inLanguage":"es","potentialAction":[{"@type":"ReadAction","target":["https:\/\/www.challenge-agriculture.fr\/es\/el-equipo\/tensiometro-irrometer\/"]}]},{"@type":"ImageObject","inLanguage":"es","@id":"https:\/\/www.challenge-agriculture.fr\/es\/el-equipo\/tensiometro-irrometer\/#primaryimage","url":"http:\/\/www.challenge-agriculture.fr\/wp-content\/uploads\/2017\/11\/price_list_irrometer-234x300.jpg","contentUrl":"http:\/\/www.challenge-agriculture.fr\/wp-content\/uploads\/2017\/11\/price_list_irrometer-234x300.jpg"},{"@type":"BreadcrumbList","@id":"https:\/\/www.challenge-agriculture.fr\/es\/el-equipo\/tensiometro-irrometer\/#breadcrumb","itemListElement":[{"@type":"ListItem","position":1,"name":"Home","item":"https:\/\/www.challenge-agriculture.fr\/es\/"},{"@type":"ListItem","position":2,"name":"El equipo","item":"https:\/\/www.challenge-agriculture.fr\/es\/el-equipo\/"},{"@type":"ListItem","position":3,"name":"Tensiometro IRROMETER \u00ae"}]},{"@type":"WebSite","@id":"https:\/\/www.challenge-agriculture.fr\/#website","url":"https:\/\/www.challenge-agriculture.fr\/","name":"Challenge Agriculture","description":"","publisher":{"@id":"https:\/\/www.challenge-agriculture.fr\/#organization"},"potentialAction":[{"@type":"SearchAction","target":{"@type":"EntryPoint","urlTemplate":"https:\/\/www.challenge-agriculture.fr\/?s={search_term_string}"},"query-input":{"@type":"PropertyValueSpecification","valueRequired":true,"valueName":"search_term_string"}}],"inLanguage":"es"},{"@type":"Organization","@id":"https:\/\/www.challenge-agriculture.fr\/#organization","name":"Challenge Agriculture","url":"https:\/\/www.challenge-agriculture.fr\/","logo":{"@type":"ImageObject","inLanguage":"es","@id":"https:\/\/www.challenge-agriculture.fr\/#\/schema\/logo\/image\/","url":"https:\/\/www.challenge-agriculture.fr\/wp-content\/uploads\/2020\/02\/logo-doc.png","contentUrl":"https:\/\/www.challenge-agriculture.fr\/wp-content\/uploads\/2020\/02\/logo-doc.png","width":1497,"height":355,"caption":"Challenge Agriculture"},"image":{"@id":"https:\/\/www.challenge-agriculture.fr\/#\/schema\/logo\/image\/"}}]}},"_links":{"self":[{"href":"https:\/\/www.challenge-agriculture.fr\/es\/wp-json\/wp\/v2\/pages\/1640","targetHints":{"allow":["GET"]}}],"collection":[{"href":"https:\/\/www.challenge-agriculture.fr\/es\/wp-json\/wp\/v2\/pages"}],"about":[{"href":"https:\/\/www.challenge-agriculture.fr\/es\/wp-json\/wp\/v2\/types\/page"}],"author":[{"embeddable":true,"href":"https:\/\/www.challenge-agriculture.fr\/es\/wp-json\/wp\/v2\/users\/3"}],"replies":[{"embeddable":true,"href":"https:\/\/www.challenge-agriculture.fr\/es\/wp-json\/wp\/v2\/comments?post=1640"}],"version-history":[{"count":3,"href":"https:\/\/www.challenge-agriculture.fr\/es\/wp-json\/wp\/v2\/pages\/1640\/revisions"}],"predecessor-version":[{"id":28762,"href":"https:\/\/www.challenge-agriculture.fr\/es\/wp-json\/wp\/v2\/pages\/1640\/revisions\/28762"}],"up":[{"embeddable":true,"href":"https:\/\/www.challenge-agriculture.fr\/es\/wp-json\/wp\/v2\/pages\/92"}],"wp:attachment":[{"href":"https:\/\/www.challenge-agriculture.fr\/es\/wp-json\/wp\/v2\/media?parent=1640"}],"curies":[{"name":"wp","href":"https:\/\/api.w.org\/{rel}","templated":true}]}}