{"id":82,"date":"2016-02-16T15:55:57","date_gmt":"2016-02-16T14:55:57","guid":{"rendered":"http:\/\/www.challenge-agriculture.fr\/?page_id=82"},"modified":"2021-04-21T13:42:59","modified_gmt":"2021-04-21T11:42:59","slug":"tensiometria","status":"publish","type":"page","link":"https:\/\/www.challenge-agriculture.fr\/es\/tensiometria\/","title":{"rendered":"Tensiometr\u00eda"},"content":{"rendered":"<h2 class=\"grid col-620\">\u00ab El agua se mueve en el suelo, no solo por causa de la gravedad sino tambi\u00e9n por la adhesi\u00f3n \u00bb<\/h2>\n<div class=\"grid col-620\">Las fuerzas de<strong> succi\u00f3n<\/strong> hacen que el agua se mueva en el suelo. Comprender esto es un primer paso muy importante. La disponibilidad, el comportamiento y el buen manejo del agua en el suelo esta directamente relacionado a las tensiones. <strong>WaterMovement (W.H. Gardner &#8211; 1962)<\/strong><\/div>\n<div class=\"grid col-300 fit\">\n<div class=\"call-to-action\"><a href=\"http:\/\/www.challenge-agriculture.fr\/es\/el-equipo\/\"><strong>Equipamiento propuesto<\/strong><\/a><\/div>\n<\/div>\n<div class=\"grid col-300\">\n<div class=\"widget-wrapper\">\n<h2>Que es la tensiometr\u00eda ?<\/h2>\n<p><a title=\"Tensiometry\" href=\"https:\/\/www.challenge-agriculture.fr\/es\/tensiometria\/que-es-la-tensiometria\/\"><img fetchpriority=\"high\" decoding=\"async\" class=\"alignnone wp-image-43 size-full\" src=\"\/wp-content\/uploads\/2016\/02\/eau_petit.png\" alt=\"tensiometrie\" width=\"250\" height=\"220\"><\/a><\/p>\n<p><\/p>\n<p><\/p><center>Explicaciones sobre lo que es la tensiometr\u00eda y sobre los tensi\u00f3metros<\/center><\/div>\n<\/div>\n<div class=\"grid col-300\">\n<div class=\"widget-wrapper\"><center>Aplicaciones scope<\/center><a title=\"Applications scope\" href=\"https:\/\/www.challenge-agriculture.fr\/es\/tensiometria\/areas-de-aplicacion\/\"><img decoding=\"async\" class=\"alignnone wp-image-35 size-full\" src=\"\/wp-content\/uploads\/2016\/02\/casestudy.png\" alt=\"casestudy\" width=\"250\" height=\"220\"><\/a><p><\/p>\n<p><\/p>\n<p><\/p><center>Diferentes campos donde la <strong>tensiometr\u00eda<\/strong> es \u00fatil, en particular en el control de <strong>irrigaci\u00f3n<\/strong><\/center><\/div>\n<\/div>\n<div class=\"grid col-300 fit\">\n<div class=\"widget-wrapper\"><center>Publicaciones t\u00e9cnicas<\/center><a title=\"Technical publications\" href=\"https:\/\/www.challenge-agriculture.fr\/es\/tensiometria\/publicaciones-tecnicas\/\"><img decoding=\"async\" class=\"alignnone wp-image-40 size-full\" src=\"\/wp-content\/uploads\/2016\/02\/education_research.png\" alt=\"Recherche et techniques\" width=\"250\" height=\"220\"><\/a><p><\/p>\n<p><\/p>\n<p><\/p><center>Publicaciones cient\u00edficas y t\u00e9cnicas sobre <strong>tensiometr\u00eda<\/strong> e <strong>irrigaci\u00f3n<\/strong><\/center><\/div>\n<\/div><p><\/p>","protected":false},"excerpt":{"rendered":"<p>\u00ab El agua se mueve en el suelo, no solo por causa de la gravedad sino tambi\u00e9n por la adhesi\u00f3n \u00bb Las fuerzas de succi\u00f3n hacen que el agua se mueva en el suelo. Comprender esto es un primer paso muy importante. La disponibilidad, el comportamiento y el buen manejo del agua en el suelo [&hellip;]<\/p>\n","protected":false},"author":2,"featured_media":0,"parent":0,"menu_order":34,"comment_status":"closed","ping_status":"closed","template":"","meta":{"_acf_changed":false,"ocean_post_layout":"","ocean_both_sidebars_style":"","ocean_both_sidebars_content_width":0,"ocean_both_sidebars_sidebars_width":0,"ocean_sidebar":"0","ocean_second_sidebar":"0","ocean_disable_margins":"enable","ocean_add_body_class":"","ocean_shortcode_before_top_bar":"","ocean_shortcode_after_top_bar":"","ocean_shortcode_before_header":"","ocean_shortcode_after_header":"","ocean_has_shortcode":"","ocean_shortcode_after_title":"","ocean_shortcode_before_footer_widgets":"","ocean_shortcode_after_footer_widgets":"","ocean_shortcode_before_footer_bottom":"","ocean_shortcode_after_footer_bottom":"","ocean_display_top_bar":"default","ocean_display_header":"default","ocean_header_style":"","ocean_center_header_left_menu":"0","ocean_custom_header_template":"0","ocean_custom_logo":0,"ocean_custom_retina_logo":0,"ocean_custom_logo_max_width":0,"ocean_custom_logo_tablet_max_width":0,"ocean_custom_logo_mobile_max_width":0,"ocean_custom_logo_max_height":0,"ocean_custom_logo_tablet_max_height":0,"ocean_custom_logo_mobile_max_height":0,"ocean_header_custom_menu":"0","ocean_menu_typo_font_family":"0","ocean_menu_typo_font_subset":"","ocean_menu_typo_font_size":0,"ocean_menu_typo_font_size_tablet":0,"ocean_menu_typo_font_size_mobile":0,"ocean_menu_typo_font_size_unit":"px","ocean_menu_typo_font_weight":"","ocean_menu_typo_font_weight_tablet":"","ocean_menu_typo_font_weight_mobile":"","ocean_menu_typo_transform":"","ocean_menu_typo_transform_tablet":"","ocean_menu_typo_transform_mobile":"","ocean_menu_typo_line_height":0,"ocean_menu_typo_line_height_tablet":0,"ocean_menu_typo_line_height_mobile":0,"ocean_menu_typo_line_height_unit":"","ocean_menu_typo_spacing":0,"ocean_menu_typo_spacing_tablet":0,"ocean_menu_typo_spacing_mobile":0,"ocean_menu_typo_spacing_unit":"","ocean_menu_link_color":"","ocean_menu_link_color_hover":"","ocean_menu_link_color_active":"","ocean_menu_link_background":"","ocean_menu_link_hover_background":"","ocean_menu_link_active_background":"","ocean_menu_social_links_bg":"","ocean_menu_social_hover_links_bg":"","ocean_menu_social_links_color":"","ocean_menu_social_hover_links_color":"","ocean_disable_title":"default","ocean_disable_heading":"default","ocean_post_title":"","ocean_post_subheading":"","ocean_post_title_style":"","ocean_post_title_background_color":"","ocean_post_title_background":0,"ocean_post_title_bg_image_position":"","ocean_post_title_bg_image_attachment":"","ocean_post_title_bg_image_repeat":"","ocean_post_title_bg_image_size":"","ocean_post_title_height":0,"ocean_post_title_bg_overlay":0.5,"ocean_post_title_bg_overlay_color":"","ocean_disable_breadcrumbs":"default","ocean_breadcrumbs_color":"","ocean_breadcrumbs_separator_color":"","ocean_breadcrumbs_links_color":"","ocean_breadcrumbs_links_hover_color":"","ocean_display_footer_widgets":"default","ocean_display_footer_bottom":"default","ocean_custom_footer_template":"0","footnotes":""},"class_list":["post-82","page","type-page","status-publish","hentry","entry","owp-thumbs-layout-horizontal","owp-btn-big","owp-tabs-layout-horizontal","has-no-thumbnails","has-product-nav"],"acf":[],"yoast_head":"<!-- This site is optimized with the Yoast SEO plugin v25.2 - https:\/\/yoast.com\/wordpress\/plugins\/seo\/ -->\n<title>Explicaciones sobre la tensiometria &#x2d; Challenge agriculture<\/title>\n<meta name=\"description\" content=\"Explicaciones sobre la tensiometria. Servicio distribuido por Challenge agriculture, hecho en Francia.\" \/>\n<meta name=\"robots\" content=\"index, follow, max-snippet:-1, max-image-preview:large, max-video-preview:-1\" \/>\n<link rel=\"canonical\" href=\"https:\/\/www.challenge-agriculture.fr\/es\/tensiometria\/\" \/>\n<meta property=\"og:locale\" content=\"fr_FR\" \/>\n<meta property=\"og:type\" content=\"article\" \/>\n<meta property=\"og:title\" content=\"Explicaciones sobre la tensiometria &#x2d; Challenge agriculture\" \/>\n<meta property=\"og:description\" content=\"Explicaciones sobre la tensiometria. Servicio distribuido por Challenge agriculture, hecho en Francia.\" \/>\n<meta property=\"og:url\" content=\"https:\/\/www.challenge-agriculture.fr\/es\/tensiometria\/\" \/>\n<meta property=\"og:site_name\" content=\"Challenge Agriculture\" \/>\n<meta property=\"article:modified_time\" content=\"2021-04-21T11:42:59+00:00\" \/>\n<meta property=\"og:image\" content=\"https:\/\/www.challenge-agriculture.fr\/wp-content\/uploads\/2016\/02\/eau_petit.png\" \/>\n<meta name=\"twitter:card\" content=\"summary_large_image\" \/>\n<meta name=\"twitter:label1\" content=\"Tiempo de lectura\" \/>\n\t<meta name=\"twitter:data1\" content=\"1 minuto\" \/>\n<script type=\"application\/ld+json\" class=\"yoast-schema-graph\">{\"@context\":\"https:\/\/schema.org\",\"@graph\":[{\"@type\":\"WebPage\",\"@id\":\"https:\/\/www.challenge-agriculture.fr\/es\/tensiometria\/\",\"url\":\"https:\/\/www.challenge-agriculture.fr\/es\/tensiometria\/\",\"name\":\"Explicaciones sobre la tensiometria &#x2d; Challenge agriculture\",\"isPartOf\":{\"@id\":\"https:\/\/www.challenge-agriculture.fr\/#website\"},\"datePublished\":\"2016-02-16T14:55:57+00:00\",\"dateModified\":\"2021-04-21T11:42:59+00:00\",\"description\":\"Explicaciones sobre la tensiometria. Servicio distribuido por Challenge agriculture, hecho en Francia.\",\"breadcrumb\":{\"@id\":\"https:\/\/www.challenge-agriculture.fr\/es\/tensiometria\/#breadcrumb\"},\"inLanguage\":\"es\",\"potentialAction\":[{\"@type\":\"ReadAction\",\"target\":[\"https:\/\/www.challenge-agriculture.fr\/es\/tensiometria\/\"]}]},{\"@type\":\"BreadcrumbList\",\"@id\":\"https:\/\/www.challenge-agriculture.fr\/es\/tensiometria\/#breadcrumb\",\"itemListElement\":[{\"@type\":\"ListItem\",\"position\":1,\"name\":\"Home\",\"item\":\"https:\/\/www.challenge-agriculture.fr\/es\/\"},{\"@type\":\"ListItem\",\"position\":2,\"name\":\"Tensiometr\u00eda\"}]},{\"@type\":\"WebSite\",\"@id\":\"https:\/\/www.challenge-agriculture.fr\/#website\",\"url\":\"https:\/\/www.challenge-agriculture.fr\/\",\"name\":\"Challenge Agriculture\",\"description\":\"\",\"publisher\":{\"@id\":\"https:\/\/www.challenge-agriculture.fr\/#organization\"},\"potentialAction\":[{\"@type\":\"SearchAction\",\"target\":{\"@type\":\"EntryPoint\",\"urlTemplate\":\"https:\/\/www.challenge-agriculture.fr\/?s={search_term_string}\"},\"query-input\":{\"@type\":\"PropertyValueSpecification\",\"valueRequired\":true,\"valueName\":\"search_term_string\"}}],\"inLanguage\":\"es\"},{\"@type\":\"Organization\",\"@id\":\"https:\/\/www.challenge-agriculture.fr\/#organization\",\"name\":\"Challenge Agriculture\",\"url\":\"https:\/\/www.challenge-agriculture.fr\/\",\"logo\":{\"@type\":\"ImageObject\",\"inLanguage\":\"es\",\"@id\":\"https:\/\/www.challenge-agriculture.fr\/#\/schema\/logo\/image\/\",\"url\":\"https:\/\/www.challenge-agriculture.fr\/wp-content\/uploads\/2020\/02\/logo-doc.png\",\"contentUrl\":\"https:\/\/www.challenge-agriculture.fr\/wp-content\/uploads\/2020\/02\/logo-doc.png\",\"width\":1497,\"height\":355,\"caption\":\"Challenge Agriculture\"},\"image\":{\"@id\":\"https:\/\/www.challenge-agriculture.fr\/#\/schema\/logo\/image\/\"}}]}<\/script>\n<!-- \/ Yoast SEO plugin. -->","yoast_head_json":{"title":"Explicaciones sobre la tensiometria &#x2d; Challenge agriculture","description":"Explicaciones sobre la tensiometria. Servicio distribuido por Challenge agriculture, hecho en Francia.","robots":{"index":"index","follow":"follow","max-snippet":"max-snippet:-1","max-image-preview":"max-image-preview:large","max-video-preview":"max-video-preview:-1"},"canonical":"https:\/\/www.challenge-agriculture.fr\/es\/tensiometria\/","og_locale":"fr_FR","og_type":"article","og_title":"Explicaciones sobre la tensiometria &#x2d; Challenge agriculture","og_description":"Explicaciones sobre la tensiometria. Servicio distribuido por Challenge agriculture, hecho en Francia.","og_url":"https:\/\/www.challenge-agriculture.fr\/es\/tensiometria\/","og_site_name":"Challenge Agriculture","article_modified_time":"2021-04-21T11:42:59+00:00","og_image":[{"url":"https:\/\/www.challenge-agriculture.fr\/wp-content\/uploads\/2016\/02\/eau_petit.png","type":"","width":"","height":""}],"twitter_card":"summary_large_image","twitter_misc":{"Tiempo de lectura":"1 minuto"},"schema":{"@context":"https:\/\/schema.org","@graph":[{"@type":"WebPage","@id":"https:\/\/www.challenge-agriculture.fr\/es\/tensiometria\/","url":"https:\/\/www.challenge-agriculture.fr\/es\/tensiometria\/","name":"Explicaciones sobre la tensiometria &#x2d; Challenge agriculture","isPartOf":{"@id":"https:\/\/www.challenge-agriculture.fr\/#website"},"datePublished":"2016-02-16T14:55:57+00:00","dateModified":"2021-04-21T11:42:59+00:00","description":"Explicaciones sobre la tensiometria. Servicio distribuido por Challenge agriculture, hecho en Francia.","breadcrumb":{"@id":"https:\/\/www.challenge-agriculture.fr\/es\/tensiometria\/#breadcrumb"},"inLanguage":"es","potentialAction":[{"@type":"ReadAction","target":["https:\/\/www.challenge-agriculture.fr\/es\/tensiometria\/"]}]},{"@type":"BreadcrumbList","@id":"https:\/\/www.challenge-agriculture.fr\/es\/tensiometria\/#breadcrumb","itemListElement":[{"@type":"ListItem","position":1,"name":"Home","item":"https:\/\/www.challenge-agriculture.fr\/es\/"},{"@type":"ListItem","position":2,"name":"Tensiometr\u00eda"}]},{"@type":"WebSite","@id":"https:\/\/www.challenge-agriculture.fr\/#website","url":"https:\/\/www.challenge-agriculture.fr\/","name":"Challenge Agriculture","description":"","publisher":{"@id":"https:\/\/www.challenge-agriculture.fr\/#organization"},"potentialAction":[{"@type":"SearchAction","target":{"@type":"EntryPoint","urlTemplate":"https:\/\/www.challenge-agriculture.fr\/?s={search_term_string}"},"query-input":{"@type":"PropertyValueSpecification","valueRequired":true,"valueName":"search_term_string"}}],"inLanguage":"es"},{"@type":"Organization","@id":"https:\/\/www.challenge-agriculture.fr\/#organization","name":"Challenge Agriculture","url":"https:\/\/www.challenge-agriculture.fr\/","logo":{"@type":"ImageObject","inLanguage":"es","@id":"https:\/\/www.challenge-agriculture.fr\/#\/schema\/logo\/image\/","url":"https:\/\/www.challenge-agriculture.fr\/wp-content\/uploads\/2020\/02\/logo-doc.png","contentUrl":"https:\/\/www.challenge-agriculture.fr\/wp-content\/uploads\/2020\/02\/logo-doc.png","width":1497,"height":355,"caption":"Challenge Agriculture"},"image":{"@id":"https:\/\/www.challenge-agriculture.fr\/#\/schema\/logo\/image\/"}}]}},"_links":{"self":[{"href":"https:\/\/www.challenge-agriculture.fr\/es\/wp-json\/wp\/v2\/pages\/82","targetHints":{"allow":["GET"]}}],"collection":[{"href":"https:\/\/www.challenge-agriculture.fr\/es\/wp-json\/wp\/v2\/pages"}],"about":[{"href":"https:\/\/www.challenge-agriculture.fr\/es\/wp-json\/wp\/v2\/types\/page"}],"author":[{"embeddable":true,"href":"https:\/\/www.challenge-agriculture.fr\/es\/wp-json\/wp\/v2\/users\/2"}],"replies":[{"embeddable":true,"href":"https:\/\/www.challenge-agriculture.fr\/es\/wp-json\/wp\/v2\/comments?post=82"}],"version-history":[{"count":3,"href":"https:\/\/www.challenge-agriculture.fr\/es\/wp-json\/wp\/v2\/pages\/82\/revisions"}],"predecessor-version":[{"id":28174,"href":"https:\/\/www.challenge-agriculture.fr\/es\/wp-json\/wp\/v2\/pages\/82\/revisions\/28174"}],"wp:attachment":[{"href":"https:\/\/www.challenge-agriculture.fr\/es\/wp-json\/wp\/v2\/media?parent=82"}],"curies":[{"name":"wp","href":"https:\/\/api.w.org\/{rel}","templated":true}]}}