{"id":971,"date":"2017-03-20T15:05:13","date_gmt":"2017-03-20T14:05:13","guid":{"rendered":"http:\/\/www.challenge-agriculture.fr\/?page_id=971"},"modified":"2021-04-24T09:58:27","modified_gmt":"2021-04-24T07:58:27","slug":"ejemplo-del-melon","status":"publish","type":"page","link":"https:\/\/www.challenge-agriculture.fr\/es\/el-equipo\/costos-y-precios\/ejemplo-del-melon\/","title":{"rendered":"Ejemplo del Mel\u00f3n"},"content":{"rendered":"<h2>Art\u00edculo nota de prensa completa: <a href=\"\/wp-content\/uploads\/2016\/02\/Melon.pdf\">\u00abcultivos de leguminosas\u00bb &#8211; Noviembre 2006<\/a><\/h2>\n<h3>El riego por direcci\u00f3n es el pariente pobre del cultivo de los melones<\/h3>\n<p>La soluci\u00f3n de las <a href=\"https:\/\/www.challenge-agriculture.fr\/es\/el-equipo\/sondas-watermark\/\"><strong>sondas tensiom\u00e9tricas Watermark<\/strong> <\/a>permite un manejo perfecto del riego, especialmente por goteo, proporcionando resultados espectaculares.<br \/>\nEjemplo en la propiedad de <strong>Jean-Fran\u00e7ois Dabilly<\/strong><\/p>\n<p>45 hect\u00e1reas de mel\u00f3n IGP Haut Poitou :<\/p>\n<p><img decoding=\"async\" class=\"size-full wp-image-369\" src=\"\/wp-content\/uploads\/2016\/02\/IGP.png\" alt=\"IGP\" align=\"left\" \/><\/p>\n<p>7 ha en chenilla<br \/>\n15 ha en 500 agujeros<br \/>\n21 hect\u00e1reas de campo<\/p>\n<h3>Situaci\u00f3n actual<\/h3>\n<p>Producir una hect\u00e1rea de mel\u00f3n es caro, en el orden de \u20ac 10.000\/ha.<br \/>\n35% concierne a la mano de obra, el 65% instalac\u00f3n del cultivo.<br \/>\nA pesar de este avance significativo en el cultivo, el manejo del riego, a menudo de deja de lado.<\/p>\n<p>\u00abBajo la chenille no se controla adecuadamente,\u00bb admit\u00eda JF Dabilly.<br \/>\nAntes de la conducci\u00f3n de riego, los rendimientos obtenidos durante 10 a\u00f1os fueron alrededor de 17-18 t\/ha (irrigado por goteo sin pitotaje).<\/p>\n<p>Cultivo n\u00f3made por definici\u00f3n, ya que un mel\u00f3n no puede regresar al mismo lugar antes de los 5 a\u00f1os.<br \/>\nLas parcelas se alquilan a los vecinos alrededor de 2 estaciones de bombeo descontando 40 m3 \/ H.<br \/>\nM. Dabilly invierte en el recurso primario en di\u00e1metro 90 e instala un terminal en el borde de las parcelas, lo que es apreciado por el propietario. Los Chenilles est\u00e1n equipadas con el sistema desechable de gota gota (descontando 12 m3\/ha\/hora, longitud m\u00e1xima de 150 m, llenando 10 min).<\/p>\n<p>A menudo, el agua est\u00e1 disponible para el mel\u00f3n solo 2 d\u00edas a la semana, debido a la concurrencia del ma\u00edz. Las v\u00e1lvulas del sector estaban accionadas manualmente con el tiempo de apertura continua de 5 horas, por desgracia es un caso cl\u00e1sico. Este sistema de producci\u00f3n ignora el fraccionamiento y Pilotaje, esenciales en el goteo.<\/p>\n<h3>La colocaci\u00f3n<\/h3>\n<p><img decoding=\"async\" class=\"size-full wp-image-374\" src=\"\/wp-content\/uploads\/2016\/02\/cultureMelon.jpg\" alt=\"cultureMelon\" align=\"right\" \/><\/p>\n<p><strong>Challenge Agriculture<\/strong> ha equipado a los productores de la regi\u00f3n desde hace m\u00e1s de 10 a\u00f1os con <strong>sensores Watermark<\/strong> para leer de forma manual.<br \/>\nEllos han utilizado la tensiometr\u00eda como barrera de protecci\u00f3n, nada m\u00e1s.<br \/>\nDurante 2 a\u00f1os con monitor, hemos emprendido u <strong>pilotaje tensiom\u00e9trico<\/strong> sobre el goteo con el mel\u00f3n en la regi\u00f3n de Poitou-Charentes. M.Dabilly fue seguido en el 2006 por su t\u00e9cnico Isabelle Devant &#8211; Uni\u00f3n de Productores de Frutas y Verduras de Val de Vienne.<\/p>\n<p><strong>Los equipos instalados :<\/strong> 1 <strong><a href=\"https:\/\/www.challenge-agriculture.fr\/es\/el-equipo\/monitor-r2-dx-watermark\/\">Monitor<\/a><\/strong> + 6 <strong>sensores Watermark<\/strong> (listo para funcionar por \u20ac 830 HT) en 7 hect\u00e1reas de Chenille.<br \/>\nLa caja detecta los datos del sensor cada 4 horas.<br \/>\nJF Dabilly lo revisa en la computadora 1 por semana y recibe semanalmente un consejo de su t\u00e9cnico<br \/>\n<strong>Resultado :<\/strong> pasamos de un rendimiento en irrigaci\u00f3n no piloteado de 17-18 t \/ha obtenido durante 10 a\u00f1os, a 22 t\/ha controlado con el monitor 2006 &#8230;<br \/>\nY la calidad perfecta. La ganancia: 4 t\/ha<\/p>\n<h3>Rentabilidad<\/h3>\n<p><strong>Monitor<\/strong> cuesta 400 kg \/ a\u00f1o de mel\u00f3n y, en este caso, se refiere 28 toneladas \/ a\u00f1o (alrededor de 7 hect\u00e1reas de Chenille).<br \/>\nSin contar el volumen de agua ahorrada : el <strong>pilotaje del monitor<\/strong> ha permitido descender el consume del volumen de agua en el orden de 500 m3 \/ ha en el2005 y el 2006 sobre IGP en la regi\u00f3n de Haut-Poitou (2 a\u00f1os especialmente secos).<\/p>\n","protected":false},"excerpt":{"rendered":"<p>Art\u00edculo nota de prensa completa: \u00abcultivos de leguminosas\u00bb &#8211; Noviembre 2006 El riego por direcci\u00f3n es el pariente pobre del cultivo de los melones La soluci\u00f3n de las sondas tensiom\u00e9tricas Watermark permite un manejo perfecto del riego, especialmente por goteo, proporcionando resultados espectaculares. Ejemplo en la propiedad de Jean-Fran\u00e7ois Dabilly 45 hect\u00e1reas de mel\u00f3n IGP [&hellip;]<\/p>\n","protected":false},"author":3,"featured_media":0,"parent":962,"menu_order":0,"comment_status":"closed","ping_status":"closed","template":"","meta":{"_acf_changed":false,"ocean_post_layout":"","ocean_both_sidebars_style":"","ocean_both_sidebars_content_width":0,"ocean_both_sidebars_sidebars_width":0,"ocean_sidebar":"0","ocean_second_sidebar":"0","ocean_disable_margins":"enable","ocean_add_body_class":"","ocean_shortcode_before_top_bar":"","ocean_shortcode_after_top_bar":"","ocean_shortcode_before_header":"","ocean_shortcode_after_header":"","ocean_has_shortcode":"","ocean_shortcode_after_title":"","ocean_shortcode_before_footer_widgets":"","ocean_shortcode_after_footer_widgets":"","ocean_shortcode_before_footer_bottom":"","ocean_shortcode_after_footer_bottom":"","ocean_display_top_bar":"default","ocean_display_header":"default","ocean_header_style":"","ocean_center_header_left_menu":"0","ocean_custom_header_template":"0","ocean_custom_logo":0,"ocean_custom_retina_logo":0,"ocean_custom_logo_max_width":0,"ocean_custom_logo_tablet_max_width":0,"ocean_custom_logo_mobile_max_width":0,"ocean_custom_logo_max_height":0,"ocean_custom_logo_tablet_max_height":0,"ocean_custom_logo_mobile_max_height":0,"ocean_header_custom_menu":"0","ocean_menu_typo_font_family":"0","ocean_menu_typo_font_subset":"","ocean_menu_typo_font_size":0,"ocean_menu_typo_font_size_tablet":0,"ocean_menu_typo_font_size_mobile":0,"ocean_menu_typo_font_size_unit":"px","ocean_menu_typo_font_weight":"","ocean_menu_typo_font_weight_tablet":"","ocean_menu_typo_font_weight_mobile":"","ocean_menu_typo_transform":"","ocean_menu_typo_transform_tablet":"","ocean_menu_typo_transform_mobile":"","ocean_menu_typo_line_height":0,"ocean_menu_typo_line_height_tablet":0,"ocean_menu_typo_line_height_mobile":0,"ocean_menu_typo_line_height_unit":"","ocean_menu_typo_spacing":0,"ocean_menu_typo_spacing_tablet":0,"ocean_menu_typo_spacing_mobile":0,"ocean_menu_typo_spacing_unit":"","ocean_menu_link_color":"","ocean_menu_link_color_hover":"","ocean_menu_link_color_active":"","ocean_menu_link_background":"","ocean_menu_link_hover_background":"","ocean_menu_link_active_background":"","ocean_menu_social_links_bg":"","ocean_menu_social_hover_links_bg":"","ocean_menu_social_links_color":"","ocean_menu_social_hover_links_color":"","ocean_disable_title":"default","ocean_disable_heading":"default","ocean_post_title":"","ocean_post_subheading":"","ocean_post_title_style":"","ocean_post_title_background_color":"","ocean_post_title_background":0,"ocean_post_title_bg_image_position":"","ocean_post_title_bg_image_attachment":"","ocean_post_title_bg_image_repeat":"","ocean_post_title_bg_image_size":"","ocean_post_title_height":0,"ocean_post_title_bg_overlay":0.5,"ocean_post_title_bg_overlay_color":"","ocean_disable_breadcrumbs":"default","ocean_breadcrumbs_color":"","ocean_breadcrumbs_separator_color":"","ocean_breadcrumbs_links_color":"","ocean_breadcrumbs_links_hover_color":"","ocean_display_footer_widgets":"default","ocean_display_footer_bottom":"default","ocean_custom_footer_template":"0","footnotes":""},"class_list":["post-971","page","type-page","status-publish","hentry","entry","owp-thumbs-layout-horizontal","owp-btn-big","owp-tabs-layout-horizontal","has-no-thumbnails","has-product-nav"],"acf":[],"yoast_head":"<!-- This site is optimized with the Yoast SEO plugin v25.2 - https:\/\/yoast.com\/wordpress\/plugins\/seo\/ -->\n<title>El equipo : el ejemplo de m\u00e9lon &#x2d; Challenge agriculture<\/title>\n<meta name=\"description\" content=\"El equipo : el ejemplo de m\u00e9lon. Servicio distribuido por Challenge agriculture, hecho en Francia.\" \/>\n<meta name=\"robots\" content=\"index, follow, max-snippet:-1, max-image-preview:large, max-video-preview:-1\" \/>\n<link rel=\"canonical\" href=\"https:\/\/www.challenge-agriculture.fr\/es\/el-equipo\/costos-y-precios\/ejemplo-del-melon\/\" \/>\n<meta property=\"og:locale\" content=\"fr_FR\" \/>\n<meta property=\"og:type\" content=\"article\" \/>\n<meta property=\"og:title\" content=\"El equipo : el ejemplo de m\u00e9lon &#x2d; Challenge agriculture\" \/>\n<meta property=\"og:description\" content=\"El equipo : el ejemplo de m\u00e9lon. Servicio distribuido por Challenge agriculture, hecho en Francia.\" \/>\n<meta property=\"og:url\" content=\"https:\/\/www.challenge-agriculture.fr\/es\/el-equipo\/costos-y-precios\/ejemplo-del-melon\/\" \/>\n<meta property=\"og:site_name\" content=\"Challenge Agriculture\" \/>\n<meta property=\"article:modified_time\" content=\"2021-04-24T07:58:27+00:00\" \/>\n<meta property=\"og:image\" content=\"https:\/\/www.challenge-agriculture.fr\/wp-content\/uploads\/2016\/02\/IGP.png\" \/>\n<meta name=\"twitter:card\" content=\"summary_large_image\" \/>\n<meta name=\"twitter:label1\" content=\"Tiempo de lectura\" \/>\n\t<meta name=\"twitter:data1\" content=\"3 minutos\" \/>\n<script type=\"application\/ld+json\" class=\"yoast-schema-graph\">{\"@context\":\"https:\/\/schema.org\",\"@graph\":[{\"@type\":\"WebPage\",\"@id\":\"https:\/\/www.challenge-agriculture.fr\/es\/el-equipo\/costos-y-precios\/ejemplo-del-melon\/\",\"url\":\"https:\/\/www.challenge-agriculture.fr\/es\/el-equipo\/costos-y-precios\/ejemplo-del-melon\/\",\"name\":\"El equipo : el ejemplo de m\u00e9lon &#x2d; Challenge agriculture\",\"isPartOf\":{\"@id\":\"https:\/\/www.challenge-agriculture.fr\/#website\"},\"datePublished\":\"2017-03-20T14:05:13+00:00\",\"dateModified\":\"2021-04-24T07:58:27+00:00\",\"description\":\"El equipo : el ejemplo de m\u00e9lon. Servicio distribuido por Challenge agriculture, hecho en Francia.\",\"breadcrumb\":{\"@id\":\"https:\/\/www.challenge-agriculture.fr\/es\/el-equipo\/costos-y-precios\/ejemplo-del-melon\/#breadcrumb\"},\"inLanguage\":\"es\",\"potentialAction\":[{\"@type\":\"ReadAction\",\"target\":[\"https:\/\/www.challenge-agriculture.fr\/es\/el-equipo\/costos-y-precios\/ejemplo-del-melon\/\"]}]},{\"@type\":\"BreadcrumbList\",\"@id\":\"https:\/\/www.challenge-agriculture.fr\/es\/el-equipo\/costos-y-precios\/ejemplo-del-melon\/#breadcrumb\",\"itemListElement\":[{\"@type\":\"ListItem\",\"position\":1,\"name\":\"Home\",\"item\":\"https:\/\/www.challenge-agriculture.fr\/es\/\"},{\"@type\":\"ListItem\",\"position\":2,\"name\":\"El equipo\",\"item\":\"https:\/\/www.challenge-agriculture.fr\/es\/el-equipo\/\"},{\"@type\":\"ListItem\",\"position\":3,\"name\":\"Costos y precios\",\"item\":\"https:\/\/www.challenge-agriculture.fr\/es\/el-equipo\/costos-y-precios\/\"},{\"@type\":\"ListItem\",\"position\":4,\"name\":\"Ejemplo del Mel\u00f3n\"}]},{\"@type\":\"WebSite\",\"@id\":\"https:\/\/www.challenge-agriculture.fr\/#website\",\"url\":\"https:\/\/www.challenge-agriculture.fr\/\",\"name\":\"Challenge Agriculture\",\"description\":\"\",\"publisher\":{\"@id\":\"https:\/\/www.challenge-agriculture.fr\/#organization\"},\"potentialAction\":[{\"@type\":\"SearchAction\",\"target\":{\"@type\":\"EntryPoint\",\"urlTemplate\":\"https:\/\/www.challenge-agriculture.fr\/?s={search_term_string}\"},\"query-input\":{\"@type\":\"PropertyValueSpecification\",\"valueRequired\":true,\"valueName\":\"search_term_string\"}}],\"inLanguage\":\"es\"},{\"@type\":\"Organization\",\"@id\":\"https:\/\/www.challenge-agriculture.fr\/#organization\",\"name\":\"Challenge Agriculture\",\"url\":\"https:\/\/www.challenge-agriculture.fr\/\",\"logo\":{\"@type\":\"ImageObject\",\"inLanguage\":\"es\",\"@id\":\"https:\/\/www.challenge-agriculture.fr\/#\/schema\/logo\/image\/\",\"url\":\"https:\/\/www.challenge-agriculture.fr\/wp-content\/uploads\/2020\/02\/logo-doc.png\",\"contentUrl\":\"https:\/\/www.challenge-agriculture.fr\/wp-content\/uploads\/2020\/02\/logo-doc.png\",\"width\":1497,\"height\":355,\"caption\":\"Challenge Agriculture\"},\"image\":{\"@id\":\"https:\/\/www.challenge-agriculture.fr\/#\/schema\/logo\/image\/\"}}]}<\/script>\n<!-- \/ Yoast SEO plugin. -->","yoast_head_json":{"title":"El equipo : el ejemplo de m\u00e9lon &#x2d; Challenge agriculture","description":"El equipo : el ejemplo de m\u00e9lon. Servicio distribuido por Challenge agriculture, hecho en Francia.","robots":{"index":"index","follow":"follow","max-snippet":"max-snippet:-1","max-image-preview":"max-image-preview:large","max-video-preview":"max-video-preview:-1"},"canonical":"https:\/\/www.challenge-agriculture.fr\/es\/el-equipo\/costos-y-precios\/ejemplo-del-melon\/","og_locale":"fr_FR","og_type":"article","og_title":"El equipo : el ejemplo de m\u00e9lon &#x2d; Challenge agriculture","og_description":"El equipo : el ejemplo de m\u00e9lon. Servicio distribuido por Challenge agriculture, hecho en Francia.","og_url":"https:\/\/www.challenge-agriculture.fr\/es\/el-equipo\/costos-y-precios\/ejemplo-del-melon\/","og_site_name":"Challenge Agriculture","article_modified_time":"2021-04-24T07:58:27+00:00","og_image":[{"url":"https:\/\/www.challenge-agriculture.fr\/wp-content\/uploads\/2016\/02\/IGP.png","type":"","width":"","height":""}],"twitter_card":"summary_large_image","twitter_misc":{"Tiempo de lectura":"3 minutos"},"schema":{"@context":"https:\/\/schema.org","@graph":[{"@type":"WebPage","@id":"https:\/\/www.challenge-agriculture.fr\/es\/el-equipo\/costos-y-precios\/ejemplo-del-melon\/","url":"https:\/\/www.challenge-agriculture.fr\/es\/el-equipo\/costos-y-precios\/ejemplo-del-melon\/","name":"El equipo : el ejemplo de m\u00e9lon &#x2d; Challenge agriculture","isPartOf":{"@id":"https:\/\/www.challenge-agriculture.fr\/#website"},"datePublished":"2017-03-20T14:05:13+00:00","dateModified":"2021-04-24T07:58:27+00:00","description":"El equipo : el ejemplo de m\u00e9lon. Servicio distribuido por Challenge agriculture, hecho en Francia.","breadcrumb":{"@id":"https:\/\/www.challenge-agriculture.fr\/es\/el-equipo\/costos-y-precios\/ejemplo-del-melon\/#breadcrumb"},"inLanguage":"es","potentialAction":[{"@type":"ReadAction","target":["https:\/\/www.challenge-agriculture.fr\/es\/el-equipo\/costos-y-precios\/ejemplo-del-melon\/"]}]},{"@type":"BreadcrumbList","@id":"https:\/\/www.challenge-agriculture.fr\/es\/el-equipo\/costos-y-precios\/ejemplo-del-melon\/#breadcrumb","itemListElement":[{"@type":"ListItem","position":1,"name":"Home","item":"https:\/\/www.challenge-agriculture.fr\/es\/"},{"@type":"ListItem","position":2,"name":"El equipo","item":"https:\/\/www.challenge-agriculture.fr\/es\/el-equipo\/"},{"@type":"ListItem","position":3,"name":"Costos y precios","item":"https:\/\/www.challenge-agriculture.fr\/es\/el-equipo\/costos-y-precios\/"},{"@type":"ListItem","position":4,"name":"Ejemplo del Mel\u00f3n"}]},{"@type":"WebSite","@id":"https:\/\/www.challenge-agriculture.fr\/#website","url":"https:\/\/www.challenge-agriculture.fr\/","name":"Challenge Agriculture","description":"","publisher":{"@id":"https:\/\/www.challenge-agriculture.fr\/#organization"},"potentialAction":[{"@type":"SearchAction","target":{"@type":"EntryPoint","urlTemplate":"https:\/\/www.challenge-agriculture.fr\/?s={search_term_string}"},"query-input":{"@type":"PropertyValueSpecification","valueRequired":true,"valueName":"search_term_string"}}],"inLanguage":"es"},{"@type":"Organization","@id":"https:\/\/www.challenge-agriculture.fr\/#organization","name":"Challenge Agriculture","url":"https:\/\/www.challenge-agriculture.fr\/","logo":{"@type":"ImageObject","inLanguage":"es","@id":"https:\/\/www.challenge-agriculture.fr\/#\/schema\/logo\/image\/","url":"https:\/\/www.challenge-agriculture.fr\/wp-content\/uploads\/2020\/02\/logo-doc.png","contentUrl":"https:\/\/www.challenge-agriculture.fr\/wp-content\/uploads\/2020\/02\/logo-doc.png","width":1497,"height":355,"caption":"Challenge Agriculture"},"image":{"@id":"https:\/\/www.challenge-agriculture.fr\/#\/schema\/logo\/image\/"}}]}},"_links":{"self":[{"href":"https:\/\/www.challenge-agriculture.fr\/es\/wp-json\/wp\/v2\/pages\/971","targetHints":{"allow":["GET"]}}],"collection":[{"href":"https:\/\/www.challenge-agriculture.fr\/es\/wp-json\/wp\/v2\/pages"}],"about":[{"href":"https:\/\/www.challenge-agriculture.fr\/es\/wp-json\/wp\/v2\/types\/page"}],"author":[{"embeddable":true,"href":"https:\/\/www.challenge-agriculture.fr\/es\/wp-json\/wp\/v2\/users\/3"}],"replies":[{"embeddable":true,"href":"https:\/\/www.challenge-agriculture.fr\/es\/wp-json\/wp\/v2\/comments?post=971"}],"version-history":[{"count":5,"href":"https:\/\/www.challenge-agriculture.fr\/es\/wp-json\/wp\/v2\/pages\/971\/revisions"}],"predecessor-version":[{"id":28652,"href":"https:\/\/www.challenge-agriculture.fr\/es\/wp-json\/wp\/v2\/pages\/971\/revisions\/28652"}],"up":[{"embeddable":true,"href":"https:\/\/www.challenge-agriculture.fr\/es\/wp-json\/wp\/v2\/pages\/962"}],"wp:attachment":[{"href":"https:\/\/www.challenge-agriculture.fr\/es\/wp-json\/wp\/v2\/media?parent=971"}],"curies":[{"name":"wp","href":"https:\/\/api.w.org\/{rel}","templated":true}]}}