{"id":986,"date":"2017-03-20T15:13:58","date_gmt":"2017-03-20T14:13:58","guid":{"rendered":"http:\/\/www.challenge-agriculture.fr\/?page_id=986"},"modified":"2023-11-23T16:48:09","modified_gmt":"2023-11-23T15:48:09","slug":"contactenos","status":"publish","type":"page","link":"https:\/\/www.challenge-agriculture.fr\/es\/contactenos\/","title":{"rendered":"Cont\u00e1ctenos"},"content":{"rendered":"<p>Para contactarnos, por favor complete el formulario de contacto o escr\u00edbanos a la direcci\u00f3n postal a continuaci\u00f3n.<\/p>\n<form id=\"wpforms-form-30033\" data-formid=\"30033\" method=\"post\" enctype=\"multipart\/form-data\" action=\"\/wp-admin\/admin-ajax.php\" data-token=\"d6642c7f81a2ef091218291fc4aaa835\"><noscript>Veuillez activer JavaScript dans votre navigateur pour remplir ce formulaire.<\/noscript><label for=\"wpforms-30033-field_0\">Apellido *<\/label><input type=\"text\" id=\"wpforms-30033-field_0\" name=\"wpforms[fields][0]\" required><label for=\"wpforms-30033-field_4\">Pa\u00eds<\/label><input type=\"text\" id=\"wpforms-30033-field_4\" name=\"wpforms[fields][4]\" ><label for=\"wpforms-30033-field_1\">Email *<\/label><input type=\"email\" id=\"wpforms-30033-field_1\" name=\"wpforms[fields][1]\" spellcheck=\"false\" required><label for=\"wpforms-30033-field_2\">Mensaje: para responderle de manera eficaz, d\u00edganos: sus tipos de suelo, sus cultivos y su equipo de riego.  *<\/label><textarea id=\"wpforms-30033-field_2\" name=\"wpforms[fields][2]\" required><\/textarea><!-- .wpforms-field-container --><input type=\"text\" name=\"g-recaptcha-hidden\" style=\"position:absolute!important;clip:rect(0,0,0,0)!important;height:1px!important;width:1px!important;border:0!important;overflow:hidden!important;padding:0!important;margin:0!important;\" data-rule-hcaptcha=\"1\"><input type=\"hidden\" name=\"wpforms[id]\" value=\"30033\">\t\t\t<input\n\t\t\t\ttype=\"hidden\"\n\t\t\t\tname=\"wpforms[nonce]\"\n\t\t\t\tvalue=\"950e9fcb6b\"\n\t\t\t\/><br \/>\n\t\t\t<input type=\"hidden\" name=\"wpforms[author]\" value=\"3\"><button type=\"submit\" name=\"wpforms[submit]\" id=\"wpforms-submit-30033\" data-alt-text=\"Envoi en cours...\" data-submit-text=\"Env\u00ede su mensaje\" aria-live=\"assertive\" value=\"wpforms-submit\">Env\u00ede su mensaje<\/button><img decoding=\"async\" src=\"https:\/\/www.challenge-agriculture.fr\/wp-content\/plugins\/wpforms-lite\/assets\/images\/submit-spin.svg\" style=\"display: none;\" width=\"26\" height=\"26\" alt=\"Chargement en cours\"><\/form>\n<p>  <!-- .wpforms-container --><\/p>\n<p style=\"text-align: center;\"><strong>Challenge Agriculture SAS\u200b<\/strong><br \/>Groupe France Pivots<br \/>310 Route de Mont-de-Marsan<br \/>40630 Sabres France<\/p>\n<p style=\"text-align: center;\">T\u00e9l : (+33) (0)5 58 07 50 82<br \/>T\u00e9l : (+33) (0)6 87 28 97 53<\/p>\n<p><iframe style=\"border: 0;\" src=\"https:\/\/www.google.com\/maps\/embed?pb=!1m18!1m12!1m3!1d2863.07910495033!2d-0.7298711000000001!3d44.143613599999995!2m3!1f0!2f0!3f0!3m2!1i1024!2i768!4f13.1!3m3!1m2!1s0xd5448edcd0b71fb%3A0xa52b85ed644a2618!2sFrance-Pivots!5e0!3m2!1sfr!2sfr!4v1700752816527!5m2!1sfr!2sfr\" width=\"100%\" height=\"210\" frameborder=\"0\" allowfullscreen=\"allowfullscreen\" data-mce-fragment=\"1\"><\/iframe><\/p>\n","protected":false},"excerpt":{"rendered":"<p>Para contactarnos, por favor complete el formulario de contacto o escr\u00edbanos a la direcci\u00f3n postal a continuaci\u00f3n. Veuillez activer JavaScript dans votre navigateur pour remplir ce formulaire.Apellido *Pa\u00edsEmail *Mensaje: para responderle de manera eficaz, d\u00edganos: sus tipos de suelo, sus cultivos y su equipo de riego. * Env\u00ede su mensaje Challenge Agriculture SAS\u200bGroupe France Pivots310 [&hellip;]<\/p>\n","protected":false},"author":3,"featured_media":0,"parent":0,"menu_order":32,"comment_status":"closed","ping_status":"closed","template":"","meta":{"_acf_changed":false,"ocean_post_layout":"","ocean_both_sidebars_style":"","ocean_both_sidebars_content_width":0,"ocean_both_sidebars_sidebars_width":0,"ocean_sidebar":"0","ocean_second_sidebar":"0","ocean_disable_margins":"enable","ocean_add_body_class":"","ocean_shortcode_before_top_bar":"","ocean_shortcode_after_top_bar":"","ocean_shortcode_before_header":"","ocean_shortcode_after_header":"","ocean_has_shortcode":"","ocean_shortcode_after_title":"","ocean_shortcode_before_footer_widgets":"","ocean_shortcode_after_footer_widgets":"","ocean_shortcode_before_footer_bottom":"","ocean_shortcode_after_footer_bottom":"","ocean_display_top_bar":"default","ocean_display_header":"default","ocean_header_style":"","ocean_center_header_left_menu":"0","ocean_custom_header_template":"0","ocean_custom_logo":0,"ocean_custom_retina_logo":0,"ocean_custom_logo_max_width":0,"ocean_custom_logo_tablet_max_width":0,"ocean_custom_logo_mobile_max_width":0,"ocean_custom_logo_max_height":0,"ocean_custom_logo_tablet_max_height":0,"ocean_custom_logo_mobile_max_height":0,"ocean_header_custom_menu":"0","ocean_menu_typo_font_family":"0","ocean_menu_typo_font_subset":"","ocean_menu_typo_font_size":0,"ocean_menu_typo_font_size_tablet":0,"ocean_menu_typo_font_size_mobile":0,"ocean_menu_typo_font_size_unit":"px","ocean_menu_typo_font_weight":"","ocean_menu_typo_font_weight_tablet":"","ocean_menu_typo_font_weight_mobile":"","ocean_menu_typo_transform":"","ocean_menu_typo_transform_tablet":"","ocean_menu_typo_transform_mobile":"","ocean_menu_typo_line_height":0,"ocean_menu_typo_line_height_tablet":0,"ocean_menu_typo_line_height_mobile":0,"ocean_menu_typo_line_height_unit":"","ocean_menu_typo_spacing":0,"ocean_menu_typo_spacing_tablet":0,"ocean_menu_typo_spacing_mobile":0,"ocean_menu_typo_spacing_unit":"","ocean_menu_link_color":"","ocean_menu_link_color_hover":"","ocean_menu_link_color_active":"","ocean_menu_link_background":"","ocean_menu_link_hover_background":"","ocean_menu_link_active_background":"","ocean_menu_social_links_bg":"","ocean_menu_social_hover_links_bg":"","ocean_menu_social_links_color":"","ocean_menu_social_hover_links_color":"","ocean_disable_title":"default","ocean_disable_heading":"default","ocean_post_title":"","ocean_post_subheading":"","ocean_post_title_style":"","ocean_post_title_background_color":"","ocean_post_title_background":0,"ocean_post_title_bg_image_position":"","ocean_post_title_bg_image_attachment":"","ocean_post_title_bg_image_repeat":"","ocean_post_title_bg_image_size":"","ocean_post_title_height":0,"ocean_post_title_bg_overlay":0.5,"ocean_post_title_bg_overlay_color":"","ocean_disable_breadcrumbs":"default","ocean_breadcrumbs_color":"","ocean_breadcrumbs_separator_color":"","ocean_breadcrumbs_links_color":"","ocean_breadcrumbs_links_hover_color":"","ocean_display_footer_widgets":"default","ocean_display_footer_bottom":"default","ocean_custom_footer_template":"0","footnotes":""},"class_list":["post-986","page","type-page","status-publish","hentry","entry","owp-thumbs-layout-horizontal","owp-btn-big","owp-tabs-layout-horizontal","has-no-thumbnails","has-product-nav"],"acf":[],"yoast_head":"<!-- This site is optimized with the Yoast SEO plugin v25.2 - https:\/\/yoast.com\/wordpress\/plugins\/seo\/ -->\n<title>Pagina contactenos - Challenge agriculture<\/title>\n<meta name=\"description\" content=\"Pagina contactenos. Productos distribuidos por Challenge agriculture, hechos en Francia.\" \/>\n<meta name=\"robots\" content=\"index, follow, max-snippet:-1, max-image-preview:large, max-video-preview:-1\" \/>\n<link rel=\"canonical\" href=\"https:\/\/www.challenge-agriculture.fr\/es\/contactenos\/\" \/>\n<meta property=\"og:locale\" content=\"fr_FR\" \/>\n<meta property=\"og:type\" content=\"article\" \/>\n<meta property=\"og:title\" content=\"Pagina contactenos - Challenge agriculture\" \/>\n<meta property=\"og:description\" content=\"Pagina contactenos. Productos distribuidos por Challenge agriculture, hechos en Francia.\" \/>\n<meta property=\"og:url\" content=\"https:\/\/www.challenge-agriculture.fr\/es\/contactenos\/\" \/>\n<meta property=\"og:site_name\" content=\"Challenge Agriculture\" \/>\n<meta property=\"article:modified_time\" content=\"2023-11-23T15:48:09+00:00\" \/>\n<meta property=\"og:image\" content=\"https:\/\/www.challenge-agriculture.fr\/wp-content\/plugins\/wpforms-lite\/assets\/images\/submit-spin.svg\" \/>\n<meta name=\"twitter:card\" content=\"summary_large_image\" \/>\n<meta name=\"twitter:label1\" content=\"Tiempo de lectura\" \/>\n\t<meta name=\"twitter:data1\" content=\"1 minuto\" \/>\n<script type=\"application\/ld+json\" class=\"yoast-schema-graph\">{\"@context\":\"https:\/\/schema.org\",\"@graph\":[{\"@type\":\"WebPage\",\"@id\":\"https:\/\/www.challenge-agriculture.fr\/es\/contactenos\/\",\"url\":\"https:\/\/www.challenge-agriculture.fr\/es\/contactenos\/\",\"name\":\"Pagina contactenos - Challenge agriculture\",\"isPartOf\":{\"@id\":\"https:\/\/www.challenge-agriculture.fr\/#website\"},\"primaryImageOfPage\":{\"@id\":\"https:\/\/www.challenge-agriculture.fr\/es\/contactenos\/#primaryimage\"},\"image\":{\"@id\":\"https:\/\/www.challenge-agriculture.fr\/es\/contactenos\/#primaryimage\"},\"thumbnailUrl\":\"https:\/\/www.challenge-agriculture.fr\/wp-content\/plugins\/wpforms-lite\/assets\/images\/submit-spin.svg\",\"datePublished\":\"2017-03-20T14:13:58+00:00\",\"dateModified\":\"2023-11-23T15:48:09+00:00\",\"description\":\"Pagina contactenos. Productos distribuidos por Challenge agriculture, hechos en Francia.\",\"breadcrumb\":{\"@id\":\"https:\/\/www.challenge-agriculture.fr\/es\/contactenos\/#breadcrumb\"},\"inLanguage\":\"es\",\"potentialAction\":[{\"@type\":\"ReadAction\",\"target\":[\"https:\/\/www.challenge-agriculture.fr\/es\/contactenos\/\"]}]},{\"@type\":\"ImageObject\",\"inLanguage\":\"es\",\"@id\":\"https:\/\/www.challenge-agriculture.fr\/es\/contactenos\/#primaryimage\",\"url\":\"https:\/\/www.challenge-agriculture.fr\/wp-content\/plugins\/wpforms-lite\/assets\/images\/submit-spin.svg\",\"contentUrl\":\"https:\/\/www.challenge-agriculture.fr\/wp-content\/plugins\/wpforms-lite\/assets\/images\/submit-spin.svg\"},{\"@type\":\"BreadcrumbList\",\"@id\":\"https:\/\/www.challenge-agriculture.fr\/es\/contactenos\/#breadcrumb\",\"itemListElement\":[{\"@type\":\"ListItem\",\"position\":1,\"name\":\"Home\",\"item\":\"https:\/\/www.challenge-agriculture.fr\/es\/\"},{\"@type\":\"ListItem\",\"position\":2,\"name\":\"Cont\u00e1ctenos\"}]},{\"@type\":\"WebSite\",\"@id\":\"https:\/\/www.challenge-agriculture.fr\/#website\",\"url\":\"https:\/\/www.challenge-agriculture.fr\/\",\"name\":\"Challenge Agriculture\",\"description\":\"\",\"publisher\":{\"@id\":\"https:\/\/www.challenge-agriculture.fr\/#organization\"},\"potentialAction\":[{\"@type\":\"SearchAction\",\"target\":{\"@type\":\"EntryPoint\",\"urlTemplate\":\"https:\/\/www.challenge-agriculture.fr\/?s={search_term_string}\"},\"query-input\":{\"@type\":\"PropertyValueSpecification\",\"valueRequired\":true,\"valueName\":\"search_term_string\"}}],\"inLanguage\":\"es\"},{\"@type\":\"Organization\",\"@id\":\"https:\/\/www.challenge-agriculture.fr\/#organization\",\"name\":\"Challenge Agriculture\",\"url\":\"https:\/\/www.challenge-agriculture.fr\/\",\"logo\":{\"@type\":\"ImageObject\",\"inLanguage\":\"es\",\"@id\":\"https:\/\/www.challenge-agriculture.fr\/#\/schema\/logo\/image\/\",\"url\":\"https:\/\/www.challenge-agriculture.fr\/wp-content\/uploads\/2020\/02\/logo-doc.png\",\"contentUrl\":\"https:\/\/www.challenge-agriculture.fr\/wp-content\/uploads\/2020\/02\/logo-doc.png\",\"width\":1497,\"height\":355,\"caption\":\"Challenge Agriculture\"},\"image\":{\"@id\":\"https:\/\/www.challenge-agriculture.fr\/#\/schema\/logo\/image\/\"}}]}<\/script>\n<!-- \/ Yoast SEO plugin. -->","yoast_head_json":{"title":"Pagina contactenos - Challenge agriculture","description":"Pagina contactenos. Productos distribuidos por Challenge agriculture, hechos en Francia.","robots":{"index":"index","follow":"follow","max-snippet":"max-snippet:-1","max-image-preview":"max-image-preview:large","max-video-preview":"max-video-preview:-1"},"canonical":"https:\/\/www.challenge-agriculture.fr\/es\/contactenos\/","og_locale":"fr_FR","og_type":"article","og_title":"Pagina contactenos - Challenge agriculture","og_description":"Pagina contactenos. Productos distribuidos por Challenge agriculture, hechos en Francia.","og_url":"https:\/\/www.challenge-agriculture.fr\/es\/contactenos\/","og_site_name":"Challenge Agriculture","article_modified_time":"2023-11-23T15:48:09+00:00","og_image":[{"url":"https:\/\/www.challenge-agriculture.fr\/wp-content\/plugins\/wpforms-lite\/assets\/images\/submit-spin.svg","type":"","width":"","height":""}],"twitter_card":"summary_large_image","twitter_misc":{"Tiempo de lectura":"1 minuto"},"schema":{"@context":"https:\/\/schema.org","@graph":[{"@type":"WebPage","@id":"https:\/\/www.challenge-agriculture.fr\/es\/contactenos\/","url":"https:\/\/www.challenge-agriculture.fr\/es\/contactenos\/","name":"Pagina contactenos - Challenge agriculture","isPartOf":{"@id":"https:\/\/www.challenge-agriculture.fr\/#website"},"primaryImageOfPage":{"@id":"https:\/\/www.challenge-agriculture.fr\/es\/contactenos\/#primaryimage"},"image":{"@id":"https:\/\/www.challenge-agriculture.fr\/es\/contactenos\/#primaryimage"},"thumbnailUrl":"https:\/\/www.challenge-agriculture.fr\/wp-content\/plugins\/wpforms-lite\/assets\/images\/submit-spin.svg","datePublished":"2017-03-20T14:13:58+00:00","dateModified":"2023-11-23T15:48:09+00:00","description":"Pagina contactenos. Productos distribuidos por Challenge agriculture, hechos en Francia.","breadcrumb":{"@id":"https:\/\/www.challenge-agriculture.fr\/es\/contactenos\/#breadcrumb"},"inLanguage":"es","potentialAction":[{"@type":"ReadAction","target":["https:\/\/www.challenge-agriculture.fr\/es\/contactenos\/"]}]},{"@type":"ImageObject","inLanguage":"es","@id":"https:\/\/www.challenge-agriculture.fr\/es\/contactenos\/#primaryimage","url":"https:\/\/www.challenge-agriculture.fr\/wp-content\/plugins\/wpforms-lite\/assets\/images\/submit-spin.svg","contentUrl":"https:\/\/www.challenge-agriculture.fr\/wp-content\/plugins\/wpforms-lite\/assets\/images\/submit-spin.svg"},{"@type":"BreadcrumbList","@id":"https:\/\/www.challenge-agriculture.fr\/es\/contactenos\/#breadcrumb","itemListElement":[{"@type":"ListItem","position":1,"name":"Home","item":"https:\/\/www.challenge-agriculture.fr\/es\/"},{"@type":"ListItem","position":2,"name":"Cont\u00e1ctenos"}]},{"@type":"WebSite","@id":"https:\/\/www.challenge-agriculture.fr\/#website","url":"https:\/\/www.challenge-agriculture.fr\/","name":"Challenge Agriculture","description":"","publisher":{"@id":"https:\/\/www.challenge-agriculture.fr\/#organization"},"potentialAction":[{"@type":"SearchAction","target":{"@type":"EntryPoint","urlTemplate":"https:\/\/www.challenge-agriculture.fr\/?s={search_term_string}"},"query-input":{"@type":"PropertyValueSpecification","valueRequired":true,"valueName":"search_term_string"}}],"inLanguage":"es"},{"@type":"Organization","@id":"https:\/\/www.challenge-agriculture.fr\/#organization","name":"Challenge Agriculture","url":"https:\/\/www.challenge-agriculture.fr\/","logo":{"@type":"ImageObject","inLanguage":"es","@id":"https:\/\/www.challenge-agriculture.fr\/#\/schema\/logo\/image\/","url":"https:\/\/www.challenge-agriculture.fr\/wp-content\/uploads\/2020\/02\/logo-doc.png","contentUrl":"https:\/\/www.challenge-agriculture.fr\/wp-content\/uploads\/2020\/02\/logo-doc.png","width":1497,"height":355,"caption":"Challenge Agriculture"},"image":{"@id":"https:\/\/www.challenge-agriculture.fr\/#\/schema\/logo\/image\/"}}]}},"_links":{"self":[{"href":"https:\/\/www.challenge-agriculture.fr\/es\/wp-json\/wp\/v2\/pages\/986","targetHints":{"allow":["GET"]}}],"collection":[{"href":"https:\/\/www.challenge-agriculture.fr\/es\/wp-json\/wp\/v2\/pages"}],"about":[{"href":"https:\/\/www.challenge-agriculture.fr\/es\/wp-json\/wp\/v2\/types\/page"}],"author":[{"embeddable":true,"href":"https:\/\/www.challenge-agriculture.fr\/es\/wp-json\/wp\/v2\/users\/3"}],"replies":[{"embeddable":true,"href":"https:\/\/www.challenge-agriculture.fr\/es\/wp-json\/wp\/v2\/comments?post=986"}],"version-history":[{"count":10,"href":"https:\/\/www.challenge-agriculture.fr\/es\/wp-json\/wp\/v2\/pages\/986\/revisions"}],"predecessor-version":[{"id":31565,"href":"https:\/\/www.challenge-agriculture.fr\/es\/wp-json\/wp\/v2\/pages\/986\/revisions\/31565"}],"wp:attachment":[{"href":"https:\/\/www.challenge-agriculture.fr\/es\/wp-json\/wp\/v2\/media?parent=986"}],"curies":[{"name":"wp","href":"https:\/\/api.w.org\/{rel}","templated":true}]}}