{"id":2092,"date":"2018-01-02T16:24:56","date_gmt":"2018-01-02T16:17:02","guid":{"rendered":"http:\/\/www.challenge-agriculture.fr\/?post_type=product&#038;p=2092"},"modified":"2021-04-24T11:18:52","modified_gmt":"2021-04-24T09:18:52","slug":"solucion-monitor-r2-dx-smart","status":"publish","type":"product","link":"https:\/\/www.challenge-agriculture.fr\/es\/producto\/tensiometria\/monitor-es\/solucion-monitor-r2-dx-smart\/","title":{"rendered":"Soluci\u00f3n Monitor R2-DX-Smart"},"content":{"rendered":"<p>&nbsp;<\/p>\n<table class=\"spectbl\">\n<tbody>\n<tr>\n<td><strong>Monitor<\/strong><\/td>\n<th><\/th>\n<th><\/th>\n<th>R2-DX Smart<\/th>\n<\/tr>\n<tr>\n<td>Fabricado 100% en Francia<\/td>\n<td><\/td>\n<td><\/td>\n<td>Dise\u00f1ado y fabricado por nosotros<\/td>\n<\/tr>\n<tr>\n<td>Telemetr\u00eda GSM m\u00f3vil, confiable, atemporal por SMS<\/td>\n<td><\/td>\n<td><\/td>\n<td>sin restricciones en campa\u00f1a<\/td>\n<\/tr>\n<tr>\n<td>Funci\u00f3n<\/td>\n<td><\/td>\n<td><\/td>\n<td>Adquisici\u00f3n autom\u00e1tica, grabaci\u00f3n, transmisi\u00f3n y control<\/td>\n<\/tr>\n<tr>\n<td>Precio sin IVA<\/td>\n<td><\/td>\n<td><\/td>\n<td><strong>1200 \u20ac<\/strong><\/td>\n<\/tr>\n<tr>\n<td>Mediciones del sensor<br \/>\n<em>(Watermark, temperatura&#8230;)<\/em><\/td>\n<td><\/td>\n<td><\/td>\n<td><strong>16 como est\u00e1ndar<\/strong><br \/>\n<strong>32<\/strong> entradas m\u00e1x<\/td>\n<\/tr>\n<tr>\n<td>Medidor de lluvia \/ agua<\/td>\n<td><\/td>\n<td><\/td>\n<td><strong>2<\/strong> max<\/td>\n<\/tr>\n<tr>\n<td>Conector r\u00e1pido<\/td>\n<td><\/td>\n<td><\/td>\n<td>s\u00ed<\/td>\n<\/tr>\n<tr>\n<td>Pantalla LCD\u00a0\u00a0<em>(mediciones + estado + estad\u00edsticas)<\/em><\/td>\n<td><\/td>\n<td><\/td>\n<td>s\u00ed<\/td>\n<\/tr>\n<tr>\n<td>Registro autom\u00e1tico<\/td>\n<td><\/td>\n<td><\/td>\n<td>s\u00ed<\/td>\n<\/tr>\n<tr>\n<td>Copia de seguridad en microSD<\/td>\n<td><\/td>\n<td><\/td>\n<td>s\u00ed<\/td>\n<\/tr>\n<tr>\n<td>Interfaz USB\u00a0\u00a0<em>(configuraci\u00f3n \/ acceso)<\/em><\/td>\n<td><\/td>\n<td><\/td>\n<td>s\u00ed<\/td>\n<\/tr>\n<tr>\n<td>Consumo reducido<\/td>\n<td><\/td>\n<td><\/td>\n<td>s\u00ed<\/td>\n<\/tr>\n<tr>\n<td>Fuente \/ Bater\u00eda de voltaje<\/td>\n<td><\/td>\n<td><\/td>\n<td>Bater\u00eda 12 V- 5 Ah<\/td>\n<\/tr>\n<tr>\n<td>Corte de voltaje<\/td>\n<td><\/td>\n<td><\/td>\n<td>11 V<\/td>\n<\/tr>\n<tr>\n<td>Autonom\u00eda, <em>despu\u00e9s de 24 horas de recarga<\/em><\/td>\n<td><\/td>\n<td><\/td>\n<td>9 meses (dependiendo de la cantidad de v\u00e1lvulas controladas)<\/td>\n<\/tr>\n<tr>\n<td>Autonom\u00eda en el panel solar<\/td>\n<td><\/td>\n<td><\/td>\n<td>recomendada para SMART : 72 meses<\/td>\n<\/tr>\n<tr>\n<td>Transmisiones GSM \/ SMS<\/td>\n<td><\/td>\n<td><\/td>\n<td>s\u00ed<\/td>\n<\/tr>\n<tr>\n<td>Control remoto GSM \/ SMS<\/td>\n<td><\/td>\n<td><\/td>\n<td>s\u00ed<\/td>\n<\/tr>\n<tr>\n<td>Sitio web dedicado<br \/>\n<em>(historial, gr\u00e1fico, configuraci\u00f3n\u2026)<\/em><\/td>\n<td><\/td>\n<td><\/td>\n<td>s\u00ed<\/td>\n<\/tr>\n<tr>\n<td>Env\u00edo de datos en el sitio<\/td>\n<td><\/td>\n<td><\/td>\n<td>autom\u00e1tico<\/td>\n<\/tr>\n<tr>\n<td>Gr\u00e1fico autom\u00e1tico en l\u00ednea. Umbrales de disparo de riego<\/td>\n<td><\/td>\n<td><\/td>\n<td>s\u00ed<\/td>\n<\/tr>\n<tr>\n<td>Ultrasonido de la bombilla por goteo<\/td>\n<td><\/td>\n<td><\/td>\n<td>herramienta adaptada para el ultrasonido<\/td>\n<\/tr>\n<tr>\n<td>Servicio t\u00e9cnico<br \/>\nCuadro de di\u00e1logo en l\u00ednea<\/td>\n<td><\/td>\n<td><\/td>\n<td>asesoramiento semanal posible<\/td>\n<\/tr>\n<tr>\n<td>Programador de riego<\/td>\n<td><\/td>\n<td><\/td>\n<td>s\u00ed<\/td>\n<\/tr>\n<tr>\n<td>Interruptores de 24V AC \/ v\u00e1lvulas y bomba<\/td>\n<td><\/td>\n<td><\/td>\n<td><strong>4<\/strong> salidas<\/td>\n<\/tr>\n<tr>\n<td>Control de la v\u00e1lvula de solenoide<\/td>\n<td><\/td>\n<td><\/td>\n<td><strong>8<\/strong> salidas<\/td>\n<\/tr>\n<tr>\n<td>Control de riego autom\u00e1tico<\/td>\n<td><\/td>\n<td><\/td>\n<td>s\u00ed<\/td>\n<\/tr>\n<tr>\n<td>Informe de riego<\/td>\n<td><\/td>\n<td><\/td>\n<td>s\u00ed<\/td>\n<\/tr>\n<tr>\n<td>Planificaci\u00f3n riego semanal<\/td>\n<td><\/td>\n<td><\/td>\n<td>s\u00ed<\/td>\n<\/tr>\n<\/tbody>\n<\/table>\n","protected":false},"excerpt":{"rendered":"<p>El Monitor R2-DX-smart proporciona adquisici\u00f3n, almacenamiento y transmisi\u00f3n basados en la web de mediciones tensiom\u00e9tricas del sensor Watermark\u00ae. Adem\u00e1s, est\u00e1 organizado con un programador de riego que gestiona 8 v\u00e1lvulas de solenoide. El Monitor R2-DX-smart permite el riego inteligente o \u00abriego inteligente\u00bb en el siguiente concepto: se toma una decisi\u00f3n en tiempo real en el momento de cada riego preprogramado: \u00bf\u00fatil o no \u00fatil? Esto se hace comparando las diferentes medianas con los umbrales que hemos establecido para ellas. Al final, solo se ejecutar\u00e1n riegos \u00fatiles.<\/p>\n","protected":false},"featured_media":1329,"template":"","meta":{"_acf_changed":false,"ocean_post_layout":"","ocean_both_sidebars_style":"","ocean_both_sidebars_content_width":0,"ocean_both_sidebars_sidebars_width":0,"ocean_sidebar":"0","ocean_second_sidebar":"0","ocean_disable_margins":"enable","ocean_add_body_class":"","ocean_shortcode_before_top_bar":"","ocean_shortcode_after_top_bar":"","ocean_shortcode_before_header":"","ocean_shortcode_after_header":"","ocean_has_shortcode":"","ocean_shortcode_after_title":"","ocean_shortcode_before_footer_widgets":"","ocean_shortcode_after_footer_widgets":"","ocean_shortcode_before_footer_bottom":"","ocean_shortcode_after_footer_bottom":"","ocean_display_top_bar":"default","ocean_display_header":"default","ocean_header_style":"","ocean_center_header_left_menu":"0","ocean_custom_header_template":"0","ocean_custom_logo":0,"ocean_custom_retina_logo":0,"ocean_custom_logo_max_width":0,"ocean_custom_logo_tablet_max_width":0,"ocean_custom_logo_mobile_max_width":0,"ocean_custom_logo_max_height":0,"ocean_custom_logo_tablet_max_height":0,"ocean_custom_logo_mobile_max_height":0,"ocean_header_custom_menu":"0","ocean_menu_typo_font_family":"0","ocean_menu_typo_font_subset":"","ocean_menu_typo_font_size":0,"ocean_menu_typo_font_size_tablet":0,"ocean_menu_typo_font_size_mobile":0,"ocean_menu_typo_font_size_unit":"px","ocean_menu_typo_font_weight":"","ocean_menu_typo_font_weight_tablet":"","ocean_menu_typo_font_weight_mobile":"","ocean_menu_typo_transform":"","ocean_menu_typo_transform_tablet":"","ocean_menu_typo_transform_mobile":"","ocean_menu_typo_line_height":0,"ocean_menu_typo_line_height_tablet":0,"ocean_menu_typo_line_height_mobile":0,"ocean_menu_typo_line_height_unit":"","ocean_menu_typo_spacing":0,"ocean_menu_typo_spacing_tablet":0,"ocean_menu_typo_spacing_mobile":0,"ocean_menu_typo_spacing_unit":"","ocean_menu_link_color":"","ocean_menu_link_color_hover":"","ocean_menu_link_color_active":"","ocean_menu_link_background":"","ocean_menu_link_hover_background":"","ocean_menu_link_active_background":"","ocean_menu_social_links_bg":"","ocean_menu_social_hover_links_bg":"","ocean_menu_social_links_color":"","ocean_menu_social_hover_links_color":"","ocean_disable_title":"default","ocean_disable_heading":"default","ocean_post_title":"","ocean_post_subheading":"","ocean_post_title_style":"","ocean_post_title_background_color":"","ocean_post_title_background":0,"ocean_post_title_bg_image_position":"","ocean_post_title_bg_image_attachment":"","ocean_post_title_bg_image_repeat":"","ocean_post_title_bg_image_size":"","ocean_post_title_height":0,"ocean_post_title_bg_overlay":0.5,"ocean_post_title_bg_overlay_color":"","ocean_disable_breadcrumbs":"default","ocean_breadcrumbs_color":"","ocean_breadcrumbs_separator_color":"","ocean_breadcrumbs_links_color":"","ocean_breadcrumbs_links_hover_color":"","ocean_display_footer_widgets":"default","ocean_display_footer_bottom":"default","ocean_custom_footer_template":"0"},"product_brand":[],"product_cat":[93,756],"product_tag":[],"class_list":{"0":"post-2092","1":"product","2":"type-product","3":"status-publish","4":"has-post-thumbnail","6":"product_cat-tensiometria","7":"product_cat-monitor-es","8":"product_shipping_class-gratuit-es","10":"entry","11":"has-media","13":"first","14":"instock","15":"taxable","16":"shipping-taxable","17":"purchasable","18":"product-type-yith_bundle","19":"has-product-nav","20":"col","21":"span_1_of_4","22":"owp-content-left","23":"item-entry","24":"owp-thumbs-layout-horizontal","25":"owp-btn-big","26":"owp-tabs-layout-horizontal","27":"has-no-thumbnails"},"acf":[],"yoast_head":"<!-- This site is optimized with the Yoast SEO plugin v25.2 - https:\/\/yoast.com\/wordpress\/plugins\/seo\/ -->\n<title>Producto : solucion Monitor R2&#x2d;DX smart &#x2d; Challenge agriculture<\/title>\n<meta name=\"description\" content=\"Producto : solucion Monitor R2&#x2d;DX smart. Un producto distribuido por Challenge agriculture, hecho en Francia.\" \/>\n<meta name=\"robots\" content=\"index, follow, max-snippet:-1, max-image-preview:large, max-video-preview:-1\" \/>\n<link rel=\"canonical\" href=\"https:\/\/www.challenge-agriculture.fr\/es\/producto\/tensiometria\/monitor-es\/solucion-monitor-r2-dx-smart\/\" \/>\n<meta property=\"og:locale\" content=\"fr_FR\" \/>\n<meta property=\"og:type\" content=\"article\" \/>\n<meta property=\"og:title\" content=\"Producto : solucion Monitor R2&#x2d;DX smart &#x2d; Challenge agriculture\" \/>\n<meta property=\"og:description\" content=\"Producto : solucion Monitor R2&#x2d;DX smart. Un producto distribuido por Challenge agriculture, hecho en Francia.\" \/>\n<meta property=\"og:url\" content=\"https:\/\/www.challenge-agriculture.fr\/es\/producto\/tensiometria\/monitor-es\/solucion-monitor-r2-dx-smart\/\" \/>\n<meta property=\"og:site_name\" content=\"Challenge Agriculture\" \/>\n<meta property=\"article:modified_time\" content=\"2021-04-24T09:18:52+00:00\" \/>\n<meta property=\"og:image\" content=\"https:\/\/www.challenge-agriculture.fr\/wp-content\/uploads\/2016\/12\/R2-DXSMART.png\" \/>\n\t<meta property=\"og:image:width\" content=\"600\" \/>\n\t<meta property=\"og:image:height\" content=\"600\" \/>\n\t<meta property=\"og:image:type\" content=\"image\/png\" \/>\n<meta name=\"twitter:card\" content=\"summary_large_image\" \/>\n<meta name=\"twitter:label1\" content=\"Tiempo de lectura\" \/>\n\t<meta name=\"twitter:data1\" content=\"1 minuto\" \/>\n<script type=\"application\/ld+json\" class=\"yoast-schema-graph\">{\"@context\":\"https:\/\/schema.org\",\"@graph\":[{\"@type\":\"WebPage\",\"@id\":\"https:\/\/www.challenge-agriculture.fr\/es\/producto\/tensiometria\/monitor-es\/solucion-monitor-r2-dx-smart\/\",\"url\":\"https:\/\/www.challenge-agriculture.fr\/es\/producto\/tensiometria\/monitor-es\/solucion-monitor-r2-dx-smart\/\",\"name\":\"Producto : solucion Monitor R2&#x2d;DX smart &#x2d; Challenge agriculture\",\"isPartOf\":{\"@id\":\"https:\/\/www.challenge-agriculture.fr\/#website\"},\"primaryImageOfPage\":{\"@id\":\"https:\/\/www.challenge-agriculture.fr\/es\/producto\/tensiometria\/monitor-es\/solucion-monitor-r2-dx-smart\/#primaryimage\"},\"image\":{\"@id\":\"https:\/\/www.challenge-agriculture.fr\/es\/producto\/tensiometria\/monitor-es\/solucion-monitor-r2-dx-smart\/#primaryimage\"},\"thumbnailUrl\":\"https:\/\/www.challenge-agriculture.fr\/wp-content\/uploads\/2016\/12\/R2-DXSMART.png\",\"datePublished\":\"2018-01-02T16:17:02+00:00\",\"dateModified\":\"2021-04-24T09:18:52+00:00\",\"description\":\"Producto : solucion Monitor R2&#x2d;DX smart. Un producto distribuido por Challenge agriculture, hecho en Francia.\",\"breadcrumb\":{\"@id\":\"https:\/\/www.challenge-agriculture.fr\/es\/producto\/tensiometria\/monitor-es\/solucion-monitor-r2-dx-smart\/#breadcrumb\"},\"inLanguage\":\"es\",\"potentialAction\":[{\"@type\":\"ReadAction\",\"target\":[\"https:\/\/www.challenge-agriculture.fr\/es\/producto\/tensiometria\/monitor-es\/solucion-monitor-r2-dx-smart\/\"]}]},{\"@type\":\"ImageObject\",\"inLanguage\":\"es\",\"@id\":\"https:\/\/www.challenge-agriculture.fr\/es\/producto\/tensiometria\/monitor-es\/solucion-monitor-r2-dx-smart\/#primaryimage\",\"url\":\"https:\/\/www.challenge-agriculture.fr\/wp-content\/uploads\/2016\/12\/R2-DXSMART.png\",\"contentUrl\":\"https:\/\/www.challenge-agriculture.fr\/wp-content\/uploads\/2016\/12\/R2-DXSMART.png\",\"width\":600,\"height\":600,\"caption\":\"monitor r2 dx smart\"},{\"@type\":\"BreadcrumbList\",\"@id\":\"https:\/\/www.challenge-agriculture.fr\/es\/producto\/tensiometria\/monitor-es\/solucion-monitor-r2-dx-smart\/#breadcrumb\",\"itemListElement\":[{\"@type\":\"ListItem\",\"position\":1,\"name\":\"Home\",\"item\":\"https:\/\/www.challenge-agriculture.fr\/es\/\"},{\"@type\":\"ListItem\",\"position\":2,\"name\":\"Boutique\",\"item\":\"https:\/\/www.challenge-agriculture.fr\/la-boutique\/\"},{\"@type\":\"ListItem\",\"position\":3,\"name\":\"Soluci\u00f3n Monitor R2-DX-Smart\"}]},{\"@type\":\"WebSite\",\"@id\":\"https:\/\/www.challenge-agriculture.fr\/#website\",\"url\":\"https:\/\/www.challenge-agriculture.fr\/\",\"name\":\"Challenge Agriculture\",\"description\":\"\",\"publisher\":{\"@id\":\"https:\/\/www.challenge-agriculture.fr\/#organization\"},\"potentialAction\":[{\"@type\":\"SearchAction\",\"target\":{\"@type\":\"EntryPoint\",\"urlTemplate\":\"https:\/\/www.challenge-agriculture.fr\/?s={search_term_string}\"},\"query-input\":{\"@type\":\"PropertyValueSpecification\",\"valueRequired\":true,\"valueName\":\"search_term_string\"}}],\"inLanguage\":\"es\"},{\"@type\":\"Organization\",\"@id\":\"https:\/\/www.challenge-agriculture.fr\/#organization\",\"name\":\"Challenge Agriculture\",\"url\":\"https:\/\/www.challenge-agriculture.fr\/\",\"logo\":{\"@type\":\"ImageObject\",\"inLanguage\":\"es\",\"@id\":\"https:\/\/www.challenge-agriculture.fr\/#\/schema\/logo\/image\/\",\"url\":\"https:\/\/www.challenge-agriculture.fr\/wp-content\/uploads\/2020\/02\/logo-doc.png\",\"contentUrl\":\"https:\/\/www.challenge-agriculture.fr\/wp-content\/uploads\/2020\/02\/logo-doc.png\",\"width\":1497,\"height\":355,\"caption\":\"Challenge Agriculture\"},\"image\":{\"@id\":\"https:\/\/www.challenge-agriculture.fr\/#\/schema\/logo\/image\/\"}}]}<\/script>\n<!-- \/ Yoast SEO plugin. -->","yoast_head_json":{"title":"Producto : solucion Monitor R2&#x2d;DX smart &#x2d; Challenge agriculture","description":"Producto : solucion Monitor R2&#x2d;DX smart. Un producto distribuido por Challenge agriculture, hecho en Francia.","robots":{"index":"index","follow":"follow","max-snippet":"max-snippet:-1","max-image-preview":"max-image-preview:large","max-video-preview":"max-video-preview:-1"},"canonical":"https:\/\/www.challenge-agriculture.fr\/es\/producto\/tensiometria\/monitor-es\/solucion-monitor-r2-dx-smart\/","og_locale":"fr_FR","og_type":"article","og_title":"Producto : solucion Monitor R2&#x2d;DX smart &#x2d; Challenge agriculture","og_description":"Producto : solucion Monitor R2&#x2d;DX smart. Un producto distribuido por Challenge agriculture, hecho en Francia.","og_url":"https:\/\/www.challenge-agriculture.fr\/es\/producto\/tensiometria\/monitor-es\/solucion-monitor-r2-dx-smart\/","og_site_name":"Challenge Agriculture","article_modified_time":"2021-04-24T09:18:52+00:00","og_image":[{"width":600,"height":600,"url":"https:\/\/www.challenge-agriculture.fr\/wp-content\/uploads\/2016\/12\/R2-DXSMART.png","type":"image\/png"}],"twitter_card":"summary_large_image","twitter_misc":{"Tiempo de lectura":"1 minuto"},"schema":{"@context":"https:\/\/schema.org","@graph":[{"@type":"WebPage","@id":"https:\/\/www.challenge-agriculture.fr\/es\/producto\/tensiometria\/monitor-es\/solucion-monitor-r2-dx-smart\/","url":"https:\/\/www.challenge-agriculture.fr\/es\/producto\/tensiometria\/monitor-es\/solucion-monitor-r2-dx-smart\/","name":"Producto : solucion Monitor R2&#x2d;DX smart &#x2d; Challenge agriculture","isPartOf":{"@id":"https:\/\/www.challenge-agriculture.fr\/#website"},"primaryImageOfPage":{"@id":"https:\/\/www.challenge-agriculture.fr\/es\/producto\/tensiometria\/monitor-es\/solucion-monitor-r2-dx-smart\/#primaryimage"},"image":{"@id":"https:\/\/www.challenge-agriculture.fr\/es\/producto\/tensiometria\/monitor-es\/solucion-monitor-r2-dx-smart\/#primaryimage"},"thumbnailUrl":"https:\/\/www.challenge-agriculture.fr\/wp-content\/uploads\/2016\/12\/R2-DXSMART.png","datePublished":"2018-01-02T16:17:02+00:00","dateModified":"2021-04-24T09:18:52+00:00","description":"Producto : solucion Monitor R2&#x2d;DX smart. Un producto distribuido por Challenge agriculture, hecho en Francia.","breadcrumb":{"@id":"https:\/\/www.challenge-agriculture.fr\/es\/producto\/tensiometria\/monitor-es\/solucion-monitor-r2-dx-smart\/#breadcrumb"},"inLanguage":"es","potentialAction":[{"@type":"ReadAction","target":["https:\/\/www.challenge-agriculture.fr\/es\/producto\/tensiometria\/monitor-es\/solucion-monitor-r2-dx-smart\/"]}]},{"@type":"ImageObject","inLanguage":"es","@id":"https:\/\/www.challenge-agriculture.fr\/es\/producto\/tensiometria\/monitor-es\/solucion-monitor-r2-dx-smart\/#primaryimage","url":"https:\/\/www.challenge-agriculture.fr\/wp-content\/uploads\/2016\/12\/R2-DXSMART.png","contentUrl":"https:\/\/www.challenge-agriculture.fr\/wp-content\/uploads\/2016\/12\/R2-DXSMART.png","width":600,"height":600,"caption":"monitor r2 dx smart"},{"@type":"BreadcrumbList","@id":"https:\/\/www.challenge-agriculture.fr\/es\/producto\/tensiometria\/monitor-es\/solucion-monitor-r2-dx-smart\/#breadcrumb","itemListElement":[{"@type":"ListItem","position":1,"name":"Home","item":"https:\/\/www.challenge-agriculture.fr\/es\/"},{"@type":"ListItem","position":2,"name":"Boutique","item":"https:\/\/www.challenge-agriculture.fr\/la-boutique\/"},{"@type":"ListItem","position":3,"name":"Soluci\u00f3n Monitor R2-DX-Smart"}]},{"@type":"WebSite","@id":"https:\/\/www.challenge-agriculture.fr\/#website","url":"https:\/\/www.challenge-agriculture.fr\/","name":"Challenge Agriculture","description":"","publisher":{"@id":"https:\/\/www.challenge-agriculture.fr\/#organization"},"potentialAction":[{"@type":"SearchAction","target":{"@type":"EntryPoint","urlTemplate":"https:\/\/www.challenge-agriculture.fr\/?s={search_term_string}"},"query-input":{"@type":"PropertyValueSpecification","valueRequired":true,"valueName":"search_term_string"}}],"inLanguage":"es"},{"@type":"Organization","@id":"https:\/\/www.challenge-agriculture.fr\/#organization","name":"Challenge Agriculture","url":"https:\/\/www.challenge-agriculture.fr\/","logo":{"@type":"ImageObject","inLanguage":"es","@id":"https:\/\/www.challenge-agriculture.fr\/#\/schema\/logo\/image\/","url":"https:\/\/www.challenge-agriculture.fr\/wp-content\/uploads\/2020\/02\/logo-doc.png","contentUrl":"https:\/\/www.challenge-agriculture.fr\/wp-content\/uploads\/2020\/02\/logo-doc.png","width":1497,"height":355,"caption":"Challenge Agriculture"},"image":{"@id":"https:\/\/www.challenge-agriculture.fr\/#\/schema\/logo\/image\/"}}]}},"_links":{"self":[{"href":"https:\/\/www.challenge-agriculture.fr\/es\/wp-json\/wp\/v2\/product\/2092","targetHints":{"allow":["GET"]}}],"collection":[{"href":"https:\/\/www.challenge-agriculture.fr\/es\/wp-json\/wp\/v2\/product"}],"about":[{"href":"https:\/\/www.challenge-agriculture.fr\/es\/wp-json\/wp\/v2\/types\/product"}],"version-history":[{"count":4,"href":"https:\/\/www.challenge-agriculture.fr\/es\/wp-json\/wp\/v2\/product\/2092\/revisions"}],"predecessor-version":[{"id":26978,"href":"https:\/\/www.challenge-agriculture.fr\/es\/wp-json\/wp\/v2\/product\/2092\/revisions\/26978"}],"wp:featuredmedia":[{"embeddable":true,"href":"https:\/\/www.challenge-agriculture.fr\/es\/wp-json\/wp\/v2\/media\/1329"}],"wp:attachment":[{"href":"https:\/\/www.challenge-agriculture.fr\/es\/wp-json\/wp\/v2\/media?parent=2092"}],"wp:term":[{"taxonomy":"product_brand","embeddable":true,"href":"https:\/\/www.challenge-agriculture.fr\/es\/wp-json\/wp\/v2\/product_brand?post=2092"},{"taxonomy":"product_cat","embeddable":true,"href":"https:\/\/www.challenge-agriculture.fr\/es\/wp-json\/wp\/v2\/product_cat?post=2092"},{"taxonomy":"product_tag","embeddable":true,"href":"https:\/\/www.challenge-agriculture.fr\/es\/wp-json\/wp\/v2\/product_tag?post=2092"}],"curies":[{"name":"wp","href":"https:\/\/api.w.org\/{rel}","templated":true}]}}