{"id":23547,"date":"2020-09-15T17:11:07","date_gmt":"2020-09-15T15:11:07","guid":{"rendered":"https:\/\/www.challenge-agriculture.fr\/?post_type=product&#038;p=23547"},"modified":"2023-01-20T11:52:51","modified_gmt":"2023-01-20T10:52:51","slug":"webinaire-n2-30-diagnostiquer-le-dysfonctionnement-du-profil-restaurer-la-matrice","status":"publish","type":"product","link":"https:\/\/www.challenge-agriculture.fr\/es\/produit\/services\/webinaire-comportement-hydrique-et-performance-des-sols-cultives\/webinaire-n2-30-diagnostiquer-le-dysfonctionnement-du-profil-restaurer-la-matrice\/","title":{"rendered":"Webinaire n\u00b02 : diagnostiquez un dysfonctionnement du profil et restaurez la matrice"},"content":{"rendered":"","protected":false},"excerpt":{"rendered":"<h2>Webinaire n\u00b02 : pilotez avec 2 coups d&#8217;avance, amorcez le sous-sol, diagnostiquez un dysfonctionnement du profil, restaurez la matrice<\/h2>\n<h3>Sommaire du Webinaire :<\/h3>\n<p><span style=\"color: #008040;\"><strong>A) Qualit\u00e9 et potentiel du sol<\/strong><\/span><\/p>\n<p><strong><span style=\"color: #008000;\">B) D\u00e9tection des dysfonctionnements :<\/span><br \/>\n<\/strong><\/p>\n<p>&#8211; Probl\u00e8me permanent<\/p>\n<p>&#8211; Probl\u00e8me saisonnier<\/p>\n<p>&#8211; Souci saisonnier qui devient permanent. Graphe 4000958<\/p>\n<p>&#8211; Effet de la compaction sur le fonctionnement de la m\u00e8che<\/p>\n<p><strong><span style=\"color: #008000;\">C) Faire participer les horizons H3,H4 permet d&#8217;\u00e9conomiser des tours d&#8217;eau<\/span><\/strong><\/p>\n<p>Graphes 402 000 \/ 403 000<strong><span style=\"color: #008000;\"><br \/>\n<\/span><\/strong><\/p>\n<p><strong><span style=\"color: #008000;\">D) Interculture\u00a0<\/span><\/strong><\/p>\n<p>Graphes 1211 \/ 2614<\/p>\n<p><span style=\"color: #008000;\"><strong>E) Fabrication et entretien du sol :<br \/>\n<\/strong><\/span><\/p>\n<p>Conservation des sols. Graphe 401603<strong><br \/>\n<\/strong><\/p>\n<p>Webinaire factur\u00e9 50 \u20ac ht. <em>Comprenant r\u00e9ponse \u00e0 des questions individuelles, qui peuvent \u00eatre pos\u00e9es \u00e0 l&#8217;issue du Webinaire.<\/em><\/p>\n","protected":false},"featured_media":23676,"template":"","meta":{"_acf_changed":false,"ocean_post_layout":"","ocean_both_sidebars_style":"","ocean_both_sidebars_content_width":0,"ocean_both_sidebars_sidebars_width":0,"ocean_sidebar":"0","ocean_second_sidebar":"0","ocean_disable_margins":"enable","ocean_add_body_class":"","ocean_shortcode_before_top_bar":"","ocean_shortcode_after_top_bar":"","ocean_shortcode_before_header":"","ocean_shortcode_after_header":"","ocean_has_shortcode":"","ocean_shortcode_after_title":"","ocean_shortcode_before_footer_widgets":"","ocean_shortcode_after_footer_widgets":"","ocean_shortcode_before_footer_bottom":"","ocean_shortcode_after_footer_bottom":"","ocean_display_top_bar":"default","ocean_display_header":"default","ocean_header_style":"","ocean_center_header_left_menu":"0","ocean_custom_header_template":"0","ocean_custom_logo":0,"ocean_custom_retina_logo":0,"ocean_custom_logo_max_width":0,"ocean_custom_logo_tablet_max_width":0,"ocean_custom_logo_mobile_max_width":0,"ocean_custom_logo_max_height":0,"ocean_custom_logo_tablet_max_height":0,"ocean_custom_logo_mobile_max_height":0,"ocean_header_custom_menu":"0","ocean_menu_typo_font_family":"0","ocean_menu_typo_font_subset":"","ocean_menu_typo_font_size":0,"ocean_menu_typo_font_size_tablet":0,"ocean_menu_typo_font_size_mobile":0,"ocean_menu_typo_font_size_unit":"px","ocean_menu_typo_font_weight":"","ocean_menu_typo_font_weight_tablet":"","ocean_menu_typo_font_weight_mobile":"","ocean_menu_typo_transform":"","ocean_menu_typo_transform_tablet":"","ocean_menu_typo_transform_mobile":"","ocean_menu_typo_line_height":0,"ocean_menu_typo_line_height_tablet":0,"ocean_menu_typo_line_height_mobile":0,"ocean_menu_typo_line_height_unit":"","ocean_menu_typo_spacing":0,"ocean_menu_typo_spacing_tablet":0,"ocean_menu_typo_spacing_mobile":0,"ocean_menu_typo_spacing_unit":"","ocean_menu_link_color":"","ocean_menu_link_color_hover":"","ocean_menu_link_color_active":"","ocean_menu_link_background":"","ocean_menu_link_hover_background":"","ocean_menu_link_active_background":"","ocean_menu_social_links_bg":"","ocean_menu_social_hover_links_bg":"","ocean_menu_social_links_color":"","ocean_menu_social_hover_links_color":"","ocean_disable_title":"default","ocean_disable_heading":"default","ocean_post_title":"","ocean_post_subheading":"","ocean_post_title_style":"","ocean_post_title_background_color":"","ocean_post_title_background":0,"ocean_post_title_bg_image_position":"","ocean_post_title_bg_image_attachment":"","ocean_post_title_bg_image_repeat":"","ocean_post_title_bg_image_size":"","ocean_post_title_height":0,"ocean_post_title_bg_overlay":0.5,"ocean_post_title_bg_overlay_color":"","ocean_disable_breadcrumbs":"default","ocean_breadcrumbs_color":"","ocean_breadcrumbs_separator_color":"","ocean_breadcrumbs_links_color":"","ocean_breadcrumbs_links_hover_color":"","ocean_display_footer_widgets":"default","ocean_display_footer_bottom":"default","ocean_custom_footer_template":"0"},"product_brand":[],"product_cat":[1239],"product_tag":[],"class_list":{"0":"post-23547","1":"product","2":"type-product","3":"status-publish","4":"has-post-thumbnail","6":"product_cat-webinaire-comportement-hydrique-et-performance-des-sols-cultives","7":"product_shipping_class-gratuit","9":"entry","10":"has-media","12":"first","13":"instock","14":"virtual","15":"taxable","16":"purchasable","17":"product-type-simple","18":"has-product-nav","19":"col","20":"span_1_of_4","21":"owp-content-left","22":"item-entry","23":"owp-thumbs-layout-horizontal","24":"owp-btn-big","25":"owp-tabs-layout-horizontal","26":"has-no-thumbnails"},"acf":[],"yoast_head":"<!-- This site is optimized with the Yoast SEO plugin v25.2 - https:\/\/yoast.com\/wordpress\/plugins\/seo\/ -->\n<title>Webinaire n\u00b02 : bien piloter son irrigation &#x2d; Challenge agriculture<\/title>\n<meta name=\"description\" content=\"La tensiom\u00e9trie permet de suivre les performances des sols. Gr\u00e2ce \u00e0 ce webinaire Challenge agriculture, diagnostiquez le dysfonctionnement de la matrice.\" \/>\n<meta name=\"robots\" content=\"index, follow, max-snippet:-1, max-image-preview:large, max-video-preview:-1\" \/>\n<link rel=\"canonical\" href=\"https:\/\/www.challenge-agriculture.fr\/es\/produit\/services\/webinaire-comportement-hydrique-et-performance-des-sols-cultives\/webinaire-n2-30-diagnostiquer-le-dysfonctionnement-du-profil-restaurer-la-matrice\/\" \/>\n<meta property=\"og:locale\" content=\"fr_FR\" \/>\n<meta property=\"og:type\" content=\"article\" \/>\n<meta property=\"og:title\" content=\"Webinaire n\u00b02 : bien piloter son irrigation &#x2d; Challenge agriculture\" \/>\n<meta property=\"og:description\" content=\"La tensiom\u00e9trie permet de suivre les performances des sols. Gr\u00e2ce \u00e0 ce webinaire Challenge agriculture, diagnostiquez le dysfonctionnement de la matrice.\" \/>\n<meta property=\"og:url\" content=\"https:\/\/www.challenge-agriculture.fr\/es\/produit\/services\/webinaire-comportement-hydrique-et-performance-des-sols-cultives\/webinaire-n2-30-diagnostiquer-le-dysfonctionnement-du-profil-restaurer-la-matrice\/\" \/>\n<meta property=\"og:site_name\" content=\"Challenge Agriculture\" \/>\n<meta property=\"article:modified_time\" content=\"2023-01-20T10:52:51+00:00\" \/>\n<meta property=\"og:image\" content=\"https:\/\/www.challenge-agriculture.fr\/wp-content\/uploads\/2020\/10\/webinaire-2-1.png\" \/>\n\t<meta property=\"og:image:width\" content=\"533\" \/>\n\t<meta property=\"og:image:height\" content=\"400\" \/>\n\t<meta property=\"og:image:type\" content=\"image\/png\" \/>\n<meta name=\"twitter:card\" content=\"summary_large_image\" \/>\n<script type=\"application\/ld+json\" class=\"yoast-schema-graph\">{\"@context\":\"https:\/\/schema.org\",\"@graph\":[{\"@type\":\"WebPage\",\"@id\":\"https:\/\/www.challenge-agriculture.fr\/es\/produit\/services\/webinaire-comportement-hydrique-et-performance-des-sols-cultives\/webinaire-n2-30-diagnostiquer-le-dysfonctionnement-du-profil-restaurer-la-matrice\/\",\"url\":\"https:\/\/www.challenge-agriculture.fr\/es\/produit\/services\/webinaire-comportement-hydrique-et-performance-des-sols-cultives\/webinaire-n2-30-diagnostiquer-le-dysfonctionnement-du-profil-restaurer-la-matrice\/\",\"name\":\"Webinaire n\u00b02 : bien piloter son irrigation &#x2d; Challenge agriculture\",\"isPartOf\":{\"@id\":\"https:\/\/www.challenge-agriculture.fr\/#website\"},\"primaryImageOfPage\":{\"@id\":\"https:\/\/www.challenge-agriculture.fr\/es\/produit\/services\/webinaire-comportement-hydrique-et-performance-des-sols-cultives\/webinaire-n2-30-diagnostiquer-le-dysfonctionnement-du-profil-restaurer-la-matrice\/#primaryimage\"},\"image\":{\"@id\":\"https:\/\/www.challenge-agriculture.fr\/es\/produit\/services\/webinaire-comportement-hydrique-et-performance-des-sols-cultives\/webinaire-n2-30-diagnostiquer-le-dysfonctionnement-du-profil-restaurer-la-matrice\/#primaryimage\"},\"thumbnailUrl\":\"https:\/\/www.challenge-agriculture.fr\/wp-content\/uploads\/2020\/10\/webinaire-2-1.png\",\"datePublished\":\"2020-09-15T15:11:07+00:00\",\"dateModified\":\"2023-01-20T10:52:51+00:00\",\"description\":\"La tensiom\u00e9trie permet de suivre les performances des sols. Gr\u00e2ce \u00e0 ce webinaire Challenge agriculture, diagnostiquez le dysfonctionnement de la matrice.\",\"breadcrumb\":{\"@id\":\"https:\/\/www.challenge-agriculture.fr\/es\/produit\/services\/webinaire-comportement-hydrique-et-performance-des-sols-cultives\/webinaire-n2-30-diagnostiquer-le-dysfonctionnement-du-profil-restaurer-la-matrice\/#breadcrumb\"},\"inLanguage\":\"es\",\"potentialAction\":[{\"@type\":\"ReadAction\",\"target\":[\"https:\/\/www.challenge-agriculture.fr\/es\/produit\/services\/webinaire-comportement-hydrique-et-performance-des-sols-cultives\/webinaire-n2-30-diagnostiquer-le-dysfonctionnement-du-profil-restaurer-la-matrice\/\"]}]},{\"@type\":\"ImageObject\",\"inLanguage\":\"es\",\"@id\":\"https:\/\/www.challenge-agriculture.fr\/es\/produit\/services\/webinaire-comportement-hydrique-et-performance-des-sols-cultives\/webinaire-n2-30-diagnostiquer-le-dysfonctionnement-du-profil-restaurer-la-matrice\/#primaryimage\",\"url\":\"https:\/\/www.challenge-agriculture.fr\/wp-content\/uploads\/2020\/10\/webinaire-2-1.png\",\"contentUrl\":\"https:\/\/www.challenge-agriculture.fr\/wp-content\/uploads\/2020\/10\/webinaire-2-1.png\",\"width\":533,\"height\":400,\"caption\":\"webinaire numero 2 challenge agriculture\"},{\"@type\":\"BreadcrumbList\",\"@id\":\"https:\/\/www.challenge-agriculture.fr\/es\/produit\/services\/webinaire-comportement-hydrique-et-performance-des-sols-cultives\/webinaire-n2-30-diagnostiquer-le-dysfonctionnement-du-profil-restaurer-la-matrice\/#breadcrumb\",\"itemListElement\":[{\"@type\":\"ListItem\",\"position\":1,\"name\":\"Home\",\"item\":\"https:\/\/www.challenge-agriculture.fr\/es\/\"},{\"@type\":\"ListItem\",\"position\":2,\"name\":\"Boutique\",\"item\":\"https:\/\/www.challenge-agriculture.fr\/la-boutique\/\"},{\"@type\":\"ListItem\",\"position\":3,\"name\":\"Webinaire n\u00b02 : diagnostiquez un dysfonctionnement du profil et restaurez la matrice\"}]},{\"@type\":\"WebSite\",\"@id\":\"https:\/\/www.challenge-agriculture.fr\/#website\",\"url\":\"https:\/\/www.challenge-agriculture.fr\/\",\"name\":\"Challenge Agriculture\",\"description\":\"\",\"publisher\":{\"@id\":\"https:\/\/www.challenge-agriculture.fr\/#organization\"},\"potentialAction\":[{\"@type\":\"SearchAction\",\"target\":{\"@type\":\"EntryPoint\",\"urlTemplate\":\"https:\/\/www.challenge-agriculture.fr\/?s={search_term_string}\"},\"query-input\":{\"@type\":\"PropertyValueSpecification\",\"valueRequired\":true,\"valueName\":\"search_term_string\"}}],\"inLanguage\":\"es\"},{\"@type\":\"Organization\",\"@id\":\"https:\/\/www.challenge-agriculture.fr\/#organization\",\"name\":\"Challenge Agriculture\",\"url\":\"https:\/\/www.challenge-agriculture.fr\/\",\"logo\":{\"@type\":\"ImageObject\",\"inLanguage\":\"es\",\"@id\":\"https:\/\/www.challenge-agriculture.fr\/#\/schema\/logo\/image\/\",\"url\":\"https:\/\/www.challenge-agriculture.fr\/wp-content\/uploads\/2020\/02\/logo-doc.png\",\"contentUrl\":\"https:\/\/www.challenge-agriculture.fr\/wp-content\/uploads\/2020\/02\/logo-doc.png\",\"width\":1497,\"height\":355,\"caption\":\"Challenge Agriculture\"},\"image\":{\"@id\":\"https:\/\/www.challenge-agriculture.fr\/#\/schema\/logo\/image\/\"}}]}<\/script>\n<!-- \/ Yoast SEO plugin. -->","yoast_head_json":{"title":"Webinaire n\u00b02 : bien piloter son irrigation &#x2d; Challenge agriculture","description":"La tensiom\u00e9trie permet de suivre les performances des sols. Gr\u00e2ce \u00e0 ce webinaire Challenge agriculture, diagnostiquez le dysfonctionnement de la matrice.","robots":{"index":"index","follow":"follow","max-snippet":"max-snippet:-1","max-image-preview":"max-image-preview:large","max-video-preview":"max-video-preview:-1"},"canonical":"https:\/\/www.challenge-agriculture.fr\/es\/produit\/services\/webinaire-comportement-hydrique-et-performance-des-sols-cultives\/webinaire-n2-30-diagnostiquer-le-dysfonctionnement-du-profil-restaurer-la-matrice\/","og_locale":"fr_FR","og_type":"article","og_title":"Webinaire n\u00b02 : bien piloter son irrigation &#x2d; Challenge agriculture","og_description":"La tensiom\u00e9trie permet de suivre les performances des sols. Gr\u00e2ce \u00e0 ce webinaire Challenge agriculture, diagnostiquez le dysfonctionnement de la matrice.","og_url":"https:\/\/www.challenge-agriculture.fr\/es\/produit\/services\/webinaire-comportement-hydrique-et-performance-des-sols-cultives\/webinaire-n2-30-diagnostiquer-le-dysfonctionnement-du-profil-restaurer-la-matrice\/","og_site_name":"Challenge Agriculture","article_modified_time":"2023-01-20T10:52:51+00:00","og_image":[{"width":533,"height":400,"url":"https:\/\/www.challenge-agriculture.fr\/wp-content\/uploads\/2020\/10\/webinaire-2-1.png","type":"image\/png"}],"twitter_card":"summary_large_image","schema":{"@context":"https:\/\/schema.org","@graph":[{"@type":"WebPage","@id":"https:\/\/www.challenge-agriculture.fr\/es\/produit\/services\/webinaire-comportement-hydrique-et-performance-des-sols-cultives\/webinaire-n2-30-diagnostiquer-le-dysfonctionnement-du-profil-restaurer-la-matrice\/","url":"https:\/\/www.challenge-agriculture.fr\/es\/produit\/services\/webinaire-comportement-hydrique-et-performance-des-sols-cultives\/webinaire-n2-30-diagnostiquer-le-dysfonctionnement-du-profil-restaurer-la-matrice\/","name":"Webinaire n\u00b02 : bien piloter son irrigation &#x2d; Challenge agriculture","isPartOf":{"@id":"https:\/\/www.challenge-agriculture.fr\/#website"},"primaryImageOfPage":{"@id":"https:\/\/www.challenge-agriculture.fr\/es\/produit\/services\/webinaire-comportement-hydrique-et-performance-des-sols-cultives\/webinaire-n2-30-diagnostiquer-le-dysfonctionnement-du-profil-restaurer-la-matrice\/#primaryimage"},"image":{"@id":"https:\/\/www.challenge-agriculture.fr\/es\/produit\/services\/webinaire-comportement-hydrique-et-performance-des-sols-cultives\/webinaire-n2-30-diagnostiquer-le-dysfonctionnement-du-profil-restaurer-la-matrice\/#primaryimage"},"thumbnailUrl":"https:\/\/www.challenge-agriculture.fr\/wp-content\/uploads\/2020\/10\/webinaire-2-1.png","datePublished":"2020-09-15T15:11:07+00:00","dateModified":"2023-01-20T10:52:51+00:00","description":"La tensiom\u00e9trie permet de suivre les performances des sols. Gr\u00e2ce \u00e0 ce webinaire Challenge agriculture, diagnostiquez le dysfonctionnement de la matrice.","breadcrumb":{"@id":"https:\/\/www.challenge-agriculture.fr\/es\/produit\/services\/webinaire-comportement-hydrique-et-performance-des-sols-cultives\/webinaire-n2-30-diagnostiquer-le-dysfonctionnement-du-profil-restaurer-la-matrice\/#breadcrumb"},"inLanguage":"es","potentialAction":[{"@type":"ReadAction","target":["https:\/\/www.challenge-agriculture.fr\/es\/produit\/services\/webinaire-comportement-hydrique-et-performance-des-sols-cultives\/webinaire-n2-30-diagnostiquer-le-dysfonctionnement-du-profil-restaurer-la-matrice\/"]}]},{"@type":"ImageObject","inLanguage":"es","@id":"https:\/\/www.challenge-agriculture.fr\/es\/produit\/services\/webinaire-comportement-hydrique-et-performance-des-sols-cultives\/webinaire-n2-30-diagnostiquer-le-dysfonctionnement-du-profil-restaurer-la-matrice\/#primaryimage","url":"https:\/\/www.challenge-agriculture.fr\/wp-content\/uploads\/2020\/10\/webinaire-2-1.png","contentUrl":"https:\/\/www.challenge-agriculture.fr\/wp-content\/uploads\/2020\/10\/webinaire-2-1.png","width":533,"height":400,"caption":"webinaire numero 2 challenge agriculture"},{"@type":"BreadcrumbList","@id":"https:\/\/www.challenge-agriculture.fr\/es\/produit\/services\/webinaire-comportement-hydrique-et-performance-des-sols-cultives\/webinaire-n2-30-diagnostiquer-le-dysfonctionnement-du-profil-restaurer-la-matrice\/#breadcrumb","itemListElement":[{"@type":"ListItem","position":1,"name":"Home","item":"https:\/\/www.challenge-agriculture.fr\/es\/"},{"@type":"ListItem","position":2,"name":"Boutique","item":"https:\/\/www.challenge-agriculture.fr\/la-boutique\/"},{"@type":"ListItem","position":3,"name":"Webinaire n\u00b02 : diagnostiquez un dysfonctionnement du profil et restaurez la matrice"}]},{"@type":"WebSite","@id":"https:\/\/www.challenge-agriculture.fr\/#website","url":"https:\/\/www.challenge-agriculture.fr\/","name":"Challenge Agriculture","description":"","publisher":{"@id":"https:\/\/www.challenge-agriculture.fr\/#organization"},"potentialAction":[{"@type":"SearchAction","target":{"@type":"EntryPoint","urlTemplate":"https:\/\/www.challenge-agriculture.fr\/?s={search_term_string}"},"query-input":{"@type":"PropertyValueSpecification","valueRequired":true,"valueName":"search_term_string"}}],"inLanguage":"es"},{"@type":"Organization","@id":"https:\/\/www.challenge-agriculture.fr\/#organization","name":"Challenge Agriculture","url":"https:\/\/www.challenge-agriculture.fr\/","logo":{"@type":"ImageObject","inLanguage":"es","@id":"https:\/\/www.challenge-agriculture.fr\/#\/schema\/logo\/image\/","url":"https:\/\/www.challenge-agriculture.fr\/wp-content\/uploads\/2020\/02\/logo-doc.png","contentUrl":"https:\/\/www.challenge-agriculture.fr\/wp-content\/uploads\/2020\/02\/logo-doc.png","width":1497,"height":355,"caption":"Challenge Agriculture"},"image":{"@id":"https:\/\/www.challenge-agriculture.fr\/#\/schema\/logo\/image\/"}}]}},"_links":{"self":[{"href":"https:\/\/www.challenge-agriculture.fr\/es\/wp-json\/wp\/v2\/product\/23547","targetHints":{"allow":["GET"]}}],"collection":[{"href":"https:\/\/www.challenge-agriculture.fr\/es\/wp-json\/wp\/v2\/product"}],"about":[{"href":"https:\/\/www.challenge-agriculture.fr\/es\/wp-json\/wp\/v2\/types\/product"}],"version-history":[{"count":6,"href":"https:\/\/www.challenge-agriculture.fr\/es\/wp-json\/wp\/v2\/product\/23547\/revisions"}],"predecessor-version":[{"id":28859,"href":"https:\/\/www.challenge-agriculture.fr\/es\/wp-json\/wp\/v2\/product\/23547\/revisions\/28859"}],"wp:featuredmedia":[{"embeddable":true,"href":"https:\/\/www.challenge-agriculture.fr\/es\/wp-json\/wp\/v2\/media\/23676"}],"wp:attachment":[{"href":"https:\/\/www.challenge-agriculture.fr\/es\/wp-json\/wp\/v2\/media?parent=23547"}],"wp:term":[{"taxonomy":"product_brand","embeddable":true,"href":"https:\/\/www.challenge-agriculture.fr\/es\/wp-json\/wp\/v2\/product_brand?post=23547"},{"taxonomy":"product_cat","embeddable":true,"href":"https:\/\/www.challenge-agriculture.fr\/es\/wp-json\/wp\/v2\/product_cat?post=23547"},{"taxonomy":"product_tag","embeddable":true,"href":"https:\/\/www.challenge-agriculture.fr\/es\/wp-json\/wp\/v2\/product_tag?post=23547"}],"curies":[{"name":"wp","href":"https:\/\/api.w.org\/{rel}","templated":true}]}}