{"id":5549,"date":"2019-01-04T11:10:36","date_gmt":"2019-01-04T10:10:36","guid":{"rendered":"http:\/\/www.challenge-agriculture.fr\/?post_type=product&#038;p=5549"},"modified":"2025-09-24T16:47:34","modified_gmt":"2025-09-24T14:47:34","slug":"rsu-v-sortie-en-tension","status":"publish","type":"product","link":"https:\/\/www.challenge-agriculture.fr\/es\/produit\/non-classe\/rsu-v-sortie-en-tension\/","title":{"rendered":"Vacuom\u00e8tre RSU-V sortie en tension"},"content":{"rendered":"<h2>Vacuom\u00e8tre \u00e9lectronique, mont\u00e9 OU NON sur tensiom\u00e8tre Irrometer, \u00e0 la place du vacuom\u00e8tre m\u00e9canique<\/h2>\n<p>Alimentation : 5 Volts.<br \/>\nSortie : 0.5 &#8211; 4.5 Volts.<br \/>\nPlage : 4 Volts.<br \/>\n\u00c9chelle tensiom\u00e9trique : 0 &#8211; 94 kPa.<br \/>\nCalibration : 0.0426 V\/cb<\/p>\n<p data-start=\"708\" data-end=\"1133\">Le <strong data-start=\"711\" data-end=\"720\">RSU-V<\/strong> est un capteur de tension \u00e0 sortie \u00e9lectrique (voltage) destin\u00e9 \u00e0 convertir la pression tensiom\u00e9trique ou hydraulique en signal utilisable par des moniteurs, enregistreurs ou automate. Avec son raccord \u00bc\u2033 standard, il s\u2019int\u00e8gre facilement sur les tubes ou panneaux correspondants, et sa gamme de mesure jusqu\u2019\u00e0 94 kPa le rend adapt\u00e9 \u00e0 des applications de mesure fine de la tension ou de la succion dans le sol.<\/p>\n<p data-start=\"1135\" data-end=\"1382\">Robuste, ce capteur supporte une utilisation prolong\u00e9e dans des conditions terrain, et permet de disposer d\u2019une mesure fiable, directement exploitable pour piloter vos cycles d\u2019irrigation, pr\u00e9venir le stress hydrique et optimiser l\u2019usage de l\u2019eau.<\/p>\n<hr data-start=\"1384\" data-end=\"1387\" \/>\n<h3 data-start=\"1389\" data-end=\"1422\">Caract\u00e9ristiques techniques<\/h3>\n<div class=\"_tableContainer_1rjym_1\">\n<div class=\"group _tableWrapper_1rjym_13 flex w-fit flex-col-reverse\" tabindex=\"-1\">\n<table class=\"w-fit min-w-(--thread-content-width)\" data-start=\"1424\" data-end=\"2052\">\n<thead data-start=\"1424\" data-end=\"1499\">\n<tr data-start=\"1424\" data-end=\"1499\">\n<th data-start=\"1424\" data-end=\"1454\" data-col-size=\"sm\"><strong data-start=\"1426\" data-end=\"1445\">Caract\u00e9ristique<\/strong><\/th>\n<th data-start=\"1454\" data-end=\"1499\" data-col-size=\"md\"><strong data-start=\"1456\" data-end=\"1466\">D\u00e9tail<\/strong><\/th>\n<\/tr>\n<\/thead>\n<tbody data-start=\"1576\" data-end=\"2052\">\n<tr data-start=\"1576\" data-end=\"1651\">\n<td data-start=\"1576\" data-end=\"1606\" data-col-size=\"sm\">Plage de mesure<\/td>\n<td data-start=\"1606\" data-end=\"1651\" data-col-size=\"md\">0 \u2192 94 kPa<\/td>\n<\/tr>\n<tr data-start=\"1652\" data-end=\"1727\">\n<td data-start=\"1652\" data-end=\"1682\" data-col-size=\"sm\">Format \/ raccord<\/td>\n<td data-col-size=\"md\" data-start=\"1682\" data-end=\"1727\">1\/4\u2033<\/td>\n<\/tr>\n<tr data-start=\"1728\" data-end=\"1802\">\n<td data-start=\"1728\" data-end=\"1758\" data-col-size=\"sm\">Type de sortie<\/td>\n<td data-start=\"1758\" data-end=\"1802\" data-col-size=\"md\">Voltage (tension \u00e9lectrique)<\/td>\n<\/tr>\n<tr data-start=\"1803\" data-end=\"1876\">\n<td data-start=\"1803\" data-end=\"1832\" data-col-size=\"sm\">Usage<\/td>\n<td data-start=\"1832\" data-end=\"1876\" data-col-size=\"md\">Mesure de tension \/ succion dans le sol<\/td>\n<\/tr>\n<tr data-start=\"1877\" data-end=\"1960\">\n<td data-start=\"1877\" data-end=\"1908\" data-col-size=\"sm\">Environnement d\u2019installation<\/td>\n<td data-start=\"1908\" data-end=\"1960\" data-col-size=\"md\">Terrain agricole \/ monitor \/ tube tensiom\u00e9trique<\/td>\n<\/tr>\n<tr data-start=\"1961\" data-end=\"2052\">\n<td data-start=\"1961\" data-end=\"1990\" data-col-size=\"sm\">Robustesse<\/td>\n<td data-start=\"1990\" data-end=\"2052\" data-col-size=\"md\">Con\u00e7u pour usage en ext\u00e9rieur (argile, sable, serre, etc.)<\/td>\n<\/tr>\n<\/tbody>\n<\/table>\n<\/div>\n<\/div>\n<hr data-start=\"2054\" data-end=\"2057\" \/>\n<h3 data-start=\"2059\" data-end=\"2090\">Applications recommand\u00e9es<\/h3>\n<ul data-start=\"2091\" data-end=\"2448\">\n<li data-start=\"2091\" data-end=\"2229\">\n<p data-start=\"2093\" data-end=\"2229\">Utilisation avec tensiom\u00e8tres pour mesurer la tension de l\u2019eau dans le sol dans des conditions o\u00f9 le signal analogique est n\u00e9cessaire.<\/p>\n<\/li>\n<li data-start=\"2230\" data-end=\"2328\">\n<p data-start=\"2232\" data-end=\"2328\">Int\u00e9gration avec un monitor ou automate disposant d\u2019entr\u00e9e voltage pour pilotage d\u2019irrigation.<\/p>\n<\/li>\n<li data-start=\"2329\" data-end=\"2448\">\n<p data-start=\"2331\" data-end=\"2448\">Exploitation en grandes cultures, arboriculture, viticulture ou serres o\u00f9 la pr\u00e9cision de la mesure est importante.<\/p>\n<\/li>\n<\/ul>\n<hr data-start=\"2450\" data-end=\"2453\" \/>\n<h3 data-start=\"2455\" data-end=\"2489\">Avantages utilisateur<\/h3>\n<ul data-start=\"2491\" data-end=\"2951\">\n<li data-start=\"2491\" data-end=\"2594\">\n<p data-start=\"2493\" data-end=\"2594\">Pr\u00e9cision pour des tensions jusqu\u2019\u00e0 94 kPa, suffisant pour de nombreuses applications agronomiques.<\/p>\n<\/li>\n<li data-start=\"2595\" data-end=\"2674\">\n<p data-start=\"2597\" data-end=\"2674\">Format standard (\u00bc\u2033) qui facilite l\u2019installation sur \u00e9quipement compatible.<\/p>\n<\/li>\n<li data-start=\"2675\" data-end=\"2759\">\n<p data-start=\"2677\" data-end=\"2759\">Signal voltage simple \u00e0 exploiter, sans complexit\u00e9 de conversion suppl\u00e9mentaire.<\/p>\n<\/li>\n<li data-start=\"2760\" data-end=\"2851\">\n<p data-start=\"2762\" data-end=\"2851\">Permet d\u2019\u00e9viter les sur irrigations ou manques d\u2019arrosage gr\u00e2ce \u00e0 des donn\u00e9es fiables.<\/p>\n<\/li>\n<li data-start=\"2852\" data-end=\"2951\">\n<p data-start=\"2854\" data-end=\"2951\">Robuste et con\u00e7u pour des conditions agricoles vari\u00e9es (terrain, fluctuations climatiques, etc.).<\/p>\n<\/li>\n<\/ul>\n<hr data-start=\"2953\" data-end=\"2956\" \/>\n<h3 data-start=\"2958\" data-end=\"2991\">Compatibilit\u00e9 &amp; accessoires<\/h3>\n<ul data-start=\"2993\" data-end=\"3298\">\n<li data-start=\"2993\" data-end=\"3126\">\n<p data-start=\"2995\" data-end=\"3126\">Compatible avec des appareils acceptant une sortie voltage (moniteurs Irrometer ou autres marques selon sp\u00e9cifications d\u2019entr\u00e9e).<\/p>\n<\/li>\n<li data-start=\"3127\" data-end=\"3250\">\n<p data-start=\"3129\" data-end=\"3250\">N\u00e9cessite souvent un c\u00e2ble ad\u00e9quat pour le voltage, et protection contre l\u2019humidit\u00e9 si expos\u00e9 directement aux \u00e9l\u00e9ments.<\/p>\n<\/li>\n<li data-start=\"3251\" data-end=\"3298\">\n<p data-start=\"3253\" data-end=\"3298\">Installation sur support ou via raccord \u00bc\u2033.<\/p>\n<\/li>\n<\/ul>\n","protected":false},"excerpt":{"rendered":"<p style=\"text-align: center;\">Le RSU-V d\u2019Irrometer est un transducteur de tension (voltage) en format 1\/4\u2033, con\u00e7u pour mesurer avec pr\u00e9cision des tensions jusqu\u2019\u00e0 <strong data-start=\"548\" data-end=\"558\">94 kPa<\/strong>, id\u00e9al pour un usage agricole exigeant n\u00e9cessitant des signaux \u00e9lectriques compatibles avec vos syst\u00e8mes de pilotage.<\/p>\n","protected":false},"featured_media":0,"template":"","meta":{"_acf_changed":false,"ocean_post_layout":"","ocean_both_sidebars_style":"","ocean_both_sidebars_content_width":0,"ocean_both_sidebars_sidebars_width":0,"ocean_sidebar":"0","ocean_second_sidebar":"0","ocean_disable_margins":"enable","ocean_add_body_class":"","ocean_shortcode_before_top_bar":"","ocean_shortcode_after_top_bar":"","ocean_shortcode_before_header":"","ocean_shortcode_after_header":"","ocean_has_shortcode":"","ocean_shortcode_after_title":"","ocean_shortcode_before_footer_widgets":"","ocean_shortcode_after_footer_widgets":"","ocean_shortcode_before_footer_bottom":"","ocean_shortcode_after_footer_bottom":"","ocean_display_top_bar":"default","ocean_display_header":"default","ocean_header_style":"","ocean_center_header_left_menu":"0","ocean_custom_header_template":"0","ocean_custom_logo":0,"ocean_custom_retina_logo":0,"ocean_custom_logo_max_width":0,"ocean_custom_logo_tablet_max_width":0,"ocean_custom_logo_mobile_max_width":0,"ocean_custom_logo_max_height":0,"ocean_custom_logo_tablet_max_height":0,"ocean_custom_logo_mobile_max_height":0,"ocean_header_custom_menu":"0","ocean_menu_typo_font_family":"0","ocean_menu_typo_font_subset":"","ocean_menu_typo_font_size":0,"ocean_menu_typo_font_size_tablet":0,"ocean_menu_typo_font_size_mobile":0,"ocean_menu_typo_font_size_unit":"px","ocean_menu_typo_font_weight":"","ocean_menu_typo_font_weight_tablet":"","ocean_menu_typo_font_weight_mobile":"","ocean_menu_typo_transform":"","ocean_menu_typo_transform_tablet":"","ocean_menu_typo_transform_mobile":"","ocean_menu_typo_line_height":0,"ocean_menu_typo_line_height_tablet":0,"ocean_menu_typo_line_height_mobile":0,"ocean_menu_typo_line_height_unit":"","ocean_menu_typo_spacing":0,"ocean_menu_typo_spacing_tablet":0,"ocean_menu_typo_spacing_mobile":0,"ocean_menu_typo_spacing_unit":"","ocean_menu_link_color":"","ocean_menu_link_color_hover":"","ocean_menu_link_color_active":"","ocean_menu_link_background":"","ocean_menu_link_hover_background":"","ocean_menu_link_active_background":"","ocean_menu_social_links_bg":"","ocean_menu_social_hover_links_bg":"","ocean_menu_social_links_color":"","ocean_menu_social_hover_links_color":"","ocean_disable_title":"default","ocean_disable_heading":"default","ocean_post_title":"","ocean_post_subheading":"","ocean_post_title_style":"","ocean_post_title_background_color":"","ocean_post_title_background":0,"ocean_post_title_bg_image_position":"","ocean_post_title_bg_image_attachment":"","ocean_post_title_bg_image_repeat":"","ocean_post_title_bg_image_size":"","ocean_post_title_height":0,"ocean_post_title_bg_overlay":0.5,"ocean_post_title_bg_overlay_color":"","ocean_disable_breadcrumbs":"default","ocean_breadcrumbs_color":"","ocean_breadcrumbs_separator_color":"","ocean_breadcrumbs_links_color":"","ocean_breadcrumbs_links_hover_color":"","ocean_display_footer_widgets":"default","ocean_display_footer_bottom":"default","ocean_custom_footer_template":"0"},"product_brand":[],"product_cat":[1034],"product_tag":[],"class_list":{"0":"post-5549","1":"product","2":"type-product","3":"status-publish","5":"product_cat-non-classe","7":"entry","9":"first","10":"instock","11":"taxable","12":"shipping-taxable","13":"purchasable","14":"product-type-variable","15":"has-product-nav","16":"col","17":"span_1_of_4","18":"owp-content-left","19":"item-entry","20":"owp-thumbs-layout-horizontal","21":"owp-btn-big","22":"owp-tabs-layout-horizontal","23":"has-no-thumbnails"},"acf":[],"yoast_head":"<!-- This site is optimized with the Yoast SEO plugin v25.2 - https:\/\/yoast.com\/wordpress\/plugins\/seo\/ -->\n<title>Description du RSU-V sortie en tension - Challenge agriculture<\/title>\n<meta name=\"description\" content=\"Toutes les caract\u00e9ristiques techniques du vacuom\u00e8tre Irrometer RSU-V sortie en tension, produit distribu\u00e9 par Challenge agriculture.\" \/>\n<meta name=\"robots\" content=\"index, follow, max-snippet:-1, max-image-preview:large, max-video-preview:-1\" \/>\n<link rel=\"canonical\" href=\"https:\/\/www.challenge-agriculture.fr\/produit\/non-classe\/rsu-v-sortie-en-tension\/\" \/>\n<meta property=\"og:locale\" content=\"fr_FR\" \/>\n<meta property=\"og:type\" content=\"article\" \/>\n<meta property=\"og:title\" content=\"Description du RSU-V sortie en tension - Challenge agriculture\" \/>\n<meta property=\"og:description\" content=\"Toutes les caract\u00e9ristiques techniques du vacuom\u00e8tre Irrometer RSU-V sortie en tension, produit distribu\u00e9 par Challenge agriculture.\" \/>\n<meta property=\"og:url\" content=\"https:\/\/www.challenge-agriculture.fr\/produit\/non-classe\/rsu-v-sortie-en-tension\/\" \/>\n<meta property=\"og:site_name\" content=\"Challenge Agriculture\" \/>\n<meta property=\"article:modified_time\" content=\"2025-09-24T14:47:34+00:00\" \/>\n<meta property=\"og:image\" content=\"https:\/\/www.challenge-agriculture.fr\/wp-content\/uploads\/2021\/04\/favicon.png\" \/>\n\t<meta property=\"og:image:width\" content=\"512\" \/>\n\t<meta property=\"og:image:height\" content=\"512\" \/>\n\t<meta property=\"og:image:type\" content=\"image\/png\" \/>\n<meta name=\"twitter:card\" content=\"summary_large_image\" \/>\n<meta name=\"twitter:label1\" content=\"Tiempo de lectura\" \/>\n\t<meta name=\"twitter:data1\" content=\"2 minutos\" \/>\n<script type=\"application\/ld+json\" class=\"yoast-schema-graph\">{\"@context\":\"https:\/\/schema.org\",\"@graph\":[{\"@type\":\"WebPage\",\"@id\":\"https:\/\/www.challenge-agriculture.fr\/produit\/non-classe\/rsu-v-sortie-en-tension\/\",\"url\":\"https:\/\/www.challenge-agriculture.fr\/produit\/non-classe\/rsu-v-sortie-en-tension\/\",\"name\":\"Description du RSU-V sortie en tension - Challenge agriculture\",\"isPartOf\":{\"@id\":\"https:\/\/www.challenge-agriculture.fr\/#website\"},\"datePublished\":\"2019-01-04T10:10:36+00:00\",\"dateModified\":\"2025-09-24T14:47:34+00:00\",\"description\":\"Toutes les caract\u00e9ristiques techniques du vacuom\u00e8tre Irrometer RSU-V sortie en tension, produit distribu\u00e9 par Challenge agriculture.\",\"breadcrumb\":{\"@id\":\"https:\/\/www.challenge-agriculture.fr\/produit\/non-classe\/rsu-v-sortie-en-tension\/#breadcrumb\"},\"inLanguage\":\"es\",\"potentialAction\":[{\"@type\":\"ReadAction\",\"target\":[\"https:\/\/www.challenge-agriculture.fr\/produit\/non-classe\/rsu-v-sortie-en-tension\/\"]}]},{\"@type\":\"BreadcrumbList\",\"@id\":\"https:\/\/www.challenge-agriculture.fr\/produit\/non-classe\/rsu-v-sortie-en-tension\/#breadcrumb\",\"itemListElement\":[{\"@type\":\"ListItem\",\"position\":1,\"name\":\"Home\",\"item\":\"https:\/\/www.challenge-agriculture.fr\/es\/\"},{\"@type\":\"ListItem\",\"position\":2,\"name\":\"Boutique\",\"item\":\"https:\/\/www.challenge-agriculture.fr\/la-boutique\/\"},{\"@type\":\"ListItem\",\"position\":3,\"name\":\"Vacuom\u00e8tre RSU-V sortie en tension\"}]},{\"@type\":\"WebSite\",\"@id\":\"https:\/\/www.challenge-agriculture.fr\/#website\",\"url\":\"https:\/\/www.challenge-agriculture.fr\/\",\"name\":\"Challenge Agriculture\",\"description\":\"\",\"publisher\":{\"@id\":\"https:\/\/www.challenge-agriculture.fr\/#organization\"},\"potentialAction\":[{\"@type\":\"SearchAction\",\"target\":{\"@type\":\"EntryPoint\",\"urlTemplate\":\"https:\/\/www.challenge-agriculture.fr\/?s={search_term_string}\"},\"query-input\":{\"@type\":\"PropertyValueSpecification\",\"valueRequired\":true,\"valueName\":\"search_term_string\"}}],\"inLanguage\":\"es\"},{\"@type\":\"Organization\",\"@id\":\"https:\/\/www.challenge-agriculture.fr\/#organization\",\"name\":\"Challenge Agriculture\",\"url\":\"https:\/\/www.challenge-agriculture.fr\/\",\"logo\":{\"@type\":\"ImageObject\",\"inLanguage\":\"es\",\"@id\":\"https:\/\/www.challenge-agriculture.fr\/#\/schema\/logo\/image\/\",\"url\":\"https:\/\/www.challenge-agriculture.fr\/wp-content\/uploads\/2020\/02\/logo-doc.png\",\"contentUrl\":\"https:\/\/www.challenge-agriculture.fr\/wp-content\/uploads\/2020\/02\/logo-doc.png\",\"width\":1497,\"height\":355,\"caption\":\"Challenge Agriculture\"},\"image\":{\"@id\":\"https:\/\/www.challenge-agriculture.fr\/#\/schema\/logo\/image\/\"}}]}<\/script>\n<!-- \/ Yoast SEO plugin. -->","yoast_head_json":{"title":"Description du RSU-V sortie en tension - Challenge agriculture","description":"Toutes les caract\u00e9ristiques techniques du vacuom\u00e8tre Irrometer RSU-V sortie en tension, produit distribu\u00e9 par Challenge agriculture.","robots":{"index":"index","follow":"follow","max-snippet":"max-snippet:-1","max-image-preview":"max-image-preview:large","max-video-preview":"max-video-preview:-1"},"canonical":"https:\/\/www.challenge-agriculture.fr\/produit\/non-classe\/rsu-v-sortie-en-tension\/","og_locale":"fr_FR","og_type":"article","og_title":"Description du RSU-V sortie en tension - Challenge agriculture","og_description":"Toutes les caract\u00e9ristiques techniques du vacuom\u00e8tre Irrometer RSU-V sortie en tension, produit distribu\u00e9 par Challenge agriculture.","og_url":"https:\/\/www.challenge-agriculture.fr\/produit\/non-classe\/rsu-v-sortie-en-tension\/","og_site_name":"Challenge Agriculture","article_modified_time":"2025-09-24T14:47:34+00:00","og_image":[{"width":512,"height":512,"url":"https:\/\/www.challenge-agriculture.fr\/wp-content\/uploads\/2021\/04\/favicon.png","type":"image\/png"}],"twitter_card":"summary_large_image","twitter_misc":{"Tiempo de lectura":"2 minutos"},"schema":{"@context":"https:\/\/schema.org","@graph":[{"@type":"WebPage","@id":"https:\/\/www.challenge-agriculture.fr\/produit\/non-classe\/rsu-v-sortie-en-tension\/","url":"https:\/\/www.challenge-agriculture.fr\/produit\/non-classe\/rsu-v-sortie-en-tension\/","name":"Description du RSU-V sortie en tension - Challenge agriculture","isPartOf":{"@id":"https:\/\/www.challenge-agriculture.fr\/#website"},"datePublished":"2019-01-04T10:10:36+00:00","dateModified":"2025-09-24T14:47:34+00:00","description":"Toutes les caract\u00e9ristiques techniques du vacuom\u00e8tre Irrometer RSU-V sortie en tension, produit distribu\u00e9 par Challenge agriculture.","breadcrumb":{"@id":"https:\/\/www.challenge-agriculture.fr\/produit\/non-classe\/rsu-v-sortie-en-tension\/#breadcrumb"},"inLanguage":"es","potentialAction":[{"@type":"ReadAction","target":["https:\/\/www.challenge-agriculture.fr\/produit\/non-classe\/rsu-v-sortie-en-tension\/"]}]},{"@type":"BreadcrumbList","@id":"https:\/\/www.challenge-agriculture.fr\/produit\/non-classe\/rsu-v-sortie-en-tension\/#breadcrumb","itemListElement":[{"@type":"ListItem","position":1,"name":"Home","item":"https:\/\/www.challenge-agriculture.fr\/es\/"},{"@type":"ListItem","position":2,"name":"Boutique","item":"https:\/\/www.challenge-agriculture.fr\/la-boutique\/"},{"@type":"ListItem","position":3,"name":"Vacuom\u00e8tre RSU-V sortie en tension"}]},{"@type":"WebSite","@id":"https:\/\/www.challenge-agriculture.fr\/#website","url":"https:\/\/www.challenge-agriculture.fr\/","name":"Challenge Agriculture","description":"","publisher":{"@id":"https:\/\/www.challenge-agriculture.fr\/#organization"},"potentialAction":[{"@type":"SearchAction","target":{"@type":"EntryPoint","urlTemplate":"https:\/\/www.challenge-agriculture.fr\/?s={search_term_string}"},"query-input":{"@type":"PropertyValueSpecification","valueRequired":true,"valueName":"search_term_string"}}],"inLanguage":"es"},{"@type":"Organization","@id":"https:\/\/www.challenge-agriculture.fr\/#organization","name":"Challenge Agriculture","url":"https:\/\/www.challenge-agriculture.fr\/","logo":{"@type":"ImageObject","inLanguage":"es","@id":"https:\/\/www.challenge-agriculture.fr\/#\/schema\/logo\/image\/","url":"https:\/\/www.challenge-agriculture.fr\/wp-content\/uploads\/2020\/02\/logo-doc.png","contentUrl":"https:\/\/www.challenge-agriculture.fr\/wp-content\/uploads\/2020\/02\/logo-doc.png","width":1497,"height":355,"caption":"Challenge Agriculture"},"image":{"@id":"https:\/\/www.challenge-agriculture.fr\/#\/schema\/logo\/image\/"}}]}},"_links":{"self":[{"href":"https:\/\/www.challenge-agriculture.fr\/es\/wp-json\/wp\/v2\/product\/5549","targetHints":{"allow":["GET"]}}],"collection":[{"href":"https:\/\/www.challenge-agriculture.fr\/es\/wp-json\/wp\/v2\/product"}],"about":[{"href":"https:\/\/www.challenge-agriculture.fr\/es\/wp-json\/wp\/v2\/types\/product"}],"version-history":[{"count":7,"href":"https:\/\/www.challenge-agriculture.fr\/es\/wp-json\/wp\/v2\/product\/5549\/revisions"}],"predecessor-version":[{"id":32675,"href":"https:\/\/www.challenge-agriculture.fr\/es\/wp-json\/wp\/v2\/product\/5549\/revisions\/32675"}],"wp:attachment":[{"href":"https:\/\/www.challenge-agriculture.fr\/es\/wp-json\/wp\/v2\/media?parent=5549"}],"wp:term":[{"taxonomy":"product_brand","embeddable":true,"href":"https:\/\/www.challenge-agriculture.fr\/es\/wp-json\/wp\/v2\/product_brand?post=5549"},{"taxonomy":"product_cat","embeddable":true,"href":"https:\/\/www.challenge-agriculture.fr\/es\/wp-json\/wp\/v2\/product_cat?post=5549"},{"taxonomy":"product_tag","embeddable":true,"href":"https:\/\/www.challenge-agriculture.fr\/es\/wp-json\/wp\/v2\/product_tag?post=5549"}],"curies":[{"name":"wp","href":"https:\/\/api.w.org\/{rel}","templated":true}]}}